{"id":10129,"date":"2023-08-27T18:01:35","date_gmt":"2023-08-27T18:01:35","guid":{"rendered":"https:\/\/www.equilac.com\/kan-man-lave-ost-af-hestemaelk\/"},"modified":"2023-09-13T14:42:14","modified_gmt":"2023-09-13T14:42:14","slug":"kan-man-lave-ost-af-hestemaelk","status":"publish","type":"page","link":"https:\/\/www.equilac.com\/da\/kan-man-lave-ost-af-hestemaelk\/","title":{"rendered":"Kan man lave ost af hestem\u00e6lk?"},"content":{"rendered":"<p>Hestem\u00e6lksost er et sj\u00e6ldent og dyrt produkt p\u00e5 grund af hestem\u00e6lks lavere fedt- og kaseinindhold. Det kr\u00e6ver op til 20 liter hestem\u00e6lk at producere kun \u00e9t kilo ost.<\/p>\n<p>I betragtning af prisen p\u00e5 hestem\u00e6lk g\u00f8r dette osten ekstremt dyr. Desuden mister den varmeintensive ostefremstillingsproces de sundhedsm\u00e6ssige fordele, der almindeligvis tilskrives hestem\u00e6lk. Derfor tilr\u00e5des det at reservere det begr\u00e6nsede udbud af hestem\u00e6lk til sundhedsorienteret brug.<\/p>\n<p>Hestem\u00e6lk er sv\u00e6r at omdanne til ost, fordi den er fedtfattig. Mens kom\u00e6lk og gedem\u00e6lk har fire gange mere fedt, og b\u00f8ffel- og f\u00e5rem\u00e6lk har syv gange mere fedt, sakker hestem\u00e6lk markant bagud. Dette f\u00f8rer til et lavt udbytte af ost. Det tager i gennemsnit 10 liter kom\u00e6lk eller 7 liter f\u00e5rem\u00e6lk at lave \u00e9t kilo ost.<\/p>\n<p>Derudover indeholder hoppem\u00e6lk mindre protein end ko-, gede- og f\u00e5rem\u00e6lk. Den har kun 13 gram kasein pr. liter, et protein, der er afg\u00f8rende for ostefremstilling, sammenlignet med 25 gram i kom\u00e6lk og gedem\u00e6lk, 35 gram i b\u00f8ffelm\u00e6lk og 45 gram i f\u00e5rem\u00e6lk.<\/p>\n<p>P\u00e5 grund af disse begr\u00e6nsninger betragtes ost fremstillet af hoppem\u00e6lk som eksklusiv og luksuri\u00f8s. P\u00e5 trods af dens knaphed og kompleksiteten i produktionen, er nogle g\u00e5rde specialiseret i fremstilling af hestem\u00e6lksost.<\/p>\n<p>Mens hestem\u00e6lk har forskellige sundhedsm\u00e6ssige fordele, er det en udfordring at omdanne den til ost og resulterer i at miste disse gavnlige egenskaber. Sammen med dens h\u00f8je omkostninger og den betydelige m\u00e6ngde m\u00e6lk, der er n\u00f8dvendig for et lille udbytte, er hestem\u00e6lksost stadig en sj\u00e6ldenhed.<\/p>\n","protected":false},"excerpt":{"rendered":"<p>Hestem\u00e6lksost er et sj\u00e6ldent og dyrt produkt p\u00e5 grund af hestem\u00e6lks lavere fedt- og kaseinindhold. Det kr\u00e6ver op til 20 liter hestem\u00e6lk at producere kun \u00e9t kilo ost. I betragtning af prisen p\u00e5 hestem\u00e6lk g\u00f8r dette osten ekstremt dyr. Desuden mister den varmeintensive ostefremstillingsproces de sundhedsm\u00e6ssige fordele, der almindeligvis tilskrives hestem\u00e6lk. Derfor tilr\u00e5des det at [&hellip;]<\/p>\n","protected":false},"author":1,"featured_media":10136,"parent":0,"menu_order":0,"comment_status":"closed","ping_status":"closed","template":"","meta":{"_uf_show_specific_survey":0,"_uf_disable_surveys":false,"footnotes":""},"categories":[172],"tags":[181],"class_list":["post-10129","page","type-page","status-publish","has-post-thumbnail","hentry","category-hoppemaelk","tag-related-da"],"jetpack_sharing_enabled":true,"_links":{"self":[{"href":"https:\/\/www.equilac.com\/da\/wp-json\/wp\/v2\/pages\/10129","targetHints":{"allow":["GET"]}}],"collection":[{"href":"https:\/\/www.equilac.com\/da\/wp-json\/wp\/v2\/pages"}],"about":[{"href":"https:\/\/www.equilac.com\/da\/wp-json\/wp\/v2\/types\/page"}],"author":[{"embeddable":true,"href":"https:\/\/www.equilac.com\/da\/wp-json\/wp\/v2\/users\/1"}],"replies":[{"embeddable":true,"href":"https:\/\/www.equilac.com\/da\/wp-json\/wp\/v2\/comments?post=10129"}],"version-history":[{"count":0,"href":"https:\/\/www.equilac.com\/da\/wp-json\/wp\/v2\/pages\/10129\/revisions"}],"wp:featuredmedia":[{"embeddable":true,"href":"https:\/\/www.equilac.com\/da\/wp-json\/wp\/v2\/media\/10136"}],"wp:attachment":[{"href":"https:\/\/www.equilac.com\/da\/wp-json\/wp\/v2\/media?parent=10129"}],"wp:term":[{"taxonomy":"category","embeddable":true,"href":"https:\/\/www.equilac.com\/da\/wp-json\/wp\/v2\/categories?post=10129"},{"taxonomy":"post_tag","embeddable":true,"href":"https:\/\/www.equilac.com\/da\/wp-json\/wp\/v2\/tags?post=10129"}],"curies":[{"name":"wp","href":"https:\/\/api.w.org\/{rel}","templated":true}]}}