{"id":10283,"date":"2023-08-28T16:35:38","date_gmt":"2023-08-28T16:35:38","guid":{"rendered":"https:\/\/www.equilac.com\/hvad-koster-hestemaelk\/"},"modified":"2023-09-07T08:20:22","modified_gmt":"2023-09-07T08:20:22","slug":"hvad-koster-hestemaelk","status":"publish","type":"page","link":"https:\/\/www.equilac.com\/da\/hvad-koster-hestemaelk\/","title":{"rendered":"Hvad koster hestem\u00e6lk?"},"content":{"rendered":"<p>P\u00e5 grund af kompleksiteten af produktionsprocessen og det begr\u00e6nsede udbud er prisen for r\u00e5 hestem\u00e6lk dyr sammenlignet med andre typer m\u00e6lk.<\/p>\n<p>Den gennemsnitlige pris p\u00e5 hestem\u00e6lk (r\u00e5, frossen og kapsler) er:<\/p>\n<table border=\"1\">\n<thead>\n<tr>\n<th>Produkt<\/th>\n<th>Pris\/Liter<\/th>\n<th>Pris\/Dag<\/th>\n<th>Pris\/M\u00e5ned<\/th>\n<\/tr>\n<\/thead>\n<tbody>\n<tr>\n<td>R\u00e5 hestem\u00e6lk<\/td>\n<td>\u20ac10<\/td>\n<td>\u20ac2,5 (250 ml\/dag)<\/td>\n<td>\u20ac75<\/td>\n<\/tr>\n<tr>\n<td>Frossen hestem\u00e6lk<\/td>\n<td>\u20ac10<\/td>\n<td>\u20ac2,5 (250 ml\/dag)<\/td>\n<td>\u20ac75<\/td>\n<\/tr>\n<tr>\n<td>Hestem\u00e6lk kapsler<\/td>\n<td>&#8211;<\/td>\n<td>\u20ac1,33 (2 kapsler\/dag)<\/td>\n<td>\u20ac40<\/td>\n<\/tr>\n<\/tbody>\n<\/table>\n<p>&nbsp;<\/p>\n<p>&nbsp;<\/p>\n","protected":false},"excerpt":{"rendered":"<p>P\u00e5 grund af kompleksiteten af produktionsprocessen og det begr\u00e6nsede udbud er prisen for r\u00e5 hestem\u00e6lk dyr sammenlignet med andre typer m\u00e6lk. Den gennemsnitlige pris p\u00e5 hestem\u00e6lk (r\u00e5, frossen og kapsler) er: Produkt Pris\/Liter Pris\/Dag Pris\/M\u00e5ned R\u00e5 hestem\u00e6lk \u20ac10 \u20ac2,5 (250 ml\/dag) \u20ac75 Frossen hestem\u00e6lk \u20ac10 \u20ac2,5 (250 ml\/dag) \u20ac75 Hestem\u00e6lk kapsler &#8211; \u20ac1,33 (2 kapsler\/dag) [&hellip;]<\/p>\n","protected":false},"author":1,"featured_media":0,"parent":0,"menu_order":0,"comment_status":"closed","ping_status":"closed","template":"","meta":{"_uf_show_specific_survey":0,"_uf_disable_surveys":false,"footnotes":""},"categories":[229],"tags":[],"class_list":["post-10283","page","type-page","status-publish","hentry","category-informatie"],"jetpack_sharing_enabled":true,"_links":{"self":[{"href":"https:\/\/www.equilac.com\/da\/wp-json\/wp\/v2\/pages\/10283","targetHints":{"allow":["GET"]}}],"collection":[{"href":"https:\/\/www.equilac.com\/da\/wp-json\/wp\/v2\/pages"}],"about":[{"href":"https:\/\/www.equilac.com\/da\/wp-json\/wp\/v2\/types\/page"}],"author":[{"embeddable":true,"href":"https:\/\/www.equilac.com\/da\/wp-json\/wp\/v2\/users\/1"}],"replies":[{"embeddable":true,"href":"https:\/\/www.equilac.com\/da\/wp-json\/wp\/v2\/comments?post=10283"}],"version-history":[{"count":0,"href":"https:\/\/www.equilac.com\/da\/wp-json\/wp\/v2\/pages\/10283\/revisions"}],"wp:attachment":[{"href":"https:\/\/www.equilac.com\/da\/wp-json\/wp\/v2\/media?parent=10283"}],"wp:term":[{"taxonomy":"category","embeddable":true,"href":"https:\/\/www.equilac.com\/da\/wp-json\/wp\/v2\/categories?post=10283"},{"taxonomy":"post_tag","embeddable":true,"href":"https:\/\/www.equilac.com\/da\/wp-json\/wp\/v2\/tags?post=10283"}],"curies":[{"name":"wp","href":"https:\/\/api.w.org\/{rel}","templated":true}]}}