{"id":11634,"date":"2023-09-18T13:53:19","date_gmt":"2023-09-18T13:53:19","guid":{"rendered":"https:\/\/www.equilac.com\/hestemaelkscreme-til-toer-og-foelsom-hud\/"},"modified":"2023-09-29T16:46:44","modified_gmt":"2023-09-29T16:46:44","slug":"hestemaelkscreme-til-toer-og-foelsom-hud","status":"publish","type":"page","link":"https:\/\/www.equilac.com\/da\/hestemaelkscreme-til-toer-og-foelsom-hud\/","title":{"rendered":"Hestem\u00e6lkscreme til t\u00f8r og f\u00f8lsom hud"},"content":{"rendered":"\n<p>Hestem\u00e6lkscreme er et naturligt <a href=\"https:\/\/www.equilac.com\/da\/hudplejeprodukter-baseret-paa-hestemaelk\/\" data-type=\"page\" data-id=\"12262\">hudplejeprodukt baseret p\u00e5 hestem\u00e6lk<\/a>. Det er en effektiv l\u00f8sning til lindring af psoriasis, eksem, akne, t\u00f8r hud og f\u00f8lsom hud.<\/p>\n\n\n\n<p>Cremer baseret p\u00e5 hestem\u00e6lk er tilg\u00e6ngelige i forskellige varianter, herunder dagcreme, natcreme, h\u00e5ndcreme og bodylotion. De er egnede til b\u00e5de t\u00f8r og fedtet hud og kan anvendes p\u00e5 ansigtet, albuerne, kn\u00e6ene og andre omr\u00e5der, der er f\u00f8lsomme over for udt\u00f8rring eller irritation. Disse cremer underst\u00f8tter hudens naturlige genopretnings evne.<\/p>\n\n\n\n<p>Dagcremen er velegnet til almindelig brug og kan p\u00e5f\u00f8res om morgenen. Den er perfekt til sensitiv, t\u00f8r eller revnet hud og tilbyder ekstra lindring i koldt vejr. Natcremen n\u00e6rer din hud, mens du sover, og absorberes hurtigt ind i huden uden at p\u00e5virke det naturlige lag. H\u00e5ndcremen absorberes hurtigt og er ideel for personer med hudproblemer p\u00e5 h\u00e6nderne.<\/p>\n\n\n\n<p>Lavet af 100% naturlig hestem\u00e6lk indeholder disse cremer ingen skadelige parabener. De er pH-neutrale, hvilket opretholder hudens naturlige pH-balance, minimerer risikoen for udt\u00f8rring og g\u00f8r huden egnet til alle hudtyper.<\/p>\n\n\n\n<p>Fri for parabener og andre skadelige kemikalier er holdbarheden af disse hestem\u00e6lksprodukter sikret ved naturlige, \u00f8kologiske ingredienser. De er ideelle til daglig brug, st\u00f8tter hudens naturlige helingsproces og kan bruges som creme eller salve.<\/p>\n\n\n\n<p>Hestem\u00e6lkscreme vil g\u00f8re din hud bl\u00f8d, sund og smuk. Den er kun til ekstern brug og er is\u00e6r egnet til t\u00f8r og sensitiv hud. For yderligere h\u00e5rpleje kan <a href=\"https:\/\/www.equilac.com\/da\/hestemaelkshampoo-til-sundt-haar\/\" data-type=\"page\" data-id=\"11921\">hestem\u00e6lkshampoo<\/a> til sundt h\u00e5r og <a href=\"https:\/\/www.equilac.com\/da\/hestemaelkssaebe-for-bloed-hud\/\" data-type=\"page\" data-id=\"12204\">hestem\u00e6lks\u00e6be<\/a> til bl\u00f8d hud overvejes.<\/p>\n","protected":false},"excerpt":{"rendered":"<p>Hestem\u00e6lkscreme er et naturligt hudplejeprodukt baseret p\u00e5 hestem\u00e6lk. Det er en effektiv l\u00f8sning til lindring af psoriasis, eksem, akne, t\u00f8r hud og f\u00f8lsom hud. Cremer baseret p\u00e5 hestem\u00e6lk er tilg\u00e6ngelige i forskellige varianter, herunder dagcreme, natcreme, h\u00e5ndcreme og bodylotion. De er egnede til b\u00e5de t\u00f8r og fedtet hud og kan anvendes p\u00e5 ansigtet, albuerne, kn\u00e6ene [&hellip;]<\/p>\n","protected":false},"author":1,"featured_media":11615,"parent":0,"menu_order":0,"comment_status":"closed","ping_status":"closed","template":"","meta":{"_uf_show_specific_survey":0,"_uf_disable_surveys":false,"footnotes":""},"categories":[172,140],"tags":[181],"class_list":["post-11634","page","type-page","status-publish","has-post-thumbnail","hentry","category-hoppemaelk","category-horse-milk","tag-related-da"],"jetpack_sharing_enabled":true,"_links":{"self":[{"href":"https:\/\/www.equilac.com\/da\/wp-json\/wp\/v2\/pages\/11634","targetHints":{"allow":["GET"]}}],"collection":[{"href":"https:\/\/www.equilac.com\/da\/wp-json\/wp\/v2\/pages"}],"about":[{"href":"https:\/\/www.equilac.com\/da\/wp-json\/wp\/v2\/types\/page"}],"author":[{"embeddable":true,"href":"https:\/\/www.equilac.com\/da\/wp-json\/wp\/v2\/users\/1"}],"replies":[{"embeddable":true,"href":"https:\/\/www.equilac.com\/da\/wp-json\/wp\/v2\/comments?post=11634"}],"version-history":[{"count":2,"href":"https:\/\/www.equilac.com\/da\/wp-json\/wp\/v2\/pages\/11634\/revisions"}],"predecessor-version":[{"id":12750,"href":"https:\/\/www.equilac.com\/da\/wp-json\/wp\/v2\/pages\/11634\/revisions\/12750"}],"wp:featuredmedia":[{"embeddable":true,"href":"https:\/\/www.equilac.com\/da\/wp-json\/wp\/v2\/media\/11615"}],"wp:attachment":[{"href":"https:\/\/www.equilac.com\/da\/wp-json\/wp\/v2\/media?parent=11634"}],"wp:term":[{"taxonomy":"category","embeddable":true,"href":"https:\/\/www.equilac.com\/da\/wp-json\/wp\/v2\/categories?post=11634"},{"taxonomy":"post_tag","embeddable":true,"href":"https:\/\/www.equilac.com\/da\/wp-json\/wp\/v2\/tags?post=11634"}],"curies":[{"name":"wp","href":"https:\/\/api.w.org\/{rel}","templated":true}]}}