{"id":11680,"date":"2023-09-18T15:45:24","date_gmt":"2023-09-18T15:45:24","guid":{"rendered":"https:\/\/www.equilac.com\/hvad-er-fermenteret-hestemaelk-eller-kumis\/"},"modified":"2023-09-28T10:51:27","modified_gmt":"2023-09-28T10:51:27","slug":"hvad-er-fermenteret-hestemaelk-eller-kumis","status":"publish","type":"page","link":"https:\/\/www.equilac.com\/da\/hvad-er-fermenteret-hestemaelk-eller-kumis\/","title":{"rendered":"Hvad er fermenteret hestem\u00e6lk eller kumis?"},"content":{"rendered":"\n<p>Fermenteret hestem\u00e6lk, kendt som kumis eller airag i Mongoliet, er en traditionel mejeridrik lavet af hestem\u00e6lk. Det er en mildt alkoholholdig drik popul\u00e6r i Centralasien, is\u00e6r i Mongoliet, Kasakhstan og Kirgisistan. At lave kumis involverer fermentering af r\u00e5, upasteuriseret hestem\u00e6lk ved hj\u00e6lp af specifikke m\u00e6lkesyrebakterier og g\u00e6r.<\/p>\n\n<p>Oprindelsen af kumis sporer tilbage til nomadiske kulturer i Centralasien. Disse samfund stolede prim\u00e6rt p\u00e5 deres husdyr til n\u00e6ring og fandt ud af, at fermentering af hestem\u00e6lk forl\u00e6ngede dens holdbarhed. Med tiden blev kumis en integreret del af forskellige centralasiatiske di\u00e6ter og ceremonier. I Mongoliet er det ogs\u00e5 kendt som airag og indtages traditionelt under sociale sammenkomster og s\u00e6rlige lejligheder.<\/p>\n\n<p>En af de unikke egenskaber ved kumis er dens alkoholindhold. Mens alkoholniveauet er relativt lavt, fra 0,5 % til 2,5 %, er det nok til at bevare m\u00e6lken og give den en tydelig smag. Fermentering producerer ogs\u00e5 gavnlige n\u00e6ringsstoffer, herunder probiotika, som kan hj\u00e6lpe ford\u00f8jelsen og booste immunsystemet.<\/p>\n\n<p>Med hensyn til n\u00e6ringsv\u00e6rdi er kumis rig p\u00e5 vitaminer og mineraler, is\u00e6r B-vitaminer og calcium. Drikken er desuden laktosefri, hvilket g\u00f8r den mere ford\u00f8jelig for personer, der er laktoseintolerante. Mange h\u00e6vder, at kumis har sundhedsm\u00e6ssige fordele, s\u00e5som at hj\u00e6lpe ford\u00f8jelsen og \u00f8ge energiniveauet, selvom videnskabelige unders\u00f8gelser er begr\u00e6nsede p\u00e5 dette omr\u00e5de.<\/p>\n\n<p>I dag vinder kumis international anerkendelse og bliver endda produceret i lande uden for Centralasien. Med sin unikke smag og potentielle sundhedsm\u00e6ssige fordele er kumis mere end blot et kulturelt levn; det er et fascinerende eksempel p\u00e5, hvordan traditionel mad og drikke kan tilpasse sig og trives i den moderne verden. Uanset om det indtages for sin smag, ern\u00e6ringsm\u00e6ssige v\u00e6rdi eller kulturelle betydning, er kumis stadig en elsket drik for mange mennesker rundt om i verden.<\/p>\n","protected":false},"excerpt":{"rendered":"<p>Fermenteret hestem\u00e6lk, kendt som kumis eller airag i Mongoliet, er en traditionel mejeridrik lavet af hestem\u00e6lk. Det er en mildt alkoholholdig drik popul\u00e6r i Centralasien, is\u00e6r i Mongoliet, Kasakhstan og Kirgisistan. At lave kumis involverer fermentering af r\u00e5, upasteuriseret hestem\u00e6lk ved hj\u00e6lp af specifikke m\u00e6lkesyrebakterier og g\u00e6r. Oprindelsen af kumis sporer tilbage til nomadiske kulturer [&hellip;]<\/p>\n","protected":false},"author":1,"featured_media":11661,"parent":0,"menu_order":0,"comment_status":"closed","ping_status":"closed","template":"","meta":{"_uf_show_specific_survey":0,"_uf_disable_surveys":false,"footnotes":""},"categories":[172],"tags":[181],"class_list":["post-11680","page","type-page","status-publish","has-post-thumbnail","hentry","category-hoppemaelk","tag-related-da"],"jetpack_sharing_enabled":true,"_links":{"self":[{"href":"https:\/\/www.equilac.com\/da\/wp-json\/wp\/v2\/pages\/11680","targetHints":{"allow":["GET"]}}],"collection":[{"href":"https:\/\/www.equilac.com\/da\/wp-json\/wp\/v2\/pages"}],"about":[{"href":"https:\/\/www.equilac.com\/da\/wp-json\/wp\/v2\/types\/page"}],"author":[{"embeddable":true,"href":"https:\/\/www.equilac.com\/da\/wp-json\/wp\/v2\/users\/1"}],"replies":[{"embeddable":true,"href":"https:\/\/www.equilac.com\/da\/wp-json\/wp\/v2\/comments?post=11680"}],"version-history":[{"count":1,"href":"https:\/\/www.equilac.com\/da\/wp-json\/wp\/v2\/pages\/11680\/revisions"}],"predecessor-version":[{"id":12531,"href":"https:\/\/www.equilac.com\/da\/wp-json\/wp\/v2\/pages\/11680\/revisions\/12531"}],"wp:featuredmedia":[{"embeddable":true,"href":"https:\/\/www.equilac.com\/da\/wp-json\/wp\/v2\/media\/11661"}],"wp:attachment":[{"href":"https:\/\/www.equilac.com\/da\/wp-json\/wp\/v2\/media?parent=11680"}],"wp:term":[{"taxonomy":"category","embeddable":true,"href":"https:\/\/www.equilac.com\/da\/wp-json\/wp\/v2\/categories?post=11680"},{"taxonomy":"post_tag","embeddable":true,"href":"https:\/\/www.equilac.com\/da\/wp-json\/wp\/v2\/tags?post=11680"}],"curies":[{"name":"wp","href":"https:\/\/api.w.org\/{rel}","templated":true}]}}