{"id":11729,"date":"2023-09-19T16:05:31","date_gmt":"2023-09-19T16:05:31","guid":{"rendered":"https:\/\/www.equilac.com\/hvad-er-hestemaelk\/"},"modified":"2023-10-12T19:14:30","modified_gmt":"2023-10-12T19:14:30","slug":"hestemaelk","status":"publish","type":"page","link":"https:\/\/www.equilac.com\/da\/hestemaelk\/","title":{"rendered":"Hestem\u00e6lk: alt hvad du skal vide om hoppem\u00e6lk"},"content":{"rendered":"\n<p>Hestem\u00e6lk, ogs\u00e5 kaldet hoppem\u00e6lk eller equine m\u00e6lk, er blevet brugt i \u00e5rhundreder som en ern\u00e6ringsrig drik og, mere nyligt, som et kosttilskud, der kan hj\u00e6lpe med mange sundhedsproblemer.<\/p>\n\n\n\n<p><strong>Hos Equilac\u00ae, har vi opsummeret de vigtigste fakta om hestem\u00e6lk.<\/strong><\/p>\n\n\n\n<div class=\"wp-block-rank-math-toc-block\" id=\"rank-math-toc\"><nav><ul><li class=\"\"><a href=\"#historien-om-hestemaelk\">Historien om hestem\u00e6lk<\/a><\/li><li class=\"\"><a href=\"#hestemaelk-i-dag\">Hestem\u00e6lk i dag<\/a><\/li><li class=\"\"><a href=\"#sammensaetningen-af-hestemaelk\">Sammens\u00e6tningen af hestem\u00e6lk<\/a><\/li><li class=\"\"><a href=\"#sundhedsfordele-ved-hestemaelk\">Sundhedsfordele ved hestem\u00e6lk<\/a><ul><li class=\"\"><a href=\"#1-hestemaelk-og-hudproblemer\">1. Hestem\u00e6lk og hudproblemer<\/a><\/li><li class=\"\"><a href=\"#2-hestemaelk-og-immunsystemet\">2. Hestem\u00e6lk og immunsystemet<\/a><\/li><li class=\"\"><a href=\"#3-hestemaelk-og-tarmflora\">3. Hestem\u00e6lk og tarmflora<\/a><\/li><li class=\"\"><a href=\"#4-hestemaelk-mod-allergier\">4. Hestem\u00e6lk mod allergier<\/a><\/li><\/ul><\/li><li class=\"\"><a href=\"#produkter-fra-hestemaelk\">Produkter fra hestem\u00e6lk<\/a><ul><li class=\"\"><a href=\"#1-frisk-eller-frossen-hestemaelk\">1. Frisk eller frossen hestem\u00e6lk<\/a><\/li><li class=\"\"><a href=\"#2-fermenteret-hestemaelk-eller-kumis\">2. Fermenteret hestem\u00e6lk eller kumis<\/a><\/li><li class=\"\"><a href=\"#3-hestemaelk-i-kapsler\">3. Hestem\u00e6lk i kapsler<\/a><\/li><li class=\"\"><a href=\"#4-hestemaelkspulver\">4. Hestem\u00e6lkspulver<\/a><\/li><li class=\"\"><a href=\"#5-kosmetik-med-hestemaelk\">5. Kosmetik med hestem\u00e6lk<\/a><\/li><li class=\"\"><a href=\"#6-hestemaelksost\">6. Hestem\u00e6lksost<\/a><\/li><\/ul><\/li><li class=\"\"><a href=\"#produktion-af-hestemaelk\">Produktion af hestem\u00e6lk<\/a><\/li><li class=\"\"><a href=\"#hestemaelk-til-kaeledyr\">Hestem\u00e6lk til k\u00e6ledyr<\/a><\/li><li class=\"\"><a href=\"#pris-pa-hestemaelk\">Pris p\u00e5 hestem\u00e6lk<\/a><\/li><\/ul><\/nav><\/div>\n\n\n\n<h2 class=\"wp-block-heading\" id=\"historien-om-hestemaelk\">Historien om hestem\u00e6lk<\/h2>\n\n\n\n<p>Med en historie p\u00e5 mere end 2.000 \u00e5r, har hoppem\u00e6lk haft en m\u00e6rkbar indvirkning p\u00e5 sundhed og trivsel for mange mennesker i historien. <a href=\"https:\/\/www.equilac.com\/da\/historien-om-hestemaelk\/\">Oprindelsen af hestem\u00e6lk<\/a> g\u00e5r tilbage til de gamle gr\u00e6kere. De troede, at amazonerne, en legendarisk stamme af kvindelige krigere, ammede deres b\u00f8rn med hoppem\u00e6lk.<\/p>\n\n\n\n<p>Den egyptiske dronning Cleopatra badede i sur \u00e6selm\u00e6lk for at reducere rynker og bevare sin ungdommelige sk\u00f8nhed. Den sure m\u00e6lk fungerer som en mild peeling, der fjerner d\u00f8de hudceller og afsl\u00f8rer glattere, gl\u00f8dende hud nedenunder. <\/p>\n\n\n\n<p>Midt i det 19. \u00e5rhundrede anbefalede russiske l\u00e6ger fermenteret hoppem\u00e6lk som behandling for tuberkulose. Selvom effektiviteten af denne behandling ikke er kendt, var russiske forfattere som Leo Tolstoj og Anton Tjekhov tilh\u00e6ngere af hestem\u00e6lk som n\u00f8glen til forbedret sundhed.<\/p>\n\n\n\n<h2 class=\"wp-block-heading\" id=\"hestemaelk-i-dag\">Hestem\u00e6lk i dag<\/h2>\n\n\n\n<p>I 1990&#8217;erne blev hestem\u00e6lk mere kendt i Europa, is\u00e6r i lande som Tyskland, Belgien, Holland og Frankrig, hvor hestemejerier tilb\u00f8d frisk eller frossen hestem\u00e6lk til brugere med sundhedsproblemer.<\/p>\n\n\n\n<p>I 1999 var vores Equilac\u00ae hestemejeri det f\u00f8rste til at producere hoppem\u00e6lk i kapsler, hvilket gjorde hestem\u00e6lk tilg\u00e6ngelig for alle gennem apoteker.<\/p>\n\n\n\n<h2 class=\"wp-block-heading\" id=\"sammensaetningen-af-hestemaelk\"><a href=\"https:\/\/www.equilac.com\/da\/hoppemaelk\/sammensaetning\/\">Sammens\u00e6tningen af hestem\u00e6lk<\/a><\/h2>\n\n\n\n<p>N\u00e6ringsv\u00e6rdi af hestem\u00e6lk er meget t\u00e6t p\u00e5 moderm\u00e6lk. De velafbalancerede n\u00e6ringsstoffer i hestem\u00e6lk styrker immunsystemet og st\u00f8tter ford\u00f8jelsessystemet og tarmfloraen. Forskellige sundhedsproblemer kan opst\u00e5, n\u00e5r disse er sv\u00e6kkede.<\/p>\n\n\n\n<p>En v\u00e6sentlig ingrediens i hestem\u00e6lk er <a href=\"https:\/\/www.equilac.com\/da\/lactoferrin\/\" data-type=\"page\" data-id=\"2537\">lactoferrin<\/a>, et antiinflammatorisk protein, der ogs\u00e5 kan findes i moderm\u00e6lk og r\u00e5m\u00e6lk. En <a href=\"https:\/\/link.springer.com\/article\/10.1007\/s00217-014-2299-4\" target=\"_blank\" rel=\"noreferrer noopener nofollow\">europ\u00e6isk f\u00f8devareforsknings- og teknologistudie<\/a> viser, at lactoferrin, lysozym og calcium arbejder sammen som et antiinflammatorisk, anti-svamp og antibakterielt stof. De er nyttige for dem med autoimmune lidelser relateret til hud, allergier og andre sundhedsproblemer.<\/p>\n\n\n\n<h2 class=\"wp-block-heading\" id=\"sundhedsfordele-ved-hestemaelk\"><a href=\"https:\/\/www.equilac.com\/da\/hoppemaelk\/sundhed\/\">Sundhedsfordele ved hestem\u00e6lk<\/a><\/h2>\n\n\n\n<p>Hestem\u00e6lk tilbyder mange sundhedsfordele for dem, der tager Equilac\u00ae kapsler eller drikker frisk hestem\u00e6lk. Det kan v\u00e6re et naturligt middel til at lindre hudproblemer, styrke immunsystemet, forbedre tarmfloraen og hj\u00e6lpe mod allergier.<\/p>\n\n\n\n<p><strong>Hestem\u00e6lk anbefales for de f\u00f8lgende helbredsproblemer:<\/strong><\/p>\n\n\n\n<ul class=\"wp-block-list\">\n<li>Hudrelaterede autoimmune lidelser (psoriasis, <a href=\"https:\/\/www.equilac.com\/da\/hestemaelk-mod-eksem\/\" data-type=\"page\" data-id=\"6987\">eksem<\/a>, acne)<\/li>\n\n\n\n<li>Styrker det sv\u00e6kkede immunsystem<\/li>\n\n\n\n<li>Forbedrer ford\u00f8jelsessystemet og tarmfloraen<\/li>\n\n\n\n<li>Lindrer symptomer p\u00e5 Crohns sygdom<\/li>\n\n\n\n<li>Astma, <a href=\"https:\/\/www.equilac.com\/da\/hestemaelk-et-naturligt-middel-mod-hoefeber\/\" data-type=\"page\" data-id=\"12345\">h\u00f8feber<\/a> og andre respiratoriske lidelser<\/li>\n\n\n\n<li>Allergier eller f\u00f8lsomhed over for kom\u00e6lk<\/li>\n<\/ul>\n\n\n\n<p>Selvom alle de kendte fordele ved hestem\u00e6lk ikke er blevet grundigt unders\u00f8gt, indikerer eksisterende <a href=\"https:\/\/www.equilac.com\/da\/forskning-i-hestemaelk\/\">studier p\u00e5 hoppem\u00e6lk<\/a>, at det kan have betydelige fordele.<\/p>\n\n\n\n<h3 class=\"wp-block-heading\" id=\"1-hestemaelk-og-hudproblemer\">1. <a href=\"https:\/\/www.equilac.com\/da\/hoppemaelk\/sundhed\/hudproblemer\/\">Hestem\u00e6lk og hudproblemer<\/a><\/h3>\n\n\n\n<p>Hestem\u00e6lk lindrer hudproblemer indefra, ved kilden til hudproblemet, i stedet for kun at undertrykke de eksterne symptomer med topiske behandlinger som hydrokortison. Hestem\u00e6lk kan supplere andre (medicinske) behandlinger og hj\u00e6lpe med at h\u00e5ndtere symptomer p\u00e5 hudrelaterede autoimmune lidelser.<\/p>\n\n\n\n<p><strong>Hestem\u00e6lk har vist positive resultater i behandlingen af f\u00f8lgende hudproblemer:<\/strong><\/p>\n\n\n\n<ul class=\"wp-block-list\">\n<li><strong>Psoriasis:<\/strong> Hestem\u00e6lk kan v\u00e6re en alternativ behandling, is\u00e6r n\u00e5r traditionelle behandlinger ikke viser resultater. Den kan lindre psoriasis symptomer indefra, hj\u00e6lpe med at forhindre udbrud og give langvarig lindring fra psoriasis.<\/li>\n\n\n\n<li><strong>Eksem:<\/strong> Som en naturlig kur kan hestem\u00e6lk hj\u00e6lpe med at bek\u00e6mpe symptomer og \u00e5rsager til eksem indefra.<\/li>\n\n\n\n<li><strong>Acne:<\/strong> Hestem\u00e6lk kan hj\u00e6lpe med at bek\u00e6mpe acne indefra og ud, hvilket giver en omfattende tilgang til en klarere hud.<\/li>\n<\/ul>\n\n\n\n<h3 class=\"wp-block-heading\" id=\"2-hestemaelk-og-immunsystemet\">2. <a href=\"https:\/\/www.equilac.com\/da\/hoppemaelk\/sundhed\/immunsystem\/\">Hestem\u00e6lk og immunsystemet<\/a><\/h3>\n\n\n\n<p>Hestem\u00e6lk kan \u00f8ge din modstand mod bakterielle sygdomme og vira, is\u00e6r for sp\u00e6db\u00f8rn og b\u00f8rn. Hestem\u00e6lk er rig p\u00e5 immunglobuliner (antistoffer), lactoferrin og lysozym, som er proteiner, der underst\u00f8tter immunsystemet.<\/p>\n\n\n\n<h3 class=\"wp-block-heading\" id=\"3-hestemaelk-og-tarmflora\">3. <a href=\"https:\/\/www.equilac.com\/da\/hoppemaelk\/sundhed\/tarmflora\/\">Hestem\u00e6lk og tarmflora<\/a><\/h3>\n\n\n\n<p>Den antibakterielle karakter af hestem\u00e6lk kan fremme en sund balance af bakterier i tarmen, hvilket f\u00f8rer til en sund tarmflora og ford\u00f8jelsessystem.<\/p>\n\n\n\n<p>En sund tarm kan forbedre funktionen af mave-tarmkanalen. Det kan reducere symptomerne p\u00e5 nogle ford\u00f8jelsesforstyrrelser, herunder Crohns sygdom og andre kroniske mave- og tarmbetingelser.<\/p>\n\n\n\n<p>If\u00f8lge forskning kan drikke hoppem\u00e6lk for mennesker med Crohns sygdom neds\u00e6tte mavesmerter, reducere synligt blod i aff\u00f8ringen og minimere afh\u00e6ngighed af andre mediciner.<\/p>\n\n\n\n<p>De prim\u00e6re \u00e5rsager til disse positive effekter er hestem\u00e6lks antiinflammatoriske og antibakterielle egenskaber. Ved at drikke hestem\u00e6lk kan patienter muligvis stoppe fremgangen af Crohns sygdom eller endda omg\u00f8re nogle af dens symptomer.<\/p>\n\n\n\n<h3 class=\"wp-block-heading\" id=\"4-hestemaelk-mod-allergier\">4. <a href=\"https:\/\/www.equilac.com\/da\/hoppemaelk\/sundhed\/allergier\/\">Hestem\u00e6lk mod allergier<\/a><\/h3>\n\n\n\n<p>Et studie i <a href=\"https:\/\/onlinelibrary.wiley.com\/doi\/abs\/10.1111\/j.1399-3038.2007.00567.x\" target=\"_blank\" rel=\"noreferrer noopener nofollow\">Pediatric Allergy and Immunology<\/a> har vist, at hestem\u00e6lk tolereres godt af n\u00e6sten 96 procent af b\u00f8rn med <a href=\"https:\/\/www.equilac.com\/da\/hestemaelk-til-komaelksallergi\/\" data-type=\"page\" data-id=\"8257\">kom\u00e6lksallergi<\/a>. Disse resultater relaterer ikke til laktoseintolerance, f\u00f8lsomhed eller en allergisk reaktion.<\/p>\n\n\n\n<p>Forskningen fandt, at tils\u00e6tning af hestem\u00e6lk til en di\u00e6t \u00f8gede antallet af gavnlige mikrober i tarmen, hvilket kan v\u00e6re v\u00e6sentligt i at reducere allergiske reaktioner p\u00e5 f\u00f8devarer.<\/p>\n\n\n\n<p>De antiinflammatoriske egenskaber ved hestem\u00e6lk kan ogs\u00e5 give ekstra beskyttelse mod nogle former for <a href=\"https:\/\/www.equilac.com\/da\/naturlig-lindring-af-astma-med-hestemaelk\/\" data-type=\"page\" data-id=\"12363\">astma<\/a> hos sp\u00e6db\u00f8rn og b\u00f8rn.<\/p>\n\n\n\n<h2 class=\"wp-block-heading\" id=\"produkter-fra-hestemaelk\"><a href=\"https:\/\/www.equilac.com\/da\/hoppemaelk\/produkter\/\">Produkter fra hestem\u00e6lk<\/a><\/h2>\n\n\n\n<p>Der er flere m\u00e5der at anvende hoppem\u00e6lk p\u00e5, afh\u00e6ngigt af din region og hvorfor du \u00f8nsker at indtage hestem\u00e6lk.<\/p>\n\n\n\n<p>Hestem\u00e6lk kan bruges som et kosttilskud til bedre sundhed, et sk\u00f8nhedsprodukt eller en gastronomisk oplevelse under en rejse gennem Mongoliet.<\/p>\n\n\n\n<p><strong>Nedenfor er et overblik over de hestem\u00e6lksprodukter, der er tilg\u00e6ngelige i dag:<\/strong><\/p>\n\n\n\n<h3 class=\"wp-block-heading\" id=\"1-frisk-eller-frossen-hestemaelk\">1. <a href=\"https:\/\/www.equilac.com\/da\/drikker-frisk-hestemaelk\/\">Frisk eller frossen hestem\u00e6lk<\/a><\/h3>\n\n\n\n<p>R\u00e5 hestem\u00e6lk er bedst for alle, der er heldige nok til at bo i n\u00e6rheden af en hestemejerig\u00e5rd.<\/p>\n\n\n\n<p>Frisk og upasteuriseret hestem\u00e6lk, tilg\u00e6ngelig p\u00e5 europ\u00e6iske hestemejerig\u00e5rde, kan drikkes i op til tre dage, og frossen hestem\u00e6lk kan opbevares i op til 6 m\u00e5neder ved -18 \u00b0C.<\/p>\n\n\n\n<h3 class=\"wp-block-heading\" id=\"2-fermenteret-hestemaelk-eller-kumis\">2. <a href=\"https:\/\/www.equilac.com\/da\/hvad-er-fermenteret-hestemaelk-eller-kumis\/\">Fermenteret hestem\u00e6lk eller kumis<\/a><\/h3>\n\n\n\n<p>Fermenteret hestem\u00e6lk eller kumis fremstilles ved at fermentere r\u00e5 upasteuriseret hoppem\u00e6lk i op til fem timer ved en temperatur p\u00e5 27 \u00b0C. Denne fermenterede hoppem\u00e6lk har et lavt alkoholindhold og kan opbevares i l\u00e6ngere tid. Koumiss kan findes i Mongoliet, Kasakhstan, Kirgisistan og nogle lande i Centralasien.<\/p>\n\n\n\n<p>Det er ogs\u00e5 muligt at lave yoghurt af hoppem\u00e6lk; dette findes hos nogle hestem\u00e6lkeg\u00e5rde i Europa.<\/p>\n\n\n\n<h3 class=\"wp-block-heading\" id=\"3-hestemaelk-i-kapsler\">3. <a href=\"https:\/\/www.equilac.com\/da\/vare\/hestemaelk-kapsler\/\">Hestem\u00e6lk i kapsler<\/a><\/h3>\n\n\n\n<p>Frisk eller frossen hestem\u00e6lk er vanskelig at k\u00f8be i de fleste lande. Som et resultat er kosttilskud med hestem\u00e6lkspulver i kapsler eller tabletter en bedre l\u00f8sning for dagligt indtag.<\/p>\n\n\n\n<p>De lette-at-tage hestem\u00e6lk kapsler giver flere mennesker adgang til hestem\u00e6lk, da de er lette at sende, har en lang holdbarhed p\u00e5 op til 18 m\u00e5neder og er tilg\u00e6ngelige p\u00e5 apoteker.<\/p>\n\n\n\n<h3 class=\"wp-block-heading\" id=\"4-hestemaelkspulver\">4. <a href=\"https:\/\/www.equilac.com\/da\/hestemaelkspulver\/\">Hestem\u00e6lkspulver<\/a><\/h3>\n\n\n\n<p>Pulveriseret hestem\u00e6lk fremstilles ved fryset\u00f8rring eller sprayt\u00f8rring af frisk hoppem\u00e6lk, s\u00e5 91% af det tilstedev\u00e6rende vand t\u00f8rres fra m\u00e6lken. Begge processer udf\u00f8res omhyggeligt uden at beskadige den ern\u00e6ringsm\u00e6ssige v\u00e6rdi af det f\u00e6rdige hestem\u00e6lkspulver.<\/p>\n\n\n\n<p>Hoppem\u00e6lk i pulverform er en mere praktisk l\u00f8sning for lang holdbarhed, uden tils\u00e6tning af konserveringsmidler, og kan blandes til indtagelse i koldt vand eller kold mad som yoghurt.<\/p>\n\n\n\n<h3 class=\"wp-block-heading\" id=\"5-kosmetik-med-hestemaelk\">5. <a href=\"https:\/\/www.equilac.com\/da\/hudplejeprodukter-baseret-paa-hestemaelk\/\">Kosmetik med hestem\u00e6lk<\/a><\/h3>\n\n\n\n<p>Hestem\u00e6lks antioxidant- og antibakterielle egenskaber har gjort det til en attraktiv ingrediens i <a href=\"https:\/\/www.equilac.com\/da\/hestemaelkscreme-til-toer-og-foelsom-hud\/\" data-type=\"page\" data-id=\"11634\">hudcreme<\/a>, bodylotion, <a href=\"https:\/\/www.equilac.com\/da\/hestemaelkshampoo-til-sundt-haar\/\" data-type=\"page\" data-id=\"11921\">shampoo<\/a> og <a href=\"https:\/\/www.equilac.com\/da\/hestemaelkssaebe-for-bloed-hud\/\" data-type=\"page\" data-id=\"12204\">s\u00e6be<\/a>. Det er ideelt for folk med sensitiv hud eller en t\u00f8r hovedbund. Hudplejeprodukter baseret p\u00e5 hestem\u00e6lk kan v\u00e6re komplement\u00e6re, n\u00e5r man behandler hudproblemer med hestem\u00e6lkskapsler.<\/p>\n\n\n\n<h3 class=\"wp-block-heading\" id=\"6-hestemaelksost\">6. <a href=\"https:\/\/www.equilac.com\/da\/kan-man-lave-ost-af-hestemaelk\/\">Hestem\u00e6lksost<\/a><\/h3>\n\n\n\n<p>Nogle hestem\u00e6lkeg\u00e5rde producerer ost af hoppem\u00e6lk. Det lave kasein- og fedtindhold i hestem\u00e6lk g\u00f8r den mindre egnet til fremstilling af ost, da man skal bruge op til 20 liter hestem\u00e6lk for at producere et kilo ost, hvilket g\u00f8r osten dyr.<\/p>\n\n\n\n<h2 class=\"wp-block-heading\" id=\"produktion-af-hestemaelk\"><a href=\"https:\/\/www.equilac.com\/da\/hvordan-laves-hestemaelk\/\">Produktion af hestem\u00e6lk<\/a><\/h2>\n\n\n\n<p>Hestem\u00e6lk opn\u00e5s ved at malke en hoppe, der for nylig har f\u00f8dt et f\u00f8l. Afh\u00e6ngigt af hvor hestem\u00e6lken produceres, kan det indsamles ved at malke en hoppe med h\u00e5nden eller ved at bruge en malkemaskine justeret til hoppens yver. Malkning med maskine garanterer, at hestem\u00e6lk produceres i overensstemmelse med internationale hygiejneregler.<\/p>\n\n\n\n<p>Hopperne behandles sk\u00e5nsomt for at sikre, at de kan udskille m\u00e6lk p\u00e5 en dyrevenlig og behagelig m\u00e5de.<\/p>\n\n\n\n<h2 class=\"wp-block-heading\" id=\"hestemaelk-til-kaeledyr\">Hestem\u00e6lk til k\u00e6ledyr<\/h2>\n\n\n\n<p>K\u00e6ledyr som hunde og katte drager ogs\u00e5 fordel af hestem\u00e6lkspulver; det kan l\u00f8se hud- og pelsproblemer, allergier, og mave-tarmproblemer og opretholde en sund, skinnende pels. Pulveret kan drysses eller blandes i dyrefoder eller lunkent vand.<\/p>\n\n\n\n<p>Det pulveriserede hestem\u00e6lk kan ogs\u00e5 bruges som en m\u00e6lkeerstatning for moderl\u00f8se f\u00f8l.<\/p>\n\n\n\n<h2 class=\"wp-block-heading\" id=\"pris-pa-hestemaelk\"><a href=\"https:\/\/www.equilac.com\/da\/hvad-koster-hestemaelk\/\">Pris p\u00e5 hestem\u00e6lk<\/a><\/h2>\n\n\n\n<p>Hestem\u00e6lk koster ca. 60 kr pr. liter for frisk eller frossen hestem\u00e6lk, hvilket svarer til 420 kr pr. m\u00e5ned, hvis du \u00f8nsker at f\u00f8lge en kur med flydende hestem\u00e6lk. R\u00e5 og frossen hestem\u00e6lk er tilg\u00e6ngelig fra hestemejerier.<\/p>\n\n\n\n<p>Hvis du ikke bor i n\u00e6rheden af en hestemejerig\u00e5rd, kan du k\u00f8be vores Equilac\u00ae kapsler via denne hjemmeside eller fra apoteker i Belgien for 680 kr for en 3-m\u00e5neders behandling. Equilac\u00ae sikrer, at du nemt kan f\u00e5 adgang til indtagelse af hestem\u00e6lk, uanset hvor du er.<\/p>\n","protected":false},"excerpt":{"rendered":"<p>Hestem\u00e6lk, ogs\u00e5 kaldet hoppem\u00e6lk eller equine m\u00e6lk, er blevet brugt i \u00e5rhundreder som en ern\u00e6ringsrig drik og, mere nyligt, som et kosttilskud, der kan hj\u00e6lpe med mange sundhedsproblemer. Hos Equilac\u00ae, har vi opsummeret de vigtigste fakta om hestem\u00e6lk. Historien om hestem\u00e6lk Med en historie p\u00e5 mere end 2.000 \u00e5r, har hoppem\u00e6lk haft en m\u00e6rkbar indvirkning [&hellip;]<\/p>\n","protected":false},"author":1,"featured_media":11757,"parent":0,"menu_order":0,"comment_status":"closed","ping_status":"closed","template":"","meta":{"_uf_show_specific_survey":0,"_uf_disable_surveys":false,"footnotes":""},"categories":[172,234],"tags":[181],"class_list":["post-11729","page","type-page","status-publish","has-post-thumbnail","hentry","category-hoppemaelk","category-oplysninger","tag-related-da"],"jetpack_sharing_enabled":true,"_links":{"self":[{"href":"https:\/\/www.equilac.com\/da\/wp-json\/wp\/v2\/pages\/11729","targetHints":{"allow":["GET"]}}],"collection":[{"href":"https:\/\/www.equilac.com\/da\/wp-json\/wp\/v2\/pages"}],"about":[{"href":"https:\/\/www.equilac.com\/da\/wp-json\/wp\/v2\/types\/page"}],"author":[{"embeddable":true,"href":"https:\/\/www.equilac.com\/da\/wp-json\/wp\/v2\/users\/1"}],"replies":[{"embeddable":true,"href":"https:\/\/www.equilac.com\/da\/wp-json\/wp\/v2\/comments?post=11729"}],"version-history":[{"count":14,"href":"https:\/\/www.equilac.com\/da\/wp-json\/wp\/v2\/pages\/11729\/revisions"}],"predecessor-version":[{"id":14071,"href":"https:\/\/www.equilac.com\/da\/wp-json\/wp\/v2\/pages\/11729\/revisions\/14071"}],"wp:featuredmedia":[{"embeddable":true,"href":"https:\/\/www.equilac.com\/da\/wp-json\/wp\/v2\/media\/11757"}],"wp:attachment":[{"href":"https:\/\/www.equilac.com\/da\/wp-json\/wp\/v2\/media?parent=11729"}],"wp:term":[{"taxonomy":"category","embeddable":true,"href":"https:\/\/www.equilac.com\/da\/wp-json\/wp\/v2\/categories?post=11729"},{"taxonomy":"post_tag","embeddable":true,"href":"https:\/\/www.equilac.com\/da\/wp-json\/wp\/v2\/tags?post=11729"}],"curies":[{"name":"wp","href":"https:\/\/api.w.org\/{rel}","templated":true}]}}