{"id":12204,"date":"2023-09-25T16:44:29","date_gmt":"2023-09-25T16:44:29","guid":{"rendered":"https:\/\/www.equilac.com\/hestemaelkssaebe-for-bloed-hud\/"},"modified":"2023-09-25T17:11:32","modified_gmt":"2023-09-25T17:11:32","slug":"hestemaelkssaebe-for-bloed-hud","status":"publish","type":"page","link":"https:\/\/www.equilac.com\/da\/hestemaelkssaebe-for-bloed-hud\/","title":{"rendered":"Hestem\u00e6lkss\u00e6be for bl\u00f8d hud"},"content":{"rendered":"\n<p>Hestem\u00e6lkss\u00e6be er et specielt hudplejeprodukt, der bidrager til din huds genopretning. Denne unikke s\u00e6be, baseret p\u00e5 ren hestem\u00e6lk, er sk\u00e5nsom mod din hud og ideel til kontinuerlig brug. Den er s\u00e6rligt fordelagtig, hvis du har t\u00f8r eller f\u00f8lsom hud. Hestem\u00e6lkss\u00e6be er ogs\u00e5 et godt valg for personer, der er f\u00f8lsomme over for parfume og\/eller alkohol i s\u00e6ber.<\/p>\n\n<p>S\u00e6ben er pH-neutral for huden, hvilket betyder, at pH-v\u00e6rdien er t\u00e6t p\u00e5 din huds. En stabil pH-v\u00e6rdi er afg\u00f8rende for at opretholde en sund hud. Hestem\u00e6lkss\u00e6be hj\u00e6lper din hud med at bevare fugt, reducerer chancen for dehydrering, og bidrager til sund og hydreret hud. &#13;\n<\/p>\n\n\n<p><\/p>\n\n<p>Derudover indeholder hestem\u00e6lkss\u00e6be kun naturlig, allergivenlig parfume og er fri for parabener og SLS, hvilket g\u00f8r det til et hypoallergenisk valg for hudpleje.<\/p>\n\n<p>For at bruge hestem\u00e6lkss\u00e6be, skal du anvende den p\u00e5 din fugtige hud, lade den skumme, og skylle den af med rigeligt vand. Nyd naturlig reng\u00f8ring og bl\u00f8d, plejet hud med hestem\u00e6lkss\u00e6be.<\/p>\n","protected":false},"excerpt":{"rendered":"<p>Hestem\u00e6lkss\u00e6be er et specielt hudplejeprodukt, der bidrager til din huds genopretning. Denne unikke s\u00e6be, baseret p\u00e5 ren hestem\u00e6lk, er sk\u00e5nsom mod din hud og ideel til kontinuerlig brug. Den er s\u00e6rligt fordelagtig, hvis du har t\u00f8r eller f\u00f8lsom hud. Hestem\u00e6lkss\u00e6be er ogs\u00e5 et godt valg for personer, der er f\u00f8lsomme over for parfume og\/eller alkohol [&hellip;]<\/p>\n","protected":false},"author":1,"featured_media":12163,"parent":0,"menu_order":0,"comment_status":"closed","ping_status":"closed","template":"","meta":{"_uf_show_specific_survey":0,"_uf_disable_surveys":false,"footnotes":""},"categories":[172],"tags":[181],"class_list":["post-12204","page","type-page","status-publish","has-post-thumbnail","hentry","category-hoppemaelk","tag-related-da"],"jetpack_sharing_enabled":true,"_links":{"self":[{"href":"https:\/\/www.equilac.com\/da\/wp-json\/wp\/v2\/pages\/12204","targetHints":{"allow":["GET"]}}],"collection":[{"href":"https:\/\/www.equilac.com\/da\/wp-json\/wp\/v2\/pages"}],"about":[{"href":"https:\/\/www.equilac.com\/da\/wp-json\/wp\/v2\/types\/page"}],"author":[{"embeddable":true,"href":"https:\/\/www.equilac.com\/da\/wp-json\/wp\/v2\/users\/1"}],"replies":[{"embeddable":true,"href":"https:\/\/www.equilac.com\/da\/wp-json\/wp\/v2\/comments?post=12204"}],"version-history":[{"count":1,"href":"https:\/\/www.equilac.com\/da\/wp-json\/wp\/v2\/pages\/12204\/revisions"}],"predecessor-version":[{"id":12205,"href":"https:\/\/www.equilac.com\/da\/wp-json\/wp\/v2\/pages\/12204\/revisions\/12205"}],"wp:featuredmedia":[{"embeddable":true,"href":"https:\/\/www.equilac.com\/da\/wp-json\/wp\/v2\/media\/12163"}],"wp:attachment":[{"href":"https:\/\/www.equilac.com\/da\/wp-json\/wp\/v2\/media?parent=12204"}],"wp:term":[{"taxonomy":"category","embeddable":true,"href":"https:\/\/www.equilac.com\/da\/wp-json\/wp\/v2\/categories?post=12204"},{"taxonomy":"post_tag","embeddable":true,"href":"https:\/\/www.equilac.com\/da\/wp-json\/wp\/v2\/tags?post=12204"}],"curies":[{"name":"wp","href":"https:\/\/api.w.org\/{rel}","templated":true}]}}