{"id":12262,"date":"2023-09-26T10:51:16","date_gmt":"2023-09-26T10:51:16","guid":{"rendered":"https:\/\/www.equilac.com\/hudplejeprodukter-baseret-paa-hestemaelk\/"},"modified":"2023-09-28T10:52:59","modified_gmt":"2023-09-28T10:52:59","slug":"hudplejeprodukter-baseret-paa-hestemaelk","status":"publish","type":"page","link":"https:\/\/www.equilac.com\/da\/hudplejeprodukter-baseret-paa-hestemaelk\/","title":{"rendered":"Hudplejeprodukter baseret p\u00e5 hestem\u00e6lk"},"content":{"rendered":"\n<p>Creme, shampoo, og s\u00e6be med hestem\u00e6lk er naturlige kosmetiske produkter, der tilbyder en l\u00f8sning for personer med t\u00f8r og sensitiv hud. Disse produkter, lavet af 100% naturlig hestem\u00e6lk, st\u00f8tter hudens helingsevne og er ideelle for individer med t\u00f8r eller sensitiv hud.<\/p>\n\n<p>En betydelig fordel ved hudplejeprodukter baseret p\u00e5 hestem\u00e6lk er, at de er pH-neutrale og opretholder hudens naturlige pH-balance. Ved at bibeholde en balanceret pH-v\u00e6rdi kan huden bevare fugtighed, hvilket reducerer risikoen for t\u00f8rhed.<\/p>\n\n<p>Desuden indeholder disse produkter ikke parabener, et kemikalie der ofte bruges til at forl\u00e6nge holdbarheden af hudplejeprodukter. I stedet sikrer naturlige ingredienser holdbarheden af hestem\u00e6lksprodukter uden at irritere huden.<\/p>\n\n<h2 class=\"wp-block-heading\">Hestem\u00e6lkscremer<\/h2>\n\n<p>Forskellige <a href=\"https:\/\/www.equilac.com\/da\/hestemaelkscreme-til-toer-og-foelsom-hud\/\">hestem\u00e6lkscremer<\/a> s\u00e5som dagcreme, natcreme, h\u00e5ndcreme og bodylotion er tilg\u00e6ngelige. De er egnede til b\u00e5de t\u00f8r og fedtet hud og kan p\u00e5f\u00f8res i ansigtet, p\u00e5 albuer, kn\u00e6 og andre t\u00f8rre eller irriterede omr\u00e5der. For eksempel tilbyder en dagcreme ekstra beskyttelse og lindring i koldt vejr, mens en natcreme n\u00e6rer huden, mens du sover.<\/p>\n\n<h2 class=\"wp-block-heading\">Hestem\u00e6lkshampoo<\/h2>\n\n<p>Hvis du \u00f8nsker naturlig h\u00e5rpleje, kan <a href=\"https:\/\/www.equilac.com\/da\/hestemaelkshampoo-til-sundt-haar\/\">hestem\u00e6lkshampoo<\/a> v\u00e6re det perfekte valg. Denne shampoo renser og plejer dit h\u00e5r blidt og effektivt. Takket v\u00e6re dens naturlige ingredienser og pH-hudneutrale egenskaber opretholder den hudens naturlige beskyttelseslag, hvilket fremmer en sund hovedbund. Resultatet? En sundere hovedbund, mindre kl\u00f8e og sk\u00e6l, og h\u00e5r der ser fyldigere og mere skinnende ud.<\/p>\n\n<p>Det store ved hestem\u00e6lkshampoo er, at den ikke indeholder parabener og syntetiske konserveringsmidler, hvilket g\u00f8r den ideel for mennesker i alle aldre, is\u00e6r dem der lider af sensitiv hovedbund, eksem eller h\u00e5rtab. For komplet h\u00e5rpleje kan du kombinere den med en passende balsam og om n\u00f8dvendigt hestem\u00e6lkskapsler.<\/p>\n\n<h2 class=\"wp-block-heading\">Hestem\u00e6lkss\u00e6be<\/h2>\n\n<p><a href=\"https:\/\/www.equilac.com\/da\/hestemaelkssaebe-for-bloed-hud\/\">Hestem\u00e6lkss\u00e6be<\/a> er et unikt hudplejeprodukt, der bidrager til din huds genopretning. Denne s\u00e6be, baseret p\u00e5 ren hestem\u00e6lk, er mild mod din hud og ideel til daglig brug. Den er specielt udviklet til mennesker med t\u00f8r eller sensitiv hud og er ogs\u00e5 et godt valg for dem, der er f\u00f8lsomme over for parfume og\/eller alkohol i s\u00e6ber.<\/p>\n\n<p>Derudover indeholder s\u00e6ben kun naturlige, allergivenlige dufte og er fri for parabener og SLS, hvilket g\u00f8r den til et hypoallergent valg for hudpleje.<\/p>\n","protected":false},"excerpt":{"rendered":"<p>Creme, shampoo, og s\u00e6be med hestem\u00e6lk er naturlige kosmetiske produkter, der tilbyder en l\u00f8sning for personer med t\u00f8r og sensitiv hud. Disse produkter, lavet af 100% naturlig hestem\u00e6lk, st\u00f8tter hudens helingsevne og er ideelle for individer med t\u00f8r eller sensitiv hud. En betydelig fordel ved hudplejeprodukter baseret p\u00e5 hestem\u00e6lk er, at de er pH-neutrale og [&hellip;]<\/p>\n","protected":false},"author":1,"featured_media":12241,"parent":0,"menu_order":0,"comment_status":"closed","ping_status":"closed","template":"","meta":{"_uf_show_specific_survey":0,"_uf_disable_surveys":false,"footnotes":""},"categories":[172,140],"tags":[181],"class_list":["post-12262","page","type-page","status-publish","has-post-thumbnail","hentry","category-hoppemaelk","category-horse-milk","tag-related-da"],"jetpack_sharing_enabled":true,"_links":{"self":[{"href":"https:\/\/www.equilac.com\/da\/wp-json\/wp\/v2\/pages\/12262","targetHints":{"allow":["GET"]}}],"collection":[{"href":"https:\/\/www.equilac.com\/da\/wp-json\/wp\/v2\/pages"}],"about":[{"href":"https:\/\/www.equilac.com\/da\/wp-json\/wp\/v2\/types\/page"}],"author":[{"embeddable":true,"href":"https:\/\/www.equilac.com\/da\/wp-json\/wp\/v2\/users\/1"}],"replies":[{"embeddable":true,"href":"https:\/\/www.equilac.com\/da\/wp-json\/wp\/v2\/comments?post=12262"}],"version-history":[{"count":1,"href":"https:\/\/www.equilac.com\/da\/wp-json\/wp\/v2\/pages\/12262\/revisions"}],"predecessor-version":[{"id":12263,"href":"https:\/\/www.equilac.com\/da\/wp-json\/wp\/v2\/pages\/12262\/revisions\/12263"}],"wp:featuredmedia":[{"embeddable":true,"href":"https:\/\/www.equilac.com\/da\/wp-json\/wp\/v2\/media\/12241"}],"wp:attachment":[{"href":"https:\/\/www.equilac.com\/da\/wp-json\/wp\/v2\/media?parent=12262"}],"wp:term":[{"taxonomy":"category","embeddable":true,"href":"https:\/\/www.equilac.com\/da\/wp-json\/wp\/v2\/categories?post=12262"},{"taxonomy":"post_tag","embeddable":true,"href":"https:\/\/www.equilac.com\/da\/wp-json\/wp\/v2\/tags?post=12262"}],"curies":[{"name":"wp","href":"https:\/\/api.w.org\/{rel}","templated":true}]}}