{"id":12345,"date":"2023-09-26T13:58:31","date_gmt":"2023-09-26T13:58:31","guid":{"rendered":"https:\/\/www.equilac.com\/hestemaelk-et-naturligt-middel-mod-hoefeber\/"},"modified":"2023-09-29T17:12:35","modified_gmt":"2023-09-29T17:12:35","slug":"hestemaelk-et-naturligt-middel-mod-hoefeber","status":"publish","type":"page","link":"https:\/\/www.equilac.com\/da\/hestemaelk-et-naturligt-middel-mod-hoefeber\/","title":{"rendered":"Hestem\u00e6lk: et naturligt middel mod h\u00f8feber"},"content":{"rendered":"\n<p>Hestem\u00e6lk hj\u00e6lper med at lindre symptomerne p\u00e5 h\u00f8feber ved naturligt at bek\u00e6mpe allergiske reaktioner. Den kan endda eliminere symptomer p\u00e5 h\u00f8feber, n\u00e5r den bruges konsekvent, ved at lindre kl\u00f8ende \u00f8jne, nysen og overbelastning. H\u00f8feber, en almindelig allergi ofte udl\u00f8st af pollen, tr\u00e6er, gr\u00e6s, st\u00f8v og mug, kan betydeligt p\u00e5virke din dagligdag, og forhindre dig i fuldt ud at nyde s\u00e6sonens skift, is\u00e6r i for\u00e5r eller sommer.<\/p>\n\n\n\n<p>Ved at bruge hestem\u00e6lk kan man forbedre en sundere tarmflora og styrke ens immunforsvar. Dette resulterer i at opleve f\u00e6rre allergisymptomer som dem fra h\u00f8feber, herunder en l\u00f8bende n\u00e6se og vandige \u00f8jne. Mange personer bem\u00e6rker en betydelig reduktion i deres rhinitissymptomer efter cirka to ugers brug af hestem\u00e6lk, og de fleste er helt fri for h\u00f8feber efter tre m\u00e5neder.<\/p>\n\n\n\n<p>Hestem\u00e6lkekapsler garanterer naturlig lindring fra h\u00f8febersymptomer, hvilket g\u00f8r dem til et gavnligt medicinalternativ. De er rige p\u00e5 vitaminer, jern og mineraler, h\u00f8je i protein og lave i fedt, hvilket g\u00f8r dem letford\u00f8jelige og hurtigt optagelige af kroppen. Dette bidrager til en god tarmhelbred, og danner grundlaget for solid modstand mod allergener som pollen, hvilket sikrer, at din n\u00e6se og \u00f8jne er mindre p\u00e5virkede.<\/p>\n\n\n\n<p>Hestem\u00e6lk kan v\u00e6re gavnlig, selv n\u00e5r h\u00f8feber ledsages af andre tilstande som eksem eller <a href=\"https:\/\/www.equilac.com\/da\/naturlig-lindring-af-astma-med-hestemaelk\/\" data-type=\"link\" data-id=\"https:\/\/www.equilac.com\/da\/naturlig-lindring-af-astma-med-hestemaelk\/\">astma<\/a>. Den p\u00e5virker positivt huden ved naturligt at genoprette og hydrere den og lindre symptomer, selvom h\u00f8feber og dens ledsagende nysen og overbelastning ikke kan forhindres eller helbredes fuldst\u00e6ndigt.<\/p>\n\n\n\n<p>Ved at bruge hestem\u00e6lk mod h\u00f8feber lindrer du effektivt dine symptomer og \u00f8ger din modstand mod allergiske reaktioner. Denne tilgang minimerer chancerne for at pollen, gr\u00e6s, tr\u00e6er og andre allergener for\u00e5rsager problemer, hvilket giver dig mulighed for at nyde hver s\u00e6son uden byrden af t\u00e5rev\u00e6dede eller kl\u00f8ende \u00f8jne eller en tilstoppet n\u00e6se. Blandt de mange h\u00f8feberprodukter p\u00e5 markedet, skiller hestem\u00e6lk sig ud som en naturlig mulighed, der hj\u00e6lper med at opbygge din modstand, muligvis reducere behovet for andre medicin s\u00e5som antihistaminer og immunterapi og mindske dine symptomer.<\/p>\n","protected":false},"excerpt":{"rendered":"<p>Hestem\u00e6lk hj\u00e6lper med at lindre symptomerne p\u00e5 h\u00f8feber ved naturligt at bek\u00e6mpe allergiske reaktioner. Den kan endda eliminere symptomer p\u00e5 h\u00f8feber, n\u00e5r den bruges konsekvent, ved at lindre kl\u00f8ende \u00f8jne, nysen og overbelastning. H\u00f8feber, en almindelig allergi ofte udl\u00f8st af pollen, tr\u00e6er, gr\u00e6s, st\u00f8v og mug, kan betydeligt p\u00e5virke din dagligdag, og forhindre dig i [&hellip;]<\/p>\n","protected":false},"author":1,"featured_media":12275,"parent":0,"menu_order":0,"comment_status":"closed","ping_status":"closed","template":"","meta":{"_uf_show_specific_survey":0,"_uf_disable_surveys":false,"footnotes":""},"categories":[172,137,140],"tags":[181],"class_list":["post-12345","page","type-page","status-publish","has-post-thumbnail","hentry","category-hoppemaelk","category-allergier","category-horse-milk","tag-related-da"],"jetpack_sharing_enabled":true,"_links":{"self":[{"href":"https:\/\/www.equilac.com\/da\/wp-json\/wp\/v2\/pages\/12345","targetHints":{"allow":["GET"]}}],"collection":[{"href":"https:\/\/www.equilac.com\/da\/wp-json\/wp\/v2\/pages"}],"about":[{"href":"https:\/\/www.equilac.com\/da\/wp-json\/wp\/v2\/types\/page"}],"author":[{"embeddable":true,"href":"https:\/\/www.equilac.com\/da\/wp-json\/wp\/v2\/users\/1"}],"replies":[{"embeddable":true,"href":"https:\/\/www.equilac.com\/da\/wp-json\/wp\/v2\/comments?post=12345"}],"version-history":[{"count":3,"href":"https:\/\/www.equilac.com\/da\/wp-json\/wp\/v2\/pages\/12345\/revisions"}],"predecessor-version":[{"id":12757,"href":"https:\/\/www.equilac.com\/da\/wp-json\/wp\/v2\/pages\/12345\/revisions\/12757"}],"wp:featuredmedia":[{"embeddable":true,"href":"https:\/\/www.equilac.com\/da\/wp-json\/wp\/v2\/media\/12275"}],"wp:attachment":[{"href":"https:\/\/www.equilac.com\/da\/wp-json\/wp\/v2\/media?parent=12345"}],"wp:term":[{"taxonomy":"category","embeddable":true,"href":"https:\/\/www.equilac.com\/da\/wp-json\/wp\/v2\/categories?post=12345"},{"taxonomy":"post_tag","embeddable":true,"href":"https:\/\/www.equilac.com\/da\/wp-json\/wp\/v2\/tags?post=12345"}],"curies":[{"name":"wp","href":"https:\/\/api.w.org\/{rel}","templated":true}]}}