{"id":12363,"date":"2023-09-26T14:45:36","date_gmt":"2023-09-26T14:45:36","guid":{"rendered":"https:\/\/www.equilac.com\/naturlig-lindring-af-astma-med-hestemaelk\/"},"modified":"2023-09-29T17:35:13","modified_gmt":"2023-09-29T17:35:13","slug":"naturlig-lindring-af-astma-med-hestemaelk","status":"publish","type":"page","link":"https:\/\/www.equilac.com\/da\/naturlig-lindring-af-astma-med-hestemaelk\/","title":{"rendered":"Naturlig lindring af astma med hestem\u00e6lk"},"content":{"rendered":"\n<p>At leve med astma kan betyde, at man skal h\u00e5ndtere symptomer som hv\u00e6sen, hoste og \u00e5nden\u00f8d, der prim\u00e6rt er for\u00e5rsaget af bet\u00e6ndelse og sammentr\u00e6kning af luftvejene. Allergiudl\u00f8sere, inklusive husst\u00f8vmider, dyrepels, pollen og mug, kan yderligere forv\u00e6rre disse symptomer. Hestem\u00e6lk tilbyder naturlig lindring fra astmasymptomer, tilknyttede udl\u00f8sere og allergener.<\/p>\n\n\n\n<p>Hestem\u00e6lk kan bidrage til at kontrollere astma p\u00e5 grund af sin unikke kombination af forskellige vitaminer, der er gavnlige mod denne bronkiale tilstand. Erfaringer fra brugere afsl\u00f8rer, at mange kan h\u00e5ndtere deres astmasymptomer og reducere deres afh\u00e6ngighed af traditionelle metoder s\u00e5som inhalatorer, forst\u00f8vere og steroider. Dette er fordi hestem\u00e6lk er 100% naturlig og har ingen bivirkninger, hvilket giver dig mulighed for at h\u00e5ndtere astmasymptomer naturligt, hvilket tilbyder b\u00e5de redning og kontrol medicin effekter.<\/p>\n\n\n\n<p>En anden fordel ved hestem\u00e6lk for astma er dens positive effekt p\u00e5 lungerne og luftvejene. Det hj\u00e6lper folk med at finde lindring fra astma og er let at tage. Mange brugere har rapporteret forbedrede peak flow-m\u00e5linger og \u00f8get \u00e5ndedr\u00e6t og energi ved at bruge hestem\u00e6lk, hvilket g\u00f8r dem i stand til at afb\u00f8de tr\u00e6ningsinduceret astma og stoppe med at bruge inhalatorer.<\/p>\n\n\n\n<p>Flere og flere mennesker v\u00e6lger hestem\u00e6lk som et naturligt middel mod astma. Lungerne hos mennesker med astma er ofte permanent bet\u00e6ndte, og denne bet\u00e6ndelse reagerer direkte p\u00e5 irritationer i luften. Dette m\u00e6rkes n\u00e6sten med det samme i de bronkiale luftveje eller lungerne. Hestem\u00e6lk hj\u00e6lper med at reducere eller eliminere bet\u00e6ndelse, hvilket f\u00f8rer til en forbedring i symptomerne og en reduktion i hoste og hv\u00e6sen.<\/p>\n\n\n\n<p>Hestem\u00e6lk hj\u00e6lper, fordi den kan n\u00e5 og reducere bet\u00e6ndelse i lungerne, noget som traditionelle medicin undertiden ikke kan g\u00f8re. Det hj\u00e6lper ogs\u00e5 med at h\u00e5ndtere forskellige astmaudl\u00f8sere som r\u00f8g, tr\u00e6ningsinduceret symptomer og eksponering for allergener som husst\u00f8vmider og dyrepels, hvilket f\u00f8rer til en generel forbedring i \u00e5ndedr\u00e6tssundheden og en reduktion i behovet for peak flow-overv\u00e5gning og spirometri.<\/p>\n\n\n\n<p>Hestem\u00e6lk er et naturligt og effektivt middel, der kan hj\u00e6lpe i astmahandlingsplanen og behandlingen af astma. Det er en sikker mulighed, som mange har brugt med succes til at reducere \u00e5ndedr\u00e6tsproblemer og forbedre livskvaliteten. Det tilbyder et velkomment alternativ eller supplement til andre former for astmamedicin og behandlingsformer.<\/p>\n\n\n\n<p>Vidste du, at astma og h\u00f8feber er t\u00e6t forbundet, og er de mest almindelige overlappende allergiske tilstande med astma? Omkring 80% af personer med astma k\u00e6mper ogs\u00e5 med h\u00f8feber. Begge betingelser er relateret til \u00f8get f\u00f8lsomhed i dine luftveje. Mens astma vedr\u00f8rer f\u00f8lsomheden i lungerne, vedr\u00f8rer h\u00f8feber f\u00f8lsomheden i n\u00e6sen. Hestem\u00e6lk fremst\u00e5r som en <a href=\"https:\/\/www.equilac.com\/da\/hestemaelk-et-naturligt-middel-mod-hoefeber\/\" data-type=\"page\" data-id=\"12345\">naturlig afhj\u00e6lpning mod h\u00f8feber<\/a>, der tilbyder potentiel lindring og styrker \u00e5ndedr\u00e6ts sundheden for dem, der k\u00e6mper med disse sammenflettede tilstande.<\/p>\n","protected":false},"excerpt":{"rendered":"<p>At leve med astma kan betyde, at man skal h\u00e5ndtere symptomer som hv\u00e6sen, hoste og \u00e5nden\u00f8d, der prim\u00e6rt er for\u00e5rsaget af bet\u00e6ndelse og sammentr\u00e6kning af luftvejene. Allergiudl\u00f8sere, inklusive husst\u00f8vmider, dyrepels, pollen og mug, kan yderligere forv\u00e6rre disse symptomer. Hestem\u00e6lk tilbyder naturlig lindring fra astmasymptomer, tilknyttede udl\u00f8sere og allergener. Hestem\u00e6lk kan bidrage til at kontrollere astma [&hellip;]<\/p>\n","protected":false},"author":1,"featured_media":12287,"parent":0,"menu_order":0,"comment_status":"closed","ping_status":"closed","template":"","meta":{"_uf_show_specific_survey":0,"_uf_disable_surveys":false,"footnotes":""},"categories":[172,137],"tags":[181],"class_list":["post-12363","page","type-page","status-publish","has-post-thumbnail","hentry","category-hoppemaelk","category-allergier","tag-related-da"],"jetpack_sharing_enabled":true,"_links":{"self":[{"href":"https:\/\/www.equilac.com\/da\/wp-json\/wp\/v2\/pages\/12363","targetHints":{"allow":["GET"]}}],"collection":[{"href":"https:\/\/www.equilac.com\/da\/wp-json\/wp\/v2\/pages"}],"about":[{"href":"https:\/\/www.equilac.com\/da\/wp-json\/wp\/v2\/types\/page"}],"author":[{"embeddable":true,"href":"https:\/\/www.equilac.com\/da\/wp-json\/wp\/v2\/users\/1"}],"replies":[{"embeddable":true,"href":"https:\/\/www.equilac.com\/da\/wp-json\/wp\/v2\/comments?post=12363"}],"version-history":[{"count":3,"href":"https:\/\/www.equilac.com\/da\/wp-json\/wp\/v2\/pages\/12363\/revisions"}],"predecessor-version":[{"id":12774,"href":"https:\/\/www.equilac.com\/da\/wp-json\/wp\/v2\/pages\/12363\/revisions\/12774"}],"wp:featuredmedia":[{"embeddable":true,"href":"https:\/\/www.equilac.com\/da\/wp-json\/wp\/v2\/media\/12287"}],"wp:attachment":[{"href":"https:\/\/www.equilac.com\/da\/wp-json\/wp\/v2\/media?parent=12363"}],"wp:term":[{"taxonomy":"category","embeddable":true,"href":"https:\/\/www.equilac.com\/da\/wp-json\/wp\/v2\/categories?post=12363"},{"taxonomy":"post_tag","embeddable":true,"href":"https:\/\/www.equilac.com\/da\/wp-json\/wp\/v2\/tags?post=12363"}],"curies":[{"name":"wp","href":"https:\/\/api.w.org\/{rel}","templated":true}]}}