{"id":14126,"date":"2023-10-15T17:29:17","date_gmt":"2023-10-15T17:29:17","guid":{"rendered":"https:\/\/www.equilac.com\/?page_id=14126"},"modified":"2023-10-16T17:14:21","modified_gmt":"2023-10-16T17:14:21","slug":"cookie-politik","status":"publish","type":"page","link":"https:\/\/www.equilac.com\/da\/cookie-politik\/","title":{"rendered":"Cookie-politik"},"content":{"rendered":"<p>Sidst opdateret: 15\/11\/2023<\/p>\n<p><strong>Hvad er cookies?<\/strong><\/p>\n<div class=\"cookie-policy-p\">\n<p>Denne cookie-politik forklarer, hvad cookies er, og hvordan vi bruger dem, hvilke typer af cookies vi bruger, dvs. de oplysninger, vi indsamler ved hj\u00e6lp af cookies, hvordan disse oplysninger bruges, og hvordan du h\u00e5ndterer cookie-indstillingerne.<\/p>\n<p>Cookies er sm\u00e5 tekstfiler, der lagrer sm\u00e5 stykker information. De gemmes p\u00e5 din enhed, n\u00e5r hjemmesiden indl\u00e6ses i din browser. Disse cookies hj\u00e6lper os med at f\u00e5 hjemmesiden til at fungere korrekt, g\u00f8re den mere sikker, give en bedre brugeroplevelse, forst\u00e5, hvordan hjemmesiden pr\u00e6sterer, og analysere, hvad der fungerer, og hvor der er behov for forbedring.<\/p>\n<\/div>\n<p><strong>Hvordan bruger vi cookies?<\/strong><\/p>\n<div class=\"cookie-policy-p\">\n<p>Ligesom de fleste online tjenester bruger vores hjemmeside f\u00f8rsteparts- og tredjepartscookies til flere form\u00e5l. F\u00f8rstepartscookies er for det meste n\u00f8dvendige for, at hjemmesiden fungerer korrekt, og de indsamler ikke dine personligt identificerbare data.<\/p>\n<p>De tredjepartscookies, vi bruger p\u00e5 vores hjemmeside, er hovedsageligt til at forst\u00e5, hvordan hjemmesiden pr\u00e6sterer, hvordan du interagerer med vores hjemmeside, holde vores tjenester sikre, levere reklamer, der er relevante for dig, og generelt tilbyde en bedre og forbedret brugeroplevelse og hj\u00e6lpe med at fremskynde dine fremtidige interaktioner med vores hjemmeside.<\/p>\n<\/div>\n<p><strong>Typer af cookies, vi bruger<\/strong><\/p>\n<div class=\"cky-audit-table-element\"><\/div>\n<p style=\"margin-bottom: 20px;\"><strong>Administrer cookie-pr\u00e6ferencer<\/strong><\/p>\n<p><a class=\"cky-banner-element\">Cookie-indstillinger<\/a><\/p>\n<div>\n<p>Du kan \u00e6ndre dine cookie-pr\u00e6ferencer n\u00e5r som helst ved at klikke p\u00e5 knappen ovenfor. Dette vil give dig mulighed for at gennemg\u00e5 cookie-samtykkebanneret og \u00e6ndre dine pr\u00e6ferencer eller tr\u00e6kke dit samtykke tilbage med det samme.<\/p>\n<p>Desuden tilbyder forskellige browsere forskellige metoder til at blokere og slette cookies, der bruges af hjemmesider. Du kan \u00e6ndre din browsers indstillinger for at blokere\/slette cookies. Nedenfor er supportdokumenterne til at h\u00e5ndtere og slette cookies fra de st\u00f8rste webbrowsere:<\/p>\n<p>Chrome: <a href=\"https:\/\/support.google.com\/accounts\/answer\/32050\" target=\"_blank\" rel=\"noopener\">https:\/\/support.google.com\/accounts\/answer\/32050<\/a><\/p>\n<p>Safari: <a href=\"https:\/\/support.apple.com\/da-dk\/guide\/safari\/sfri11471\/mac\" target=\"_blank\" rel=\"noopener\">https:\/\/support.apple.com\/da-dk\/guide\/safari\/sfri11471\/mac<\/a><\/p>\n<p>Firefox: <a href=\"https:\/\/support.mozilla.org\/da\/kb\/slet-cookies-for-at-fjerne-oplysninger-fra-websteder\" target=\"_blank\" rel=\"noopener\">https:\/\/support.mozilla.org\/da\/kb\/slet-cookies-for-at-fjerne-oplysninger-fra-websteder<\/a><\/p>\n<p>Internet Explorer: <a href=\"https:\/\/support.microsoft.com\/da-dk\/help\/17442\/windows-internet-explorer-delete-manage-cookies\" target=\"_blank\" rel=\"noopener\">https:\/\/support.microsoft.com\/da-dk\/help\/17442\/windows-internet-explorer-delete-manage-cookies<\/a><\/p>\n<p>Hvis du bruger en anden webbrowser, bes\u00f8g venligst din browsers officielle supportdokumenter.<\/p>\n","protected":false},"excerpt":{"rendered":"<p>Sidst opdateret: 15\/11\/2023 Hvad er cookies? Denne cookie-politik forklarer, hvad cookies er, og hvordan vi bruger dem, hvilke typer af cookies vi bruger, dvs. de oplysninger, vi indsamler ved hj\u00e6lp af cookies, hvordan disse oplysninger bruges, og hvordan du h\u00e5ndterer cookie-indstillingerne. Cookies er sm\u00e5 tekstfiler, der lagrer sm\u00e5 stykker information. De gemmes p\u00e5 din enhed, [&hellip;]<\/p>\n","protected":false},"author":1,"featured_media":0,"parent":0,"menu_order":0,"comment_status":"closed","ping_status":"closed","template":"","meta":{"_uf_show_specific_survey":0,"_uf_disable_surveys":false,"footnotes":""},"categories":[],"tags":[],"class_list":["post-14126","page","type-page","status-publish","hentry"],"jetpack_sharing_enabled":true,"_links":{"self":[{"href":"https:\/\/www.equilac.com\/da\/wp-json\/wp\/v2\/pages\/14126","targetHints":{"allow":["GET"]}}],"collection":[{"href":"https:\/\/www.equilac.com\/da\/wp-json\/wp\/v2\/pages"}],"about":[{"href":"https:\/\/www.equilac.com\/da\/wp-json\/wp\/v2\/types\/page"}],"author":[{"embeddable":true,"href":"https:\/\/www.equilac.com\/da\/wp-json\/wp\/v2\/users\/1"}],"replies":[{"embeddable":true,"href":"https:\/\/www.equilac.com\/da\/wp-json\/wp\/v2\/comments?post=14126"}],"version-history":[{"count":1,"href":"https:\/\/www.equilac.com\/da\/wp-json\/wp\/v2\/pages\/14126\/revisions"}],"predecessor-version":[{"id":14127,"href":"https:\/\/www.equilac.com\/da\/wp-json\/wp\/v2\/pages\/14126\/revisions\/14127"}],"wp:attachment":[{"href":"https:\/\/www.equilac.com\/da\/wp-json\/wp\/v2\/media?parent=14126"}],"wp:term":[{"taxonomy":"category","embeddable":true,"href":"https:\/\/www.equilac.com\/da\/wp-json\/wp\/v2\/categories?post=14126"},{"taxonomy":"post_tag","embeddable":true,"href":"https:\/\/www.equilac.com\/da\/wp-json\/wp\/v2\/tags?post=14126"}],"curies":[{"name":"wp","href":"https:\/\/api.w.org\/{rel}","templated":true}]}}