{"id":1417,"date":"2022-03-01T08:55:45","date_gmt":"2022-03-01T08:55:45","guid":{"rendered":"http:\/\/dev.equilac.com\/psoriasis\/"},"modified":"2023-10-06T13:58:53","modified_gmt":"2023-10-06T13:58:53","slug":"psoriasis","status":"publish","type":"page","link":"https:\/\/www.equilac.com\/da\/psoriasis\/","title":{"rendered":"Hestem\u00e6lk: en naturlig behandling mod psoriasis"},"content":{"rendered":"<p><a href=\"https:\/\/www.equilac.com\/da\/hestemaelk\/\">Hestem\u00e6lk<\/a> anvendes mere og mere som et naturligt alternativ til behandling af psoriasis, is\u00e6r n\u00e5r konventionelle behandlinger ikke viser resultater. Kapsler med hestem\u00e6lk kan lindre symptomer p\u00e5 psoriasis indefra, hj\u00e6lpe med at forhindre udbrud og give langvarig lindring fra psoriasis.<\/p>\n<p>Behandling af psoriasis med hestem\u00e6lk er ikke en hurtig l\u00f8sning, men en gradvis, langsigtet behandling. Denne tilgang giver din hud, krop og immunsystem rigelig tid til at tilpasse sig, afb\u00f8de symptomer p\u00e5 psoriasis og genoprette din hud. Denne omhyggelige, langsomme proces forventes at f\u00f8re til en langvarig l\u00f8sning for at kontrollere og mindske psoriasis.<\/p>\n<p><a href=\"https:\/\/www.equilac.com\/da\/lactoferrin\/\">Hestem\u00e6lk er rig p\u00e5 lactoferrin<\/a>, et naturligt antiinflammatorisk protein, der ogs\u00e5 findes i moderm\u00e6lk. Dette unikke protein hj\u00e6lper med at h\u00e5ndtere hudinfektioner og autoimmune sygdomme som psoriasis ved at styrke og balancere immunsystemet.<\/p>\n<p>Lactoferrin i hestem\u00e6lk findes naturligt. I mods\u00e6tning til syntetiske tils\u00e6tningsstoffer i andre kosttilskud sikrer naturligt lactoferrin forbedret absorption af kroppen, hvilket \u00f8ger dets effektivitet. Denne forbedrede absorption er essentiel for at styrke dit immunsystem, reducere bet\u00e6ndelse og h\u00e5ndtere symptomer p\u00e5 <a href=\"https:\/\/astionpharma.dk\/blogs\/guides\/eksem\" target=\"_blank\" rel=\"nofollow noopener\">dermatitis<\/a>, eksem og flaky hud forbundet med psoriasis.<\/p>\n<p>Valg af <a href=\"https:\/\/www.equilac.com\/da\/vare\/hestemaelk-kapsler\/\">hestem\u00e6lk kapsler som Equilac\u00ae<\/a> kan lindre r\u00f8dme, kl\u00f8e og flaky hud relateret til psoriasis. Omkring 62% af Equilac\u00ae-brugerne oplever lindring fra psoriasis-symptomer efter tre m\u00e5neder. Det er et valg for dem, der \u00f8nsker at bek\u00e6mpe psoriasis indefra, og giver en langvarig l\u00f8sning for at styre og kontrollere denne hudtilstand.<\/p>\n<p>Hestem\u00e6lk anbefales til individer, der har pr\u00f8vet forskellige behandlinger uden betydelig succes. Hestem\u00e6lk kapsler kan bruges som et naturligt middel eller i till\u00e6g til topiske psoriasisbehandlinger som kortikosteroider. Det anbefales at tage hestem\u00e6lk kapsler i mindst tre m\u00e5neder for at bem\u00e6rke mulig forbedring i din hudtilstand.<\/p>\n<p>Afslutningsvis er hestem\u00e6lk en naturlig tilgang til at h\u00e5ndtere psoriasis. Med dets unikke ingredienser til at forbedre immunsystemet, kan det v\u00e6re en del af din behandlingsplan for at h\u00e5ndtere og mindske symptomerne p\u00e5 psoriasis.<\/p>\n<p>Hestem\u00e6lk kan ogs\u00e5 v\u00e6re <a href=\"https:\/\/www.equilac.com\/da\/hestemaelk-kapsler-til-hudproblemer\/\">nyttig for andre hudproblemer<\/a>. Det har vist positive resultater som et <a href=\"https:\/\/www.equilac.com\/da\/hestemaelk-mod-eksem\/\">naturligt middel mod eksem<\/a> og til <a href=\"https:\/\/www.equilac.com\/da\/hestemaelk-akne\/\">behandling af akne indefra<\/a>.<\/p>\n","protected":false},"excerpt":{"rendered":"<p>Hestem\u00e6lk anvendes mere og mere som et naturligt alternativ til behandling af psoriasis, is\u00e6r n\u00e5r konventionelle behandlinger ikke viser resultater. Kapsler med hestem\u00e6lk kan lindre symptomer p\u00e5 psoriasis indefra, hj\u00e6lpe med at forhindre udbrud og give langvarig lindring fra psoriasis. Behandling af psoriasis med hestem\u00e6lk er ikke en hurtig l\u00f8sning, men en gradvis, langsigtet behandling. [&hellip;]<\/p>\n","protected":false},"author":1,"featured_media":1143,"parent":0,"menu_order":0,"comment_status":"closed","ping_status":"closed","template":"","meta":{"_uf_show_specific_survey":0,"_uf_disable_surveys":false,"footnotes":""},"categories":[172,175],"tags":[181],"class_list":["post-1417","page","type-page","status-publish","has-post-thumbnail","hentry","category-hoppemaelk","category-hudproblemer","tag-related-da"],"jetpack_sharing_enabled":true,"_links":{"self":[{"href":"https:\/\/www.equilac.com\/da\/wp-json\/wp\/v2\/pages\/1417","targetHints":{"allow":["GET"]}}],"collection":[{"href":"https:\/\/www.equilac.com\/da\/wp-json\/wp\/v2\/pages"}],"about":[{"href":"https:\/\/www.equilac.com\/da\/wp-json\/wp\/v2\/types\/page"}],"author":[{"embeddable":true,"href":"https:\/\/www.equilac.com\/da\/wp-json\/wp\/v2\/users\/1"}],"replies":[{"embeddable":true,"href":"https:\/\/www.equilac.com\/da\/wp-json\/wp\/v2\/comments?post=1417"}],"version-history":[{"count":5,"href":"https:\/\/www.equilac.com\/da\/wp-json\/wp\/v2\/pages\/1417\/revisions"}],"predecessor-version":[{"id":13347,"href":"https:\/\/www.equilac.com\/da\/wp-json\/wp\/v2\/pages\/1417\/revisions\/13347"}],"wp:featuredmedia":[{"embeddable":true,"href":"https:\/\/www.equilac.com\/da\/wp-json\/wp\/v2\/media\/1143"}],"wp:attachment":[{"href":"https:\/\/www.equilac.com\/da\/wp-json\/wp\/v2\/media?parent=1417"}],"wp:term":[{"taxonomy":"category","embeddable":true,"href":"https:\/\/www.equilac.com\/da\/wp-json\/wp\/v2\/categories?post=1417"},{"taxonomy":"post_tag","embeddable":true,"href":"https:\/\/www.equilac.com\/da\/wp-json\/wp\/v2\/tags?post=1417"}],"curies":[{"name":"wp","href":"https:\/\/api.w.org\/{rel}","templated":true}]}}