{"id":2537,"date":"2022-03-11T11:14:51","date_gmt":"2022-03-11T11:14:51","guid":{"rendered":"http:\/\/dev.equilac.com\/lactoferrin\/"},"modified":"2023-10-09T07:29:14","modified_gmt":"2023-10-09T07:29:14","slug":"lactoferrin","status":"publish","type":"page","link":"https:\/\/www.equilac.com\/da\/lactoferrin\/","title":{"rendered":"Hestem\u00e6lk er rig p\u00e5 lactoferrin"},"content":{"rendered":"<p><a href=\"https:\/\/www.equilac.com\/da\/hestemaelk\/\">Hestem\u00e6lk<\/a> er en fremragende kilde til lactoferrin, et protein kendt for dets positive sundhedseffekter. Equilac\u00ae hestem\u00e6lkskapsler indeholder lactoferrin i en naturlig form, der er tilg\u00e6ngelig i h\u00f8j koncentration i hestem\u00e6lk ligesom i moderm\u00e6lk og r\u00e5m\u00e6lk.<\/p>\n<p>Lactoferrin er et glycoprotein, en type protein, der indeholder kulhydrater. Det er ogs\u00e5 en v\u00e6rdifuld immunsystemkomponent og er essentiel for din tarmens funktion og generelle modstand.<\/p>\n<p>Lactoferrin arbejder indefra for at bek\u00e6mpe bakterier og styrke immunforsvaret. Dette stof har antibakterielle og antivirale egenskaber og er et naturligt antibiotikum. Det fanger jernpartikler fra milj\u00f8et og h\u00e6mmer v\u00e6ksten af bakterier.<\/p>\n<p>Du kan tage lactoferrin som kosttilskud i kapsler eller pulver. Den anbefalede daglige dosis er mellem 150 mg og 500 mg. Det er tilr\u00e5deligt at v\u00e6lge den naturlige form af lactoferrin, som findes i Equilac\u00ae hestem\u00e6lkskapsler, i stedet for den syntetiske form apolactoferrin.<\/p>\n<p>Nylige unders\u00f8gelser har vist, at lactoferrin kan hj\u00e6lpe med hudsygdomme som acne, psoriasis og eksem. Efter tre m\u00e5neder beroliger lactoferrintilskud og E-vitamin og zink betydeligt bet\u00e6ndt hud.<\/p>\n<p>Kort sagt er <a href=\"https:\/\/www.equilac.com\/da\/vare\/hestemaelk-kapsler\/\">hestem\u00e6lkskapsler s\u00e5som Equilac\u00ae<\/a> rige p\u00e5 lactoferrin, som giver mange fordele for din tarm, modstand og immunsystem. Det er en naturlig m\u00e5de at st\u00f8tte dit helbred indefra og ud.<\/p>\n","protected":false},"excerpt":{"rendered":"<p>Hestem\u00e6lk er en fremragende kilde til lactoferrin, et protein kendt for dets positive sundhedseffekter. Equilac\u00ae hestem\u00e6lkskapsler indeholder lactoferrin i en naturlig form, der er tilg\u00e6ngelig i h\u00f8j koncentration i hestem\u00e6lk ligesom i moderm\u00e6lk og r\u00e5m\u00e6lk. Lactoferrin er et glycoprotein, en type protein, der indeholder kulhydrater. Det er ogs\u00e5 en v\u00e6rdifuld immunsystemkomponent og er essentiel for [&hellip;]<\/p>\n","protected":false},"author":1,"featured_media":2489,"parent":0,"menu_order":0,"comment_status":"closed","ping_status":"closed","template":"","meta":{"_uf_show_specific_survey":0,"_uf_disable_surveys":false,"footnotes":""},"categories":[172,243],"tags":[181],"class_list":["post-2537","page","type-page","status-publish","has-post-thumbnail","hentry","category-hoppemaelk","category-sammensaetning","tag-related-da"],"jetpack_sharing_enabled":true,"_links":{"self":[{"href":"https:\/\/www.equilac.com\/da\/wp-json\/wp\/v2\/pages\/2537","targetHints":{"allow":["GET"]}}],"collection":[{"href":"https:\/\/www.equilac.com\/da\/wp-json\/wp\/v2\/pages"}],"about":[{"href":"https:\/\/www.equilac.com\/da\/wp-json\/wp\/v2\/types\/page"}],"author":[{"embeddable":true,"href":"https:\/\/www.equilac.com\/da\/wp-json\/wp\/v2\/users\/1"}],"replies":[{"embeddable":true,"href":"https:\/\/www.equilac.com\/da\/wp-json\/wp\/v2\/comments?post=2537"}],"version-history":[{"count":1,"href":"https:\/\/www.equilac.com\/da\/wp-json\/wp\/v2\/pages\/2537\/revisions"}],"predecessor-version":[{"id":13430,"href":"https:\/\/www.equilac.com\/da\/wp-json\/wp\/v2\/pages\/2537\/revisions\/13430"}],"wp:featuredmedia":[{"embeddable":true,"href":"https:\/\/www.equilac.com\/da\/wp-json\/wp\/v2\/media\/2489"}],"wp:attachment":[{"href":"https:\/\/www.equilac.com\/da\/wp-json\/wp\/v2\/media?parent=2537"}],"wp:term":[{"taxonomy":"category","embeddable":true,"href":"https:\/\/www.equilac.com\/da\/wp-json\/wp\/v2\/categories?post=2537"},{"taxonomy":"post_tag","embeddable":true,"href":"https:\/\/www.equilac.com\/da\/wp-json\/wp\/v2\/tags?post=2537"}],"curies":[{"name":"wp","href":"https:\/\/api.w.org\/{rel}","templated":true}]}}