{"id":6987,"date":"2023-06-14T19:53:26","date_gmt":"2023-06-14T19:53:26","guid":{"rendered":"https:\/\/www.equilac.com\/horse-milk-eczema\/"},"modified":"2023-10-06T14:11:03","modified_gmt":"2023-10-06T14:11:03","slug":"hestemaelk-mod-eksem","status":"publish","type":"page","link":"https:\/\/www.equilac.com\/da\/hestemaelk-mod-eksem\/","title":{"rendered":"Hestem\u00e6lk: et naturligt middel mod eksem indefra"},"content":{"rendered":"<p>Eksem, en kronisk hudtilstand, kan medf\u00f8re betydelig ubehag, men <a href=\"https:\/\/www.equilac.com\/da\/vare\/hestemaelk-kapsler\/\">kapsler med hestem\u00e6lk<\/a> kan udg\u00f8re en mulighed for lindring. Som et naturligt middel mod eksem, bek\u00e6mper hestem\u00e6lk kapsler symptomerne og \u00e5rsagerne til eksem indefra. Hestem\u00e6lk er rig p\u00e5 unikke proteiner som lactoferrin, der er essentielle for at styrke immunsystemet og lindre hudbet\u00e6ndelse, grundl\u00e6ggende karakteristika ved eksem.<\/p>\n<p>Du kan lindre symptomer p\u00e5 eksem s\u00e5som kl\u00f8e, t\u00f8r hud og r\u00f8dme ved at inkludere hestem\u00e6lk kapsler i din behandlingsplan. Dette <a href=\"https:\/\/www.equilac.com\/da\/hestemaelk-kapsler-til-hudproblemer\/\">naturlige middel mod hudproblemer<\/a> er praktisk og kan supplere andre eksembehandlinger. Indtagelse af to hestem\u00e6lk kapsler dagligt i tre p\u00e5 hinanden f\u00f8lgende m\u00e5neder kan f\u00f8re til betydelige forbedringer i din huds tilstand.<\/p>\n<p>Men fordelene ved hestem\u00e6lk str\u00e6kker sig ud over bare symptomlindring. Det hj\u00e6lper ogs\u00e5 med at genoprette en sund tarmflora, en vital faktor, da forstyrret tarmflora kan fremkalde forskellige hudtilstande, herunder eksem. De antibakterielle og antiinflammatoriske egenskaber af lysozym, immunoglobulin IgA, og <a href=\"https:\/\/www.equilac.com\/da\/lactoferrin\/\">lactoferrin i hestem\u00e6lk<\/a> forst\u00e6rker immunsystemet og reducerer bet\u00e6ndelse.<\/p>\n<p>At v\u00e6lge hestem\u00e6lk som en naturlig behandling mod eksem baner vejen for en holistisk tilgang, der tilbyder lindring og styrker immunsystemet indefra. Dette er en sikrere og sundere tilgang end de mange brugte <a href=\"https:\/\/pro.medicin.dk\/Laegemiddelgrupper\/Grupper\/171030\" target=\"_blank\" rel=\"nofollow noopener\">kortikosteroider<\/a> til behandling af eksem. Denne interne styrkelse er afg\u00f8rende, da et sv\u00e6kket immunsystem ofte fremkalder bet\u00e6ndelse, en hyppig underliggende udl\u00f8ser af eksem.<\/p>\n<p>Den antiinflammatoriske virkning af hestem\u00e6lk viser sig at v\u00e6re uvurderlig i bek\u00e6mpelsen af forskellige former for eksem, inklusive seborrheisk dermatitis og nummul\u00e6r dermatitis, hvilket viser dens alsidighed som en <a href=\"https:\/\/www.equilac.com\/da\/psoriasis\/\">naturlig behandling for psoriasis<\/a> og andre lignende tilstande. Den langsigtede anvendelse af hestem\u00e6lk giver din hud, krop og immunsystem tid til at tilpasse sig og reparere, hvilket reducerer ubehag ved eksem.<\/p>\n<p>Brug af <a href=\"https:\/\/www.equilac.com\/da\/hestemaelk\/\">hestem\u00e6lk<\/a> lindrer og neds\u00e6tter eksemsymptomer, hvilket giver lindring og komfort. Du adresserer symptomerne med hestem\u00e6lk kapsler og forbedrer din huds sundhed indefra.<\/p>\n<p>Hestem\u00e6lk er ogs\u00e5 velegnet til <a href=\"https:\/\/www.equilac.com\/da\/hestemaelk-akne\/\">behandling af acne indefra<\/a> og andre hudproblemer, hvilket g\u00f8r det til en stor hj\u00e6lp for forskellige hudproblemer. Det bringer et alternativ til dem, der har pr\u00f8vet traditionelle behandlinger med lidt eller ingen succes. Indtagelse af hestem\u00e6lk kapsler i mindst tre m\u00e5neder g\u00f8r det muligt for dig at bem\u00e6rke positive \u00e6ndringer i din huds tilstand.<\/p>\n","protected":false},"excerpt":{"rendered":"<p>Eksem, en kronisk hudtilstand, kan medf\u00f8re betydelig ubehag, men kapsler med hestem\u00e6lk kan udg\u00f8re en mulighed for lindring. Som et naturligt middel mod eksem, bek\u00e6mper hestem\u00e6lk kapsler symptomerne og \u00e5rsagerne til eksem indefra. Hestem\u00e6lk er rig p\u00e5 unikke proteiner som lactoferrin, der er essentielle for at styrke immunsystemet og lindre hudbet\u00e6ndelse, grundl\u00e6ggende karakteristika ved eksem. [&hellip;]<\/p>\n","protected":false},"author":1,"featured_media":4676,"parent":0,"menu_order":0,"comment_status":"closed","ping_status":"closed","template":"","meta":{"_uf_show_specific_survey":0,"_uf_disable_surveys":false,"footnotes":""},"categories":[172,175],"tags":[181],"class_list":["post-6987","page","type-page","status-publish","has-post-thumbnail","hentry","category-hoppemaelk","category-hudproblemer","tag-related-da"],"jetpack_sharing_enabled":true,"_links":{"self":[{"href":"https:\/\/www.equilac.com\/da\/wp-json\/wp\/v2\/pages\/6987","targetHints":{"allow":["GET"]}}],"collection":[{"href":"https:\/\/www.equilac.com\/da\/wp-json\/wp\/v2\/pages"}],"about":[{"href":"https:\/\/www.equilac.com\/da\/wp-json\/wp\/v2\/types\/page"}],"author":[{"embeddable":true,"href":"https:\/\/www.equilac.com\/da\/wp-json\/wp\/v2\/users\/1"}],"replies":[{"embeddable":true,"href":"https:\/\/www.equilac.com\/da\/wp-json\/wp\/v2\/comments?post=6987"}],"version-history":[{"count":2,"href":"https:\/\/www.equilac.com\/da\/wp-json\/wp\/v2\/pages\/6987\/revisions"}],"predecessor-version":[{"id":13359,"href":"https:\/\/www.equilac.com\/da\/wp-json\/wp\/v2\/pages\/6987\/revisions\/13359"}],"wp:featuredmedia":[{"embeddable":true,"href":"https:\/\/www.equilac.com\/da\/wp-json\/wp\/v2\/media\/4676"}],"wp:attachment":[{"href":"https:\/\/www.equilac.com\/da\/wp-json\/wp\/v2\/media?parent=6987"}],"wp:term":[{"taxonomy":"category","embeddable":true,"href":"https:\/\/www.equilac.com\/da\/wp-json\/wp\/v2\/categories?post=6987"},{"taxonomy":"post_tag","embeddable":true,"href":"https:\/\/www.equilac.com\/da\/wp-json\/wp\/v2\/tags?post=6987"}],"curies":[{"name":"wp","href":"https:\/\/api.w.org\/{rel}","templated":true}]}}