{"id":7225,"date":"2023-06-18T20:30:51","date_gmt":"2023-06-18T20:30:51","guid":{"rendered":"https:\/\/www.equilac.com\/paardenmelk-tegen-acne\/"},"modified":"2023-10-05T17:29:00","modified_gmt":"2023-10-05T17:29:00","slug":"hestemaelk-akne","status":"publish","type":"page","link":"https:\/\/www.equilac.com\/da\/hestemaelk-akne\/","title":{"rendered":"Hestem\u00e6lk: en naturlig behandling af akne indefra"},"content":{"rendered":"<p>Akne er en almindelig hudlidelse, der for\u00e5rsager bumser, sorte prikker og komedoner p\u00e5 din hud. Hvis du s\u00f8ger et naturligt middel mod akne, er <a href=\"https:\/\/www.equilac.com\/da\/vare\/hestemaelk-kapsler\/\">kapsler med hestem\u00e6lk<\/a> et alternativ til aknebehandling. Disse kapsler bek\u00e6mper symptomer og \u00e5rsager til akne indefra, hvilket giver en omfattende tilgang til en klarere hud.<\/p>\n<p>Hestem\u00e6lk kapsler er et kosttilskud, der reducerer akne og bumser ved at fokusere p\u00e5 symptomer og \u00e5rsagen til akne. Hestem\u00e6lk indeholder essentielle vitaminer og proteiner, hvilket g\u00f8r den ikke kun god til at bek\u00e6mpe akne, men ogs\u00e5 gavnlig for <a href=\"https:\/\/www.equilac.com\/da\/psoriasis\/\">lindring af psoriasis<\/a> og eksem.<\/p>\n<p>Dette naturlige middel mod akne er praktisk og kan supplere andre aknebehandlinger. At tage to kapsler dagligt i tre p\u00e5 hinanden f\u00f8lgende m\u00e5neder kan hj\u00e6lpe med at genoprette huden og forbedre din huds tilstand.<\/p>\n<p><a href=\"https:\/\/www.equilac.com\/da\/lactoferrin\/\">Lactoferrin<\/a>, et unikt protein, der findes i hestem\u00e6lk, har vist lovende resultater i kampen mod akne. Dette antibakterielle og antiinflammatoriske middel regulerer sebumproduktion, hvilket minimerer sandsynligheden for tilstopning af porer, aknebet\u00e6ndelse og udbrud. Denne tilgang forebygger og behandler effektivt akne indefra.<\/p>\n<p>Er aknebehandlinger som <a href=\"https:\/\/min.medicin.dk\/Laegemiddelgrupper\/Grupper\/315395\" target=\"_blank\" rel=\"nofollow noopener\">isotretinoin kapsler<\/a>, cremer og geler, der indeholder salicylsyre, benzoylperoxid eller retinsyre utilstr\u00e6kkelige? Behandl da akne p\u00e5 en anden m\u00e5de, indefra ved kilden til tilstanden. I mods\u00e6tning til ordin\u00e6re behandlinger, der kan have bivirkninger, tilbyder hestem\u00e6lk kapsler en sikker og naturlig m\u00e5de at behandle og forhindre akne p\u00e5.<\/p>\n<p>Hestem\u00e6lk kapsler kan hj\u00e6lpe med at undg\u00e5 fedtet hud og mindske aknear. Denne forebyggende og sikre aknebehandling arbejder aktivt for at fjerne din hud fra aknefor\u00e5rsagende bakterier, hvilket f\u00f8rer til m\u00e6rkbare forbedringer i din huds sundhed.<\/p>\n<p><a href=\"https:\/\/www.equilac.com\/da\/hestemaelk\/\">Hestem\u00e6lk<\/a> er en sikker og effektiv tilgang til at behandle akne indefra. Forbedre din overordnede hud sundhed med hestem\u00e6lk kapsler som et alternativ behandling for akne vulgaris eller hj\u00e6lp med akneudsat hud. Det bringer et alternativ til dem, der har pr\u00f8vet traditionelle midler med lidt eller ingen succes.<\/p>\n","protected":false},"excerpt":{"rendered":"<p>Akne er en almindelig hudlidelse, der for\u00e5rsager bumser, sorte prikker og komedoner p\u00e5 din hud. Hvis du s\u00f8ger et naturligt middel mod akne, er kapsler med hestem\u00e6lk et alternativ til aknebehandling. Disse kapsler bek\u00e6mper symptomer og \u00e5rsager til akne indefra, hvilket giver en omfattende tilgang til en klarere hud. Hestem\u00e6lk kapsler er et kosttilskud, der [&hellip;]<\/p>\n","protected":false},"author":1,"featured_media":6018,"parent":0,"menu_order":0,"comment_status":"closed","ping_status":"closed","template":"","meta":{"_uf_show_specific_survey":0,"_uf_disable_surveys":false,"footnotes":""},"categories":[175],"tags":[181],"class_list":["post-7225","page","type-page","status-publish","has-post-thumbnail","hentry","category-hudproblemer","tag-related-da"],"jetpack_sharing_enabled":true,"_links":{"self":[{"href":"https:\/\/www.equilac.com\/da\/wp-json\/wp\/v2\/pages\/7225","targetHints":{"allow":["GET"]}}],"collection":[{"href":"https:\/\/www.equilac.com\/da\/wp-json\/wp\/v2\/pages"}],"about":[{"href":"https:\/\/www.equilac.com\/da\/wp-json\/wp\/v2\/types\/page"}],"author":[{"embeddable":true,"href":"https:\/\/www.equilac.com\/da\/wp-json\/wp\/v2\/users\/1"}],"replies":[{"embeddable":true,"href":"https:\/\/www.equilac.com\/da\/wp-json\/wp\/v2\/comments?post=7225"}],"version-history":[{"count":3,"href":"https:\/\/www.equilac.com\/da\/wp-json\/wp\/v2\/pages\/7225\/revisions"}],"predecessor-version":[{"id":13335,"href":"https:\/\/www.equilac.com\/da\/wp-json\/wp\/v2\/pages\/7225\/revisions\/13335"}],"wp:featuredmedia":[{"embeddable":true,"href":"https:\/\/www.equilac.com\/da\/wp-json\/wp\/v2\/media\/6018"}],"wp:attachment":[{"href":"https:\/\/www.equilac.com\/da\/wp-json\/wp\/v2\/media?parent=7225"}],"wp:term":[{"taxonomy":"category","embeddable":true,"href":"https:\/\/www.equilac.com\/da\/wp-json\/wp\/v2\/categories?post=7225"},{"taxonomy":"post_tag","embeddable":true,"href":"https:\/\/www.equilac.com\/da\/wp-json\/wp\/v2\/tags?post=7225"}],"curies":[{"name":"wp","href":"https:\/\/api.w.org\/{rel}","templated":true}]}}