{"id":7640,"date":"2023-07-02T12:36:51","date_gmt":"2023-07-02T12:36:51","guid":{"rendered":"https:\/\/www.equilac.com\/hestemaelk-kapsler-til-hudproblemer\/"},"modified":"2023-10-09T06:52:47","modified_gmt":"2023-10-09T06:52:47","slug":"hestemaelk-kapsler-til-hudproblemer","status":"publish","type":"page","link":"https:\/\/www.equilac.com\/da\/hestemaelk-kapsler-til-hudproblemer\/","title":{"rendered":"Hestem\u00e6lk behandler hudproblemer indefra"},"content":{"rendered":"<p><a href=\"https:\/\/www.equilac.com\/da\/hestemaelk\/\">Hestem\u00e6lk<\/a> kan hj\u00e6lpe som en naturlig l\u00f8sning mod hudlidelser som psoriasis, eksem og akne. Denne naturlige behandling bruges oftere til at behandle hudproblemer indefra. Hestem\u00e6lk angriber hudproblemerne fra bunden i stedet for kun symptomerne, som kortikosteroider midlertidigt kan d\u00e6kke over. Hestem\u00e6lk er ikke en hurtig, midlertidig l\u00f8sning, men en gradvis, langvarig behandling mod en sundere hud.<\/p>\n<p>Din tarmhelses betydning er afg\u00f8rende for din hud, kendt som tarm-hud-aksen, og det er her, hestem\u00e6lk spiller en vigtig rolle i lindring af hudproblemer indefra.<\/p>\n<p>Hestem\u00e6lk indeholder lactoferrin, et protein der er gavnligt for din tarmflora og immunsystem. Lactoferrin er kendt for sine antimikrobielle og antiinflammatoriske egenskaber. Det bidrager til en sund tarmflora, hvilket sikrer en balance af gavnlige <a href=\"https:\/\/videnskab.dk\/krop-sundhed\/tarmbakterier-de-stoerste-opdagelser-i-2021-og-hvad-vi-stadig-savner-svar-paa\/\" target=\"_blank\" rel=\"nofollow noopener\">tarmbakterier<\/a>. En balanceret tarm er afg\u00f8rende for korrekt immunfunktion, n\u00e6ringsstofabsorption og forebyggelse af inflammation, hvilket direkte p\u00e5virker hudens sundhed.<\/p>\n<p><a href=\"https:\/\/www.equilac.com\/da\/vare\/hestemaelk-kapsler\/\">Hestem\u00e6lk kapsler<\/a> kan bruges som en selvst\u00e6ndig behandling af hudproblemer eller som et supplement til andre terapier. Brug af hestem\u00e6lk er en sikker, naturlig mulighed for at forbedre din generelle sundhed og hudtilstand indefra.<\/p>\n<p>Den <a href=\"https:\/\/www.equilac.com\/da\/sammensaetning-af-hestemaelk\/\">naturlige sammens\u00e6tning af hestem\u00e6lk<\/a> minimerer risikoen for <a href=\"https:\/\/www.equilac.com\/da\/hestemaelk-og-mulige-bivirkninger\/\">bivirkninger<\/a>, hvilket g\u00f8r det til et egnet valg, hvis du foretr\u00e6kker naturlige midler. Det anbefales at tage hestem\u00e6lk kapsler i mindst tre m\u00e5neder for at bem\u00e6rke en forbedring i din hudtilstand.<\/p>\n<p>Brugererfaringer med hestem\u00e6lk har vist positive resultater for f\u00f8lgende hudproblemer:<\/p>\n<h2>Psoriasis<\/h2>\n<p>Hestem\u00e6lk kapsler, s\u00e5som Equilac\u00ae, kan hj\u00e6lpe med at lindre symptomer p\u00e5 psoriasis, reducere r\u00f8dme, kl\u00f8e og sk\u00e6l. Hele 62% af Equilac\u00ae-brugerne bem\u00e6rker nedsatte psoriasis-symptomer inden for tre m\u00e5neder. Det er is\u00e6r gavnligt for brugere, der har pr\u00f8vet forskellige behandlinger med begr\u00e6nset succes.<\/p>\n<p>Som en <a href=\"https:\/\/www.equilac.com\/da\/psoriasis\/\">naturlig psoriasis-middel<\/a> kan hestem\u00e6lk kapsler supplere andre psoriasis-behandlinger, som kortikosteroider.<\/p>\n<h2>Eksem<\/h2>\n<p>Personer med eksem kan finde mulig lindring med hestem\u00e6lk kapsler, en <a href=\"https:\/\/www.equilac.com\/da\/hestemaelk-mod-eksem\/\">alternativ behandling for eksem<\/a>, der adresserer b\u00e5de symptomer og \u00e5rsager til eksem internt. De antiinflammatoriske fordele ved hestem\u00e6lk bek\u00e6mper effektivt forskellige typer af eksem, inklusiv seborrheic og nummular dermatitis. Langtidsbrug af hestem\u00e6lk kapsler tillader din hud, krop og immunsystem at tilpasse sig, hvilket f\u00f8rer til reducerede eksem-symptomer.<\/p>\n<h2>Akne<\/h2>\n<p>Hestem\u00e6lk tilbyder en sikker og effektiv metode til at <a href=\"https:\/\/www.equilac.com\/da\/hestemaelk-akne\/\">bek\u00e6mpe akne indefra<\/a>, en udbredt hudlidelse markeret af bumser, sortehoveder og komedoner. Hestem\u00e6lk kapsler er en naturlig og alternativ l\u00f8sning for akne, som angriber b\u00e5de symptomer og rod\u00e5rsager. Dette kosttilskud hj\u00e6lper med at reducere akne og bumser for en klarere hud. Som en naturlig kur indefra kan hestem\u00e6lk kapsler supplere andre akne-behandlinger for optimale resultater.<\/p>\n","protected":false},"excerpt":{"rendered":"<p>Hestem\u00e6lk kan hj\u00e6lpe som en naturlig l\u00f8sning mod hudlidelser som psoriasis, eksem og akne. Denne naturlige behandling bruges oftere til at behandle hudproblemer indefra. Hestem\u00e6lk angriber hudproblemerne fra bunden i stedet for kun symptomerne, som kortikosteroider midlertidigt kan d\u00e6kke over. Hestem\u00e6lk er ikke en hurtig, midlertidig l\u00f8sning, men en gradvis, langvarig behandling mod en sundere [&hellip;]<\/p>\n","protected":false},"author":1,"featured_media":4676,"parent":0,"menu_order":0,"comment_status":"closed","ping_status":"closed","template":"","meta":{"_uf_show_specific_survey":0,"_uf_disable_surveys":false,"footnotes":""},"categories":[175],"tags":[181],"class_list":["post-7640","page","type-page","status-publish","has-post-thumbnail","hentry","category-hudproblemer","tag-related-da"],"jetpack_sharing_enabled":true,"_links":{"self":[{"href":"https:\/\/www.equilac.com\/da\/wp-json\/wp\/v2\/pages\/7640","targetHints":{"allow":["GET"]}}],"collection":[{"href":"https:\/\/www.equilac.com\/da\/wp-json\/wp\/v2\/pages"}],"about":[{"href":"https:\/\/www.equilac.com\/da\/wp-json\/wp\/v2\/types\/page"}],"author":[{"embeddable":true,"href":"https:\/\/www.equilac.com\/da\/wp-json\/wp\/v2\/users\/1"}],"replies":[{"embeddable":true,"href":"https:\/\/www.equilac.com\/da\/wp-json\/wp\/v2\/comments?post=7640"}],"version-history":[{"count":2,"href":"https:\/\/www.equilac.com\/da\/wp-json\/wp\/v2\/pages\/7640\/revisions"}],"predecessor-version":[{"id":13401,"href":"https:\/\/www.equilac.com\/da\/wp-json\/wp\/v2\/pages\/7640\/revisions\/13401"}],"wp:featuredmedia":[{"embeddable":true,"href":"https:\/\/www.equilac.com\/da\/wp-json\/wp\/v2\/media\/4676"}],"wp:attachment":[{"href":"https:\/\/www.equilac.com\/da\/wp-json\/wp\/v2\/media?parent=7640"}],"wp:term":[{"taxonomy":"category","embeddable":true,"href":"https:\/\/www.equilac.com\/da\/wp-json\/wp\/v2\/categories?post=7640"},{"taxonomy":"post_tag","embeddable":true,"href":"https:\/\/www.equilac.com\/da\/wp-json\/wp\/v2\/tags?post=7640"}],"curies":[{"name":"wp","href":"https:\/\/api.w.org\/{rel}","templated":true}]}}