{"id":7648,"date":"2023-08-01T19:04:01","date_gmt":"2023-08-01T19:04:01","guid":{"rendered":"https:\/\/www.equilac.com\/paardenmelk-darmflora\/"},"modified":"2023-10-06T14:52:32","modified_gmt":"2023-10-06T14:52:32","slug":"hestemaelk-fremmer-tarmfloraen","status":"publish","type":"page","link":"https:\/\/www.equilac.com\/da\/hestemaelk-fremmer-tarmfloraen\/","title":{"rendered":"Hestem\u00e6lk fremmer tarmfloraen"},"content":{"rendered":"<p><a href=\"https:\/\/www.equilac.com\/da\/hestemaelk\/\">Hestem\u00e6lk<\/a> fremmer tarmfloraen ved at fungere som et naturligt probiotikum. Det hj\u00e6lper med at opretholde en sund balance mellem gode og skadelige bakterier i tarmen, hvilket er afg\u00f8rende for optimal ford\u00f8jelse, optagelse af n\u00e6ringsstoffer og generelt helbred.<\/p>\n<p>Hestem\u00e6lk er sp\u00e6kket med gavnlige bakterier, hvilket g\u00f8r det til et potent naturligt probiotikum. Disse bakterier bidrager til din tarmfloras sundhed, ogs\u00e5 kaldet tarmmikrobiomet. Et afbalanceret tarmmikrobiom er afg\u00f8rende for et velfungerende ford\u00f8jelsessystem, effektiv optagelse af n\u00e6ringsstoffer og et <a href=\"https:\/\/www.equilac.com\/da\/hestemaelk-og-immunforsvaret\/\">st\u00e6rkt immunsystem<\/a>.<\/p>\n<p>Hvis din tarmflora bliver ubalanceret p\u00e5 grund af sygdom eller antibiotika, kan du opleve ford\u00f8jelsesproblemer som diarr\u00e9, forstoppelse og oppustethed. Hestem\u00e6lk kan hj\u00e6lpe med at genoprette denne balance ved at genopbygge gode bakterier og hj\u00e6lpe med at fjerne affald. Lactoferrin, et protein i hestem\u00e6lk, forbedrer dets fordele yderligere ved at tilbyde anti-inflammatoriske og antimikrobielle egenskaber, der bek\u00e6mper skadelige bakterier.<\/p>\n<p>De positive virkninger af hestem\u00e6lk r\u00e6kker ud over tarmen. Der er en direkte sammenh\u00e6ng mellem din tarmfloras sundhed og din huds tilstand, almindeligvis omtalt som tarm-hud-aksen. En ubalanceret tarmflora kan resultere i <a href=\"https:\/\/www.equilac.com\/da\/hestemaelk-kapsler-til-hudproblemer\/\">hudproblemer<\/a> som eksem, psoriasis og acne. Hoppem\u00e6lk virker indefra for at forbedre tarmsundheden og hudforholdene.<\/p>\n<p>For varige fordele p\u00e5 tarm- og hudsundheden, er det tilr\u00e5deligt at bruge <a href=\"https:\/\/www.equilac.com\/da\/vare\/hestemaelk-kapsler\/\">hestem\u00e6lkskapsler<\/a> i mindst tre p\u00e5 hinanden f\u00f8lgende m\u00e5neder. Disse kapsler g\u00f8r det nemmere at inkorporere hestem\u00e6lk i din daglige sundhedskur.<\/p>\n<p>Hestem\u00e6lk arbejder indefra for at forbedre tarmfloraen, booste immunforsvaret og fremme det generelle velv\u00e6re. Dens unikke egenskaber g\u00f8r den til en fremragende naturlig l\u00f8sning til forskellige sundhedsproblemer, fra ford\u00f8jelsesforstyrrelser til hudproblemer. Ved at fremme en sund tarmflora hj\u00e6lper hestem\u00e6lk med effektiv nedbrydning og optagelse af n\u00e6ringsstoffer, hvilket muligg\u00f8r en bedre fungerende krop.<\/p>\n","protected":false},"excerpt":{"rendered":"<p>Hestem\u00e6lk fremmer tarmfloraen ved at fungere som et naturligt probiotikum. Det hj\u00e6lper med at opretholde en sund balance mellem gode og skadelige bakterier i tarmen, hvilket er afg\u00f8rende for optimal ford\u00f8jelse, optagelse af n\u00e6ringsstoffer og generelt helbred. Hestem\u00e6lk er sp\u00e6kket med gavnlige bakterier, hvilket g\u00f8r det til et potent naturligt probiotikum. Disse bakterier bidrager til [&hellip;]<\/p>\n","protected":false},"author":1,"featured_media":6190,"parent":0,"menu_order":0,"comment_status":"closed","ping_status":"closed","template":"","meta":{"_uf_show_specific_survey":0,"_uf_disable_surveys":false,"footnotes":""},"categories":[174],"tags":[181],"class_list":["post-7648","page","type-page","status-publish","has-post-thumbnail","hentry","category-tarmflora","tag-related-da"],"jetpack_sharing_enabled":true,"_links":{"self":[{"href":"https:\/\/www.equilac.com\/da\/wp-json\/wp\/v2\/pages\/7648","targetHints":{"allow":["GET"]}}],"collection":[{"href":"https:\/\/www.equilac.com\/da\/wp-json\/wp\/v2\/pages"}],"about":[{"href":"https:\/\/www.equilac.com\/da\/wp-json\/wp\/v2\/types\/page"}],"author":[{"embeddable":true,"href":"https:\/\/www.equilac.com\/da\/wp-json\/wp\/v2\/users\/1"}],"replies":[{"embeddable":true,"href":"https:\/\/www.equilac.com\/da\/wp-json\/wp\/v2\/comments?post=7648"}],"version-history":[{"count":1,"href":"https:\/\/www.equilac.com\/da\/wp-json\/wp\/v2\/pages\/7648\/revisions"}],"predecessor-version":[{"id":13389,"href":"https:\/\/www.equilac.com\/da\/wp-json\/wp\/v2\/pages\/7648\/revisions\/13389"}],"wp:featuredmedia":[{"embeddable":true,"href":"https:\/\/www.equilac.com\/da\/wp-json\/wp\/v2\/media\/6190"}],"wp:attachment":[{"href":"https:\/\/www.equilac.com\/da\/wp-json\/wp\/v2\/media?parent=7648"}],"wp:term":[{"taxonomy":"category","embeddable":true,"href":"https:\/\/www.equilac.com\/da\/wp-json\/wp\/v2\/categories?post=7648"},{"taxonomy":"post_tag","embeddable":true,"href":"https:\/\/www.equilac.com\/da\/wp-json\/wp\/v2\/tags?post=7648"}],"curies":[{"name":"wp","href":"https:\/\/api.w.org\/{rel}","templated":true}]}}