{"id":7772,"date":"2023-06-27T04:03:08","date_gmt":"2023-06-27T04:03:08","guid":{"rendered":"https:\/\/www.equilac.com\/paardenmelk-bijwerkingen\/"},"modified":"2023-09-13T14:42:05","modified_gmt":"2023-09-13T14:42:05","slug":"hestemaelk-og-mulige-bivirkninger","status":"publish","type":"page","link":"https:\/\/www.equilac.com\/da\/hestemaelk-og-mulige-bivirkninger\/","title":{"rendered":"Er hestem\u00e6lk sikker? Ulemper og bivirkninger forklaret"},"content":{"rendered":"<p>For nogle brugere kan klagerne forv\u00e6rres i den f\u00f8rste m\u00e5ned efter start med <a href=\"https:\/\/www.equilac.com\/da\/\">hestem\u00e6lk<\/a>. Derudover indeholder hestem\u00e6lk laktose, som kan v\u00e6re et problem for mennesker med laktoseallergi. Det anbefales heller ikke under graviditet.<\/p>\n<p>Hestem\u00e6lk er generelt sikkert, men p\u00e5 trods af de sundhedsm\u00e6ssige fordele ved hestem\u00e6lk, er det vigtigt at kende de mulige bivirkninger og ulemper.<\/p>\n<p>Ved laktoseintolerans er det vigtigt at konsultere en l\u00e6ge, inden man begynder med hestem\u00e6lk. Det er ogs\u00e5 muligt, at dine plager midlertidigt forv\u00e6rres, fordi din krop reagerer p\u00e5 indtagelse af nye stoffer. Dette er ofte midlertidigt og betyder, at kroppen har travlt med at fjerne affald.<\/p>\n<p>Det frar\u00e5des heller at bruge hestem\u00e6lk, hvis man er allergisk over for heste. I s\u00e5 fald kan der opst\u00e5 alvorlige allergiske reaktioner, som kun forv\u00e6rrer situationen. Hvis du har en hesteallergi, er det afg\u00f8rende at overveje alternative behandlinger og konsultere en ekspert for skr\u00e6ddersyet r\u00e5dgivning.<\/p>\n<p><strong>Vil du vide mere om hestem\u00e6lk?<\/strong><\/p>\n<ul>\n<li><a href=\"https:\/\/www.equilac.com\/da\/hestemaelk-og-laktose\/\">Er laktosefri hestem\u00e6lk<\/a><\/li>\n<li><a href=\"https:\/\/www.equilac.com\/da\/sammensaetning-af-hestemaelk\/\">Hvad er der i hestem\u00e6lk<\/a><\/li>\n<\/ul>\n<p>Det vigtige er, at hestem\u00e6lk har brug for en vis tid for at v\u00e6re effektiv. Nogle brugere tror, at hestem\u00e6lk ikke virker, fordi de skal pr\u00f8ve det l\u00e6ngere. Den anbefalede indtagelsesperiode er normalt tre m\u00e5neder, hvor det anbefales at tage to kapsler dagligt. Hvis du g\u00f8r dette, kan du v\u00e6re tilfreds med resultaterne.<\/p>\n<p>Hestem\u00e6lk virker indefra og kan lindre forskellige lidelser. Det er dog vigtigt at v\u00e6lge en hestem\u00e6lkskapsel af h\u00f8j kvalitet. Der findes mange forskellige typer p\u00e5 markedet, og ikke alle indeholder en h\u00f8j dosis koncentreret hestem\u00e6lkspulver.<\/p>\n","protected":false},"excerpt":{"rendered":"<p>For nogle brugere kan klagerne forv\u00e6rres i den f\u00f8rste m\u00e5ned efter start med hestem\u00e6lk. Derudover indeholder hestem\u00e6lk laktose, som kan v\u00e6re et problem for mennesker med laktoseallergi. Det anbefales heller ikke under graviditet. Hestem\u00e6lk er generelt sikkert, men p\u00e5 trods af de sundhedsm\u00e6ssige fordele ved hestem\u00e6lk, er det vigtigt at kende de mulige bivirkninger og [&hellip;]<\/p>\n","protected":false},"author":1,"featured_media":1235,"parent":0,"menu_order":0,"comment_status":"closed","ping_status":"closed","template":"","meta":{"_uf_show_specific_survey":0,"_uf_disable_surveys":false,"footnotes":""},"categories":[221],"tags":[181],"class_list":["post-7772","page","type-page","status-publish","has-post-thumbnail","hentry","category-gebruik","tag-related-da"],"jetpack_sharing_enabled":true,"_links":{"self":[{"href":"https:\/\/www.equilac.com\/da\/wp-json\/wp\/v2\/pages\/7772","targetHints":{"allow":["GET"]}}],"collection":[{"href":"https:\/\/www.equilac.com\/da\/wp-json\/wp\/v2\/pages"}],"about":[{"href":"https:\/\/www.equilac.com\/da\/wp-json\/wp\/v2\/types\/page"}],"author":[{"embeddable":true,"href":"https:\/\/www.equilac.com\/da\/wp-json\/wp\/v2\/users\/1"}],"replies":[{"embeddable":true,"href":"https:\/\/www.equilac.com\/da\/wp-json\/wp\/v2\/comments?post=7772"}],"version-history":[{"count":0,"href":"https:\/\/www.equilac.com\/da\/wp-json\/wp\/v2\/pages\/7772\/revisions"}],"wp:featuredmedia":[{"embeddable":true,"href":"https:\/\/www.equilac.com\/da\/wp-json\/wp\/v2\/media\/1235"}],"wp:attachment":[{"href":"https:\/\/www.equilac.com\/da\/wp-json\/wp\/v2\/media?parent=7772"}],"wp:term":[{"taxonomy":"category","embeddable":true,"href":"https:\/\/www.equilac.com\/da\/wp-json\/wp\/v2\/categories?post=7772"},{"taxonomy":"post_tag","embeddable":true,"href":"https:\/\/www.equilac.com\/da\/wp-json\/wp\/v2\/tags?post=7772"}],"curies":[{"name":"wp","href":"https:\/\/api.w.org\/{rel}","templated":true}]}}