{"id":8073,"date":"2023-06-11T17:42:01","date_gmt":"2023-06-11T17:42:01","guid":{"rendered":"https:\/\/www.equilac.com\/hvordan-laves-hestemaelk\/"},"modified":"2023-09-26T10:00:56","modified_gmt":"2023-09-26T10:00:56","slug":"hvordan-laves-hestemaelk","status":"publish","type":"page","link":"https:\/\/www.equilac.com\/da\/hvordan-laves-hestemaelk\/","title":{"rendered":"Hvordan laves hestem\u00e6lk?"},"content":{"rendered":"<p>Hestem\u00e6lk produceres i specialg\u00e5rde kaldet hestemejerier. Efter f\u00f8llets f\u00f8dsel bliver hoppen hos f\u00f8llet i to m\u00e5neder for at give tilstr\u00e6kkelig n\u00e6ring. Efter denne periode adskilles hoppen fra sit f\u00f8l dagligt i et par timer for at blive malket.<\/p>\n<p>Hestem\u00e6lksproduktion er en omhyggelig og dyrevenlig proces med specielle m\u00e6lkemaskiner tilpasset hoppens yver. Hoppen malkes 2 \u2013 5 gange om dagen, med pauser p\u00e5 op til tre timer mellem malkningssessionerne. Disse maskiner overholder internationale hygiejneforskrifter for at garantere m\u00e6lkekvaliteten.<\/p>\n<p>Efter malkning afk\u00f8les den r\u00e5 hestem\u00e6lk til 3\u00b0 Celsius eller fryses hurtigst muligt for at bevare dens friskhed. Om n\u00f8dvendigt kan frisk m\u00e6lk omdannes til hestem\u00e6lkspulver og forarbejdes i kapsler.<\/p>\n<p>Afh\u00e6ngig af hopperens race produceres der op til 10 liter hestem\u00e6lk om dagen, og cirka to liter hestem\u00e6lk gemmes til menneskeforbrug; dette sikrer, at de voksende f\u00f8l bliver tilstr\u00e6kkeligt fodret.<\/p>\n<p>Separationsperioden giver f\u00f8llene mulighed for at spise foder og h\u00f8 og lege med hinanden, hvilket hj\u00e6lper deres videre udvikling.<\/p>\n","protected":false},"excerpt":{"rendered":"<p>Hestem\u00e6lk produceres i specialg\u00e5rde kaldet hestemejerier. Efter f\u00f8llets f\u00f8dsel bliver hoppen hos f\u00f8llet i to m\u00e5neder for at give tilstr\u00e6kkelig n\u00e6ring. Efter denne periode adskilles hoppen fra sit f\u00f8l dagligt i et par timer for at blive malket. Hestem\u00e6lksproduktion er en omhyggelig og dyrevenlig proces med specielle m\u00e6lkemaskiner tilpasset hoppens yver. Hoppen malkes 2 \u2013 [&hellip;]<\/p>\n","protected":false},"author":1,"featured_media":1242,"parent":0,"menu_order":0,"comment_status":"closed","ping_status":"closed","template":"","meta":{"_uf_show_specific_survey":0,"_uf_disable_surveys":false,"footnotes":""},"categories":[229],"tags":[181],"class_list":["post-8073","page","type-page","status-publish","has-post-thumbnail","hentry","category-informatie","tag-related-da"],"jetpack_sharing_enabled":true,"_links":{"self":[{"href":"https:\/\/www.equilac.com\/da\/wp-json\/wp\/v2\/pages\/8073","targetHints":{"allow":["GET"]}}],"collection":[{"href":"https:\/\/www.equilac.com\/da\/wp-json\/wp\/v2\/pages"}],"about":[{"href":"https:\/\/www.equilac.com\/da\/wp-json\/wp\/v2\/types\/page"}],"author":[{"embeddable":true,"href":"https:\/\/www.equilac.com\/da\/wp-json\/wp\/v2\/users\/1"}],"replies":[{"embeddable":true,"href":"https:\/\/www.equilac.com\/da\/wp-json\/wp\/v2\/comments?post=8073"}],"version-history":[{"count":1,"href":"https:\/\/www.equilac.com\/da\/wp-json\/wp\/v2\/pages\/8073\/revisions"}],"predecessor-version":[{"id":12233,"href":"https:\/\/www.equilac.com\/da\/wp-json\/wp\/v2\/pages\/8073\/revisions\/12233"}],"wp:featuredmedia":[{"embeddable":true,"href":"https:\/\/www.equilac.com\/da\/wp-json\/wp\/v2\/media\/1242"}],"wp:attachment":[{"href":"https:\/\/www.equilac.com\/da\/wp-json\/wp\/v2\/media?parent=8073"}],"wp:term":[{"taxonomy":"category","embeddable":true,"href":"https:\/\/www.equilac.com\/da\/wp-json\/wp\/v2\/categories?post=8073"},{"taxonomy":"post_tag","embeddable":true,"href":"https:\/\/www.equilac.com\/da\/wp-json\/wp\/v2\/tags?post=8073"}],"curies":[{"name":"wp","href":"https:\/\/api.w.org\/{rel}","templated":true}]}}