{"id":8102,"date":"2023-08-02T09:01:31","date_gmt":"2023-08-02T09:01:31","guid":{"rendered":"https:\/\/www.equilac.com\/hestemaelk-og-immunforsvaret\/"},"modified":"2023-10-06T14:29:52","modified_gmt":"2023-10-06T14:29:52","slug":"hestemaelk-og-immunforsvaret","status":"publish","type":"page","link":"https:\/\/www.equilac.com\/da\/hestemaelk-og-immunforsvaret\/","title":{"rendered":"Hestem\u00e6lk og immunforsvaret"},"content":{"rendered":"<p>Hestem\u00e6lk kan styrke dit immunforsvar og g\u00f8re dig mindre tilb\u00f8jelig til at blive syg. Et st\u00e6rkt forsvarssystem er afg\u00f8rende for dit helbred, fordi det hj\u00e6lper med at bek\u00e6mpe skadelige bakterier som vira og bakterier. Hestem\u00e6lk g\u00f8r dette ved at hj\u00e6lpe med at holde din tarm sund. En <a href=\"https:\/\/www.equilac.com\/da\/hestemaelk-fremmer-tarmfloraen\/\">sund tarm<\/a> fjerner affald fra din krop og forbedrer din modstand.<\/p>\n<p>Lactoferrin er en af de vigtigste ting i hestem\u00e6lk, der hj\u00e6lper dit immunsystem. Udover at hj\u00e6lpe dit immunsystem, er lactoferrin ogs\u00e5 godt for din hud. Dette kan is\u00e6r v\u00e6re nyttigt til hudproblemer som eksem eller acne.<\/p>\n<p>Nogle gange kan stress, ikke spise godt, ikke sove nok eller tage visse l\u00e6gemidler sv\u00e6kke dit immunsystem. Det g\u00f8r det lettere for dig at blive syg. Hvis du st\u00e5r over for dette problem, kan hestem\u00e6lk hj\u00e6lpe med at styrke dit immunsystem.<\/p>\n<p>Brugere af <a href=\"https:\/\/www.equilac.com\/da\/vare\/hestemaelk-kapsler\/\">hestem\u00e6lkskapsler<\/a> siger, at de f\u00f8ler sig mere vitale og bedre kan modst\u00e5 at blive syge. Hvis du pr\u00f8ver hestem\u00e6lkskapsler, er det at tage to hver dag i tre m\u00e5neder, hvad de fleste anbefaler for de bedste resultater.<\/p>\n<p>Men det er ikke nok kun at passe p\u00e5 dit helbred udefra; du skal ogs\u00e5 styrke din krop indefra. <a href=\"https:\/\/www.equilac.com\/da\/hestemaelk\/\">Hestem\u00e6lk<\/a> kan v\u00e6re en stor hj\u00e6lp til at g\u00f8re dette. Uanset om du drikker frisk hestem\u00e6lk eller tager det som en kapsel, kan det hj\u00e6lpe dig med at blive mere modstandsdygtig over for sygdom, booste dit immunforsvar og underst\u00f8tte din huds regenerative kapacitet.<\/p>\n","protected":false},"excerpt":{"rendered":"<p>Hestem\u00e6lk kan styrke dit immunforsvar og g\u00f8re dig mindre tilb\u00f8jelig til at blive syg. Et st\u00e6rkt forsvarssystem er afg\u00f8rende for dit helbred, fordi det hj\u00e6lper med at bek\u00e6mpe skadelige bakterier som vira og bakterier. Hestem\u00e6lk g\u00f8r dette ved at hj\u00e6lpe med at holde din tarm sund. En sund tarm fjerner affald fra din krop og [&hellip;]<\/p>\n","protected":false},"author":1,"featured_media":6250,"parent":0,"menu_order":0,"comment_status":"closed","ping_status":"closed","template":"","meta":{"_uf_show_specific_survey":0,"_uf_disable_surveys":false,"footnotes":""},"categories":[173],"tags":[181],"class_list":["post-8102","page","type-page","status-publish","has-post-thumbnail","hentry","category-immunsystem","tag-related-da"],"jetpack_sharing_enabled":true,"_links":{"self":[{"href":"https:\/\/www.equilac.com\/da\/wp-json\/wp\/v2\/pages\/8102","targetHints":{"allow":["GET"]}}],"collection":[{"href":"https:\/\/www.equilac.com\/da\/wp-json\/wp\/v2\/pages"}],"about":[{"href":"https:\/\/www.equilac.com\/da\/wp-json\/wp\/v2\/types\/page"}],"author":[{"embeddable":true,"href":"https:\/\/www.equilac.com\/da\/wp-json\/wp\/v2\/users\/1"}],"replies":[{"embeddable":true,"href":"https:\/\/www.equilac.com\/da\/wp-json\/wp\/v2\/comments?post=8102"}],"version-history":[{"count":1,"href":"https:\/\/www.equilac.com\/da\/wp-json\/wp\/v2\/pages\/8102\/revisions"}],"predecessor-version":[{"id":13373,"href":"https:\/\/www.equilac.com\/da\/wp-json\/wp\/v2\/pages\/8102\/revisions\/13373"}],"wp:featuredmedia":[{"embeddable":true,"href":"https:\/\/www.equilac.com\/da\/wp-json\/wp\/v2\/media\/6250"}],"wp:attachment":[{"href":"https:\/\/www.equilac.com\/da\/wp-json\/wp\/v2\/media?parent=8102"}],"wp:term":[{"taxonomy":"category","embeddable":true,"href":"https:\/\/www.equilac.com\/da\/wp-json\/wp\/v2\/categories?post=8102"},{"taxonomy":"post_tag","embeddable":true,"href":"https:\/\/www.equilac.com\/da\/wp-json\/wp\/v2\/tags?post=8102"}],"curies":[{"name":"wp","href":"https:\/\/api.w.org\/{rel}","templated":true}]}}