{"id":8123,"date":"2023-07-02T12:14:03","date_gmt":"2023-07-02T12:14:03","guid":{"rendered":"https:\/\/www.equilac.com\/hvordan-virker-hestemaelk\/"},"modified":"2023-10-09T07:06:29","modified_gmt":"2023-10-09T07:06:29","slug":"hvordan-virker-hestemaelk","status":"publish","type":"page","link":"https:\/\/www.equilac.com\/da\/hvordan-virker-hestemaelk\/","title":{"rendered":"Hvordan virker hestem\u00e6lk: hvorfor er det s\u00e5 sundt?"},"content":{"rendered":"<p><a href=\"https:\/\/www.equilac.com\/da\/hestemaelk\/\">Hestem\u00e6lk<\/a> arbejder indefra for at underst\u00f8tte en sund tarmflora og booster immunforsvaret. Disse fordele g\u00f8r hestem\u00e6lk til et bem\u00e6rkelsesv\u00e6rdigt naturligt middel mod mange sundhedsproblemer. Fremme af gode bakterier i ford\u00f8jelseskanalen hj\u00e6lper med at nedbryde mad til letoptagelige komponenter, der giver n\u00e6ring til alle dele af din krop.<\/p>\n<p>Rig p\u00e5 essentielle n\u00e6ringsstoffer som energi, jern, vitaminer og sporstoffer, hestem\u00e6lk deler en unik sammens\u00e6tning, der ligner moderm\u00e6lk, men med et lavt fedtindhold, hvilket g\u00f8r den mere tolerabel end kom\u00e6lk.<\/p>\n<p>Lactoferrin er en af n\u00f8gleingredienserne i hestem\u00e6lk, der g\u00f8r det s\u00e5 effektivt. Denne komponent er kendt for at styrke immunsystemet og forbedre hudens sundhed. N\u00e5r dit immunsystem er robust, er din krop bedre rustet til at afv\u00e6rge skadelige bakterier og vira. Lactoferrin hj\u00e6lper ogs\u00e5 med afgiftning ved at filtrere affald og toksiner fra.<\/p>\n<p>For dem, der besk\u00e6ftiger sig med ford\u00f8jelsesproblemer, kan en forstyrret tarmflora v\u00e6re \u00e5rsagen til problemet. De skadelige bakterier i din tarm kan producere affaldsstoffer, der til sidst kommer ind i din blodbane. Over tid kan dette v\u00e6re en belastning for organer som lever og nyrer, hvilket f\u00f8rer til en r\u00e6kke sundhedsproblemer. Ved at genetablere et sundt tarmmilj\u00f8 underst\u00f8tter hestem\u00e6lk den effektive eliminering af affald og toksiner.<\/p>\n<p>Hvis du er interesseret i at opleve fordelene ved hestem\u00e6lk, tilbyder <a href=\"https:\/\/www.equilac.com\/da\/vare\/hestemaelk-kapsler\/\">Equilac kapsler<\/a> en nem og bekvem form for indtagelse. For optimale resultater anbefales det at tage to kapsler dagligt i en sammenh\u00e6ngende periode p\u00e5 tre m\u00e5neder.<\/p>\n<p>Uanset om du \u00f8nsker at forbedre din hud, forbedre din ford\u00f8jelsessundhed eller styrke dit immunforsvar, tilbyder hestem\u00e6lk en holistisk tilgang til wellness, der virker indefra. Dette naturlige kosttilskud tackler symptomer og adresserer hoved\u00e5rsagen til sundhedsproblemer, hvilket g\u00f8r det til en v\u00e6rdifuld tilf\u00f8jelse til dit generelle helbred.<\/p>\n","protected":false},"excerpt":{"rendered":"<p>Hestem\u00e6lk arbejder indefra for at underst\u00f8tte en sund tarmflora og booster immunforsvaret. Disse fordele g\u00f8r hestem\u00e6lk til et bem\u00e6rkelsesv\u00e6rdigt naturligt middel mod mange sundhedsproblemer. Fremme af gode bakterier i ford\u00f8jelseskanalen hj\u00e6lper med at nedbryde mad til letoptagelige komponenter, der giver n\u00e6ring til alle dele af din krop. Rig p\u00e5 essentielle n\u00e6ringsstoffer som energi, jern, vitaminer [&hellip;]<\/p>\n","protected":false},"author":1,"featured_media":1256,"parent":0,"menu_order":0,"comment_status":"closed","ping_status":"closed","template":"","meta":{"_uf_show_specific_survey":0,"_uf_disable_surveys":false,"footnotes":""},"categories":[205,146],"tags":[181],"class_list":["post-8123","page","type-page","status-publish","has-post-thumbnail","hentry","category-gezondheid","category-darmflora","tag-related-da"],"jetpack_sharing_enabled":true,"_links":{"self":[{"href":"https:\/\/www.equilac.com\/da\/wp-json\/wp\/v2\/pages\/8123","targetHints":{"allow":["GET"]}}],"collection":[{"href":"https:\/\/www.equilac.com\/da\/wp-json\/wp\/v2\/pages"}],"about":[{"href":"https:\/\/www.equilac.com\/da\/wp-json\/wp\/v2\/types\/page"}],"author":[{"embeddable":true,"href":"https:\/\/www.equilac.com\/da\/wp-json\/wp\/v2\/users\/1"}],"replies":[{"embeddable":true,"href":"https:\/\/www.equilac.com\/da\/wp-json\/wp\/v2\/comments?post=8123"}],"version-history":[{"count":1,"href":"https:\/\/www.equilac.com\/da\/wp-json\/wp\/v2\/pages\/8123\/revisions"}],"predecessor-version":[{"id":13409,"href":"https:\/\/www.equilac.com\/da\/wp-json\/wp\/v2\/pages\/8123\/revisions\/13409"}],"wp:featuredmedia":[{"embeddable":true,"href":"https:\/\/www.equilac.com\/da\/wp-json\/wp\/v2\/media\/1256"}],"wp:attachment":[{"href":"https:\/\/www.equilac.com\/da\/wp-json\/wp\/v2\/media?parent=8123"}],"wp:term":[{"taxonomy":"category","embeddable":true,"href":"https:\/\/www.equilac.com\/da\/wp-json\/wp\/v2\/categories?post=8123"},{"taxonomy":"post_tag","embeddable":true,"href":"https:\/\/www.equilac.com\/da\/wp-json\/wp\/v2\/tags?post=8123"}],"curies":[{"name":"wp","href":"https:\/\/api.w.org\/{rel}","templated":true}]}}