{"id":8200,"date":"2023-07-02T13:13:44","date_gmt":"2023-07-02T13:13:44","guid":{"rendered":"https:\/\/www.equilac.com\/hestemaelkspulver\/"},"modified":"2023-10-09T08:50:01","modified_gmt":"2023-10-09T08:50:01","slug":"hestemaelkspulver","status":"publish","type":"page","link":"https:\/\/www.equilac.com\/da\/hestemaelkspulver\/","title":{"rendered":"Hvordan fremstilles hestem\u00e6lkspulver?"},"content":{"rendered":"<p>Hestem\u00e6lkspulver er en alsidig og praktisk m\u00e5de at nyde de sundhedsm\u00e6ssige fordele ved hestem\u00e6lk. Pulveret bevarer sine naturlige vitaminer og mineraler, hvor 91 % af vandet fjernes gennem fryset\u00f8rring eller sprayt\u00f8rring.<\/p>\n<p>Hestem\u00e6lkspulver opn\u00e5s ved at omdanne flydende <a href=\"https:\/\/www.equilac.com\/da\/hestemaelk\/\">hestem\u00e6lk<\/a> til en pulverform. Dette kan g\u00f8res ved to transformationsprocesser: fryset\u00f8rring eller sprayt\u00f8rring. Begge teknikker holder temperaturen under 38\u00b0C for at bevare m\u00e6lkens n\u00e6ringsindhold. I sprayt\u00f8rringsmetoden opvarmes m\u00e6lken til en bestemt temperatur for at dr\u00e6be u\u00f8nskede bakterier og bevare v\u00e6rdifulde elementer. Fryset\u00f8rringsprocessen g\u00e5r ud p\u00e5 at fryse m\u00e6lken og derefter t\u00f8rre den ved meget lave temperaturer, hvilket sikrer, at alle vitaminer, mineraler og proteiner holdes intakte.<\/p>\n<p>En af fordelene ved hestem\u00e6lkspulver er dets bekvemmelighed at bruge. Bland det med lunkent vand eller yoghurt, eller tag pulveret t\u00f8rt og skyl det v\u00e6k med vand. Det er vigtigt at undg\u00e5 at opvarme produktet for at bevare dets sundhedsm\u00e6ssige fordele.<\/p>\n<p><strong>Vil du vide mere om hestem\u00e6lk?<\/strong><\/p>\n<ul>\n<li><a href=\"https:\/\/www.equilac.com\/da\/drikker-frisk-hestemaelk\/\">Drikker frisk hestem\u00e6lk<\/a><\/li>\n<li><a href=\"https:\/\/www.equilac.com\/da\/kan-man-lave-ost-af-hestemaelk\/\">Kan du lave ost af hestem\u00e6lk<\/a><\/li>\n<\/ul>\n<p>Hestem\u00e6lkspulver er ogs\u00e5 tilg\u00e6ngelig i kapsler eller tabletter til dem, der finder den pulveriserede form udfordrende. Disse kapsler er nemme at opbevare, har en lang holdbarhed p\u00e5 op til 18 m\u00e5neder og kan nemt sendes.<\/p>\n<p>Hestem\u00e6lkspulver tilbyder en b\u00e6redygtig og bekvem m\u00e5de at st\u00f8tte dit helbred p\u00e5. Uanset om du v\u00e6lger at indtage det i pulverform eller kapsler, benytter du dig af et naturligt produkt, der er b\u00e5de alsidigt og gavnligt.<\/p>\n","protected":false},"excerpt":{"rendered":"<p>Hestem\u00e6lkspulver er en alsidig og praktisk m\u00e5de at nyde de sundhedsm\u00e6ssige fordele ved hestem\u00e6lk. Pulveret bevarer sine naturlige vitaminer og mineraler, hvor 91 % af vandet fjernes gennem fryset\u00f8rring eller sprayt\u00f8rring. Hestem\u00e6lkspulver opn\u00e5s ved at omdanne flydende hestem\u00e6lk til en pulverform. Dette kan g\u00f8res ved to transformationsprocesser: fryset\u00f8rring eller sprayt\u00f8rring. Begge teknikker holder temperaturen under [&hellip;]<\/p>\n","protected":false},"author":1,"featured_media":6325,"parent":0,"menu_order":0,"comment_status":"closed","ping_status":"closed","template":"","meta":{"_uf_show_specific_survey":0,"_uf_disable_surveys":false,"footnotes":""},"categories":[218],"tags":[181],"class_list":["post-8200","page","type-page","status-publish","has-post-thumbnail","hentry","category-produkter","tag-related-da"],"jetpack_sharing_enabled":true,"_links":{"self":[{"href":"https:\/\/www.equilac.com\/da\/wp-json\/wp\/v2\/pages\/8200","targetHints":{"allow":["GET"]}}],"collection":[{"href":"https:\/\/www.equilac.com\/da\/wp-json\/wp\/v2\/pages"}],"about":[{"href":"https:\/\/www.equilac.com\/da\/wp-json\/wp\/v2\/types\/page"}],"author":[{"embeddable":true,"href":"https:\/\/www.equilac.com\/da\/wp-json\/wp\/v2\/users\/1"}],"replies":[{"embeddable":true,"href":"https:\/\/www.equilac.com\/da\/wp-json\/wp\/v2\/comments?post=8200"}],"version-history":[{"count":1,"href":"https:\/\/www.equilac.com\/da\/wp-json\/wp\/v2\/pages\/8200\/revisions"}],"predecessor-version":[{"id":13474,"href":"https:\/\/www.equilac.com\/da\/wp-json\/wp\/v2\/pages\/8200\/revisions\/13474"}],"wp:featuredmedia":[{"embeddable":true,"href":"https:\/\/www.equilac.com\/da\/wp-json\/wp\/v2\/media\/6325"}],"wp:attachment":[{"href":"https:\/\/www.equilac.com\/da\/wp-json\/wp\/v2\/media?parent=8200"}],"wp:term":[{"taxonomy":"category","embeddable":true,"href":"https:\/\/www.equilac.com\/da\/wp-json\/wp\/v2\/categories?post=8200"},{"taxonomy":"post_tag","embeddable":true,"href":"https:\/\/www.equilac.com\/da\/wp-json\/wp\/v2\/tags?post=8200"}],"curies":[{"name":"wp","href":"https:\/\/api.w.org\/{rel}","templated":true}]}}