{"id":8219,"date":"2023-07-02T12:23:22","date_gmt":"2023-07-02T12:23:22","guid":{"rendered":"https:\/\/www.equilac.com\/forskning-i-hestemaelk\/"},"modified":"2023-10-09T08:29:49","modified_gmt":"2023-10-09T08:29:49","slug":"forskning-i-hestemaelk","status":"publish","type":"page","link":"https:\/\/www.equilac.com\/da\/forskning-i-hestemaelk\/","title":{"rendered":"Forskning i hestem\u00e6lk"},"content":{"rendered":"<ul>\n<li>Unders\u00f8gelser fra Friedrich-Schiller Universitetet i Jena viser, at hestem\u00e6lk kan hj\u00e6lpe med at behandle hudsygdomme.<\/li>\n<li>Hestem\u00e6lk har ogs\u00e5 vist positive effekter ved behandling af indre sundhedsproblemer som tarm-, luftvejs- og leverproblemer.<\/li>\n<li>B\u00f8rn med kom\u00e6lksallergi t\u00e5ler hestem\u00e6lk godt, og den minder mest om human moderm\u00e6lk af alle typer m\u00e6lk fra pattedyr.<\/li>\n<\/ul>\n<h2 id=\"elementor-tab-title-1091\" role=\"button\" data-tab=\"1\" aria-controls=\"elementor-tab-content-1091\" aria-expanded=\"false\"><a tabindex=\"0\">Forskning i fordelene ved hestem\u00e6lk<\/a><\/h2>\n<p>Den vigtigste forskning i de sundhedsm\u00e6ssige fordele ved hestem\u00e6lk kommer fra Friedrich-Schiller Universitetet i Jena, Tyskland. Dette universitet har brugt mere end et \u00e5rti p\u00e5 at forske i fordelene ved hestem\u00e6lk som st\u00f8ttende behandling. Disse unders\u00f8gelser indikerer fordelene ved langtidsindtagelse af hestem\u00e6lk i mindst seks m\u00e5neder.<\/p>\n<h2 id=\"elementor-tab-title-1092\" role=\"button\" data-tab=\"2\" aria-controls=\"elementor-tab-content-1092\" aria-expanded=\"false\"><a tabindex=\"0\">Hestem\u00e6lk og hudproblemer<\/a><\/h2>\n<p>En unders\u00f8gelse fra 2009 viste, at mere end 90% af patienter med forskellige hudsygdomme rapporterede, at sv\u00e6rhedsgraden af deres symptomer faldt dramatisk efter at have drukket hestem\u00e6lk. En forbedring af symptomer som kl\u00f8e og s\u00f8vnforstyrrelser kunne underst\u00f8ttes medicinsk, hvor patienter rapporterede en forbedring fra \u201csemi-sv\u00e6r\/alvorlig\u201d til \u201cmild\/ikke-eksisterende\u201d efter seks m\u00e5neders behandling. Nogle patienter var endda i stand til at reducere deres medicinindtag.<\/p>\n<h2 id=\"elementor-tab-title-1093\" role=\"button\" data-tab=\"3\" aria-controls=\"elementor-tab-content-1093\" aria-expanded=\"false\"><a tabindex=\"0\">Hestem\u00e6lk og indre sundhed<\/a><\/h2>\n<p>Friedrich-Schiller Universitetet i Jena fandt ogs\u00e5, at 75 % af forbrugere med tarm-, luftvejs- eller leverproblemer reagerede positivt p\u00e5 at drikke hestem\u00e6lk. Is\u00e6r for mennesker med tarmlidelser f\u00f8rte indtaget af hestem\u00e6lk til nedsatte symptomer og forbedret helbred.<\/p>\n<h2 id=\"elementor-tab-title-1094\" role=\"button\" data-tab=\"4\" aria-controls=\"elementor-tab-content-1094\" aria-expanded=\"false\"><a tabindex=\"0\">Hestem\u00e6lk til kom\u00e6lksallergi<\/a><\/h2>\n<p>En anden unders\u00f8gelse offentliggjort i Pediatric Allergy and Immunology viste, at hestem\u00e6lk tolereres godt af n\u00e6sten 96 % af b\u00f8rn, der er allergiske over for kom\u00e6lk. Dr. Rene Madeleyn, en b\u00f8rnel\u00e6ge, udtalte, at hestem\u00e6lk indeholder mange antistoffer, der neutraliserer bakterier og vira, og som af alle pattedyr ligner human moderm\u00e6lk.<\/p>\n","protected":false},"excerpt":{"rendered":"<p>Unders\u00f8gelser fra Friedrich-Schiller Universitetet i Jena viser, at hestem\u00e6lk kan hj\u00e6lpe med at behandle hudsygdomme. Hestem\u00e6lk har ogs\u00e5 vist positive effekter ved behandling af indre sundhedsproblemer som tarm-, luftvejs- og leverproblemer. B\u00f8rn med kom\u00e6lksallergi t\u00e5ler hestem\u00e6lk godt, og den minder mest om human moderm\u00e6lk af alle typer m\u00e6lk fra pattedyr. Forskning i fordelene ved hestem\u00e6lk [&hellip;]<\/p>\n","protected":false},"author":1,"featured_media":1158,"parent":0,"menu_order":0,"comment_status":"closed","ping_status":"closed","template":"","meta":{"_uf_show_specific_survey":0,"_uf_disable_surveys":false,"footnotes":""},"categories":[229],"tags":[181],"class_list":["post-8219","page","type-page","status-publish","has-post-thumbnail","hentry","category-informatie","tag-related-da"],"jetpack_sharing_enabled":true,"_links":{"self":[{"href":"https:\/\/www.equilac.com\/da\/wp-json\/wp\/v2\/pages\/8219","targetHints":{"allow":["GET"]}}],"collection":[{"href":"https:\/\/www.equilac.com\/da\/wp-json\/wp\/v2\/pages"}],"about":[{"href":"https:\/\/www.equilac.com\/da\/wp-json\/wp\/v2\/types\/page"}],"author":[{"embeddable":true,"href":"https:\/\/www.equilac.com\/da\/wp-json\/wp\/v2\/users\/1"}],"replies":[{"embeddable":true,"href":"https:\/\/www.equilac.com\/da\/wp-json\/wp\/v2\/comments?post=8219"}],"version-history":[{"count":1,"href":"https:\/\/www.equilac.com\/da\/wp-json\/wp\/v2\/pages\/8219\/revisions"}],"predecessor-version":[{"id":13455,"href":"https:\/\/www.equilac.com\/da\/wp-json\/wp\/v2\/pages\/8219\/revisions\/13455"}],"wp:featuredmedia":[{"embeddable":true,"href":"https:\/\/www.equilac.com\/da\/wp-json\/wp\/v2\/media\/1158"}],"wp:attachment":[{"href":"https:\/\/www.equilac.com\/da\/wp-json\/wp\/v2\/media?parent=8219"}],"wp:term":[{"taxonomy":"category","embeddable":true,"href":"https:\/\/www.equilac.com\/da\/wp-json\/wp\/v2\/categories?post=8219"},{"taxonomy":"post_tag","embeddable":true,"href":"https:\/\/www.equilac.com\/da\/wp-json\/wp\/v2\/tags?post=8219"}],"curies":[{"name":"wp","href":"https:\/\/api.w.org\/{rel}","templated":true}]}}