{"id":8238,"date":"2023-07-02T12:46:10","date_gmt":"2023-07-02T12:46:10","guid":{"rendered":"https:\/\/www.equilac.com\/hestemaelk-mod-allergi\/"},"modified":"2023-09-29T06:56:09","modified_gmt":"2023-09-29T06:56:09","slug":"hestemaelk-mod-allergi","status":"publish","type":"page","link":"https:\/\/www.equilac.com\/da\/hestemaelk-mod-allergi\/","title":{"rendered":"Hestem\u00e6lk mod allergi"},"content":{"rendered":"<p>Hestem\u00e6lk kan hj\u00e6lpe med at lindre forskellige allergier, herunder kom\u00e6lksallergi, h\u00f8feber og astma. Dens rige sammens\u00e6tning af probiotika, mineraler og vitaminer hj\u00e6lper med at \u00f8ge immunsystemet, hvilket g\u00f8r hestem\u00e6lk til et alternativ til at h\u00e5ndtere allergier.<\/p>\n<h2>Kom\u00e6lksallergi<\/h2>\n<p><a href=\"https:\/\/www.equilac.com\/da\/hestemaelk-til-komaelksallergi\/\">Kom\u00e6lksallergi<\/a> for\u00e5rsager mave-tarm-, hud- og luftvejslidelser. Hestem\u00e6lk kan tilbyde en l\u00f8sning til mennesker, der k\u00e6mper med denne type allergi. Selvom det indeholder mere laktose end kom\u00e6lk, g\u00f8r lactoferrinet i hestem\u00e6lk det lettere at ford\u00f8je. Lactoferrin er et protein, der ogs\u00e5 findes i moderm\u00e6lk og hj\u00e6lper med at fremme v\u00e6ksten af gavnlige bakterier i tarmen. Hvis du har laktoseintolerance, b\u00f8r du udvise forsigtighed p\u00e5 grund af det h\u00f8jere laktoseindhold i hestem\u00e6lk.<\/p>\n<h2>H\u00f8feber<\/h2>\n<p><a href=\"https:\/\/www.equilac.com\/da\/hestemaelk-et-naturligt-middel-mod-hoefeber\/\">H\u00f8feber<\/a>, en allergi udl\u00f8st af pollen fra gr\u00e6s, tr\u00e6er og buske, kan for\u00e5rsage symptomer som nysen, kl\u00f8ende \u00f8jne og tilstoppet n\u00e6se. Hestem\u00e6lk kan hj\u00e6lpe med at h\u00e5ndtere disse symptomer ved at st\u00f8tte en sund tarmflora og styrke immunsystemet. Dette g\u00f8r det muligt for kroppen at reagere bedre p\u00e5 pollen, hoved\u00e5rsagen til h\u00f8feber. Regelm\u00e6ssig indtagelse af hestem\u00e6lkskapsler kan give st\u00f8tte indefra, hvilket reducerer sv\u00e6rhedsgraden af allergiske reaktioner.<\/p>\n<h2>Astma<\/h2>\n<p><a href=\"https:\/\/www.equilac.com\/da\/naturlig-lindring-af-astma-med-hestemaelk\/\">Astma<\/a>, en kronisk bet\u00e6ndelse i luftvejene, h\u00e6nger ofte sammen med allergi. Mens medicin kan kontrollere symptomer, helbreder de ikke tilstanden. Hestem\u00e6lk kan hj\u00e6lpe ved at m\u00e5lrette mod det sv\u00e6kkede immunsystem. Ved at underst\u00f8tte en afbalanceret tarmflora hj\u00e6lper hestem\u00e6lk med at optimere balancen af stoffer i din krop, s\u00e5 den reagerer mindre voldsomt p\u00e5 luftb\u00e5rne allergener som pollen eller st\u00f8v.<\/p>\n<p>Lider du af allergi, kan hestem\u00e6lkskapsler v\u00e6re en supplerende behandling ud over din eksisterende behandlingsplan. For optimale resultater anbefales det at bruge Equilac kapsler i tre p\u00e5 hinanden f\u00f8lgende m\u00e5neder.<\/p>\n","protected":false},"excerpt":{"rendered":"<p>Hestem\u00e6lk kan hj\u00e6lpe med at lindre forskellige allergier, herunder kom\u00e6lksallergi, h\u00f8feber og astma. Dens rige sammens\u00e6tning af probiotika, mineraler og vitaminer hj\u00e6lper med at \u00f8ge immunsystemet, hvilket g\u00f8r hestem\u00e6lk til et alternativ til at h\u00e5ndtere allergier. Kom\u00e6lksallergi Kom\u00e6lksallergi for\u00e5rsager mave-tarm-, hud- og luftvejslidelser. Hestem\u00e6lk kan tilbyde en l\u00f8sning til mennesker, der k\u00e6mper med denne type [&hellip;]<\/p>\n","protected":false},"author":1,"featured_media":12330,"parent":0,"menu_order":0,"comment_status":"closed","ping_status":"closed","template":"","meta":{"_uf_show_specific_survey":0,"_uf_disable_surveys":false,"footnotes":""},"categories":[172,137],"tags":[181],"class_list":["post-8238","page","type-page","status-publish","has-post-thumbnail","hentry","category-hoppemaelk","category-allergier","tag-related-da"],"jetpack_sharing_enabled":true,"_links":{"self":[{"href":"https:\/\/www.equilac.com\/da\/wp-json\/wp\/v2\/pages\/8238","targetHints":{"allow":["GET"]}}],"collection":[{"href":"https:\/\/www.equilac.com\/da\/wp-json\/wp\/v2\/pages"}],"about":[{"href":"https:\/\/www.equilac.com\/da\/wp-json\/wp\/v2\/types\/page"}],"author":[{"embeddable":true,"href":"https:\/\/www.equilac.com\/da\/wp-json\/wp\/v2\/users\/1"}],"replies":[{"embeddable":true,"href":"https:\/\/www.equilac.com\/da\/wp-json\/wp\/v2\/comments?post=8238"}],"version-history":[{"count":1,"href":"https:\/\/www.equilac.com\/da\/wp-json\/wp\/v2\/pages\/8238\/revisions"}],"predecessor-version":[{"id":12456,"href":"https:\/\/www.equilac.com\/da\/wp-json\/wp\/v2\/pages\/8238\/revisions\/12456"}],"wp:featuredmedia":[{"embeddable":true,"href":"https:\/\/www.equilac.com\/da\/wp-json\/wp\/v2\/media\/12330"}],"wp:attachment":[{"href":"https:\/\/www.equilac.com\/da\/wp-json\/wp\/v2\/media?parent=8238"}],"wp:term":[{"taxonomy":"category","embeddable":true,"href":"https:\/\/www.equilac.com\/da\/wp-json\/wp\/v2\/categories?post=8238"},{"taxonomy":"post_tag","embeddable":true,"href":"https:\/\/www.equilac.com\/da\/wp-json\/wp\/v2\/tags?post=8238"}],"curies":[{"name":"wp","href":"https:\/\/api.w.org\/{rel}","templated":true}]}}