{"id":8257,"date":"2023-07-27T16:03:39","date_gmt":"2023-07-27T16:03:39","guid":{"rendered":"https:\/\/www.equilac.com\/hestemaelk-til-komaelksallergi\/"},"modified":"2023-09-29T06:57:11","modified_gmt":"2023-09-29T06:57:11","slug":"hestemaelk-til-komaelksallergi","status":"publish","type":"page","link":"https:\/\/www.equilac.com\/da\/hestemaelk-til-komaelksallergi\/","title":{"rendered":"Hestem\u00e6lk til kom\u00e6lksallergi"},"content":{"rendered":"<p>Hestem\u00e6lk kan v\u00e6re et levedygtigt alternativ for mennesker med kom\u00e6lksallergi. Dens unikke sammens\u00e6tning af fedtstoffer, proteiner og mineraler er let ford\u00f8jelige, hvilket g\u00f8r det til en bedre mulighed for dem med kom\u00e6lksallergi. En unders\u00f8gelse fra <a href=\"https:\/\/onlinelibrary.wiley.com\/doi\/abs\/10.1111\/j.1399-3038.2007.00567.x\" target=\"_blank\" rel=\"nofollow noopener\">p\u00e6diatrisk allergi og immunologi <\/a> fandt ud af, at n\u00e6sten 96 procent af b\u00f8rn med kom\u00e6lksallergi tolererede hestem\u00e6lk godt.<\/p>\n<p>Kom\u00e6lksallergi skyldes prim\u00e6rt en reaktion fra immunsystemet mod de proteiner, der findes i kom\u00e6lk. Disse proteiner kan v\u00e6re komplekse for kroppen at ford\u00f8je og kan f\u00f8re til ford\u00f8jelsesproblemer og negative p\u00e5virkninger p\u00e5 tarmfloraen. Proteinerne i hestem\u00e6lk er nemmere og hurtigere at ford\u00f8je, hvilket reducerer sandsynligheden for mave-tarmproblemer.<\/p>\n<p>Det er vigtigt at skelne mellem kom\u00e6lksallergi og laktoseintolerance. Hvis du har laktoseintolerance, har din krop problemer med at ford\u00f8je laktose, et sukker i m\u00e6lk. Heldigvis er hestem\u00e6lk let ford\u00f8jeligt og tolereres generelt godt af dem med laktoseintolerance.<\/p>\n<p>Hestem\u00e6lk kan v\u00e6re et passende alternativ, hvis du lider af kom\u00e6lksallergi. Dens unikke sammens\u00e6tning og lette ford\u00f8jelighed g\u00f8r den til et praktisk valg for b\u00f8rn og voksne. hestem\u00e6lk ville dog ikke v\u00e6re egnet for dig, hvis du har en laktoseallergi ud over en kom\u00e6lksallergi.<\/p>\n<p>L\u00e6s ogs\u00e5: <a href=\"https:\/\/www.equilac.com\/da\/hestemaelk-mod-allergi\/\">hestem\u00e6lk mod allergi<\/a> &#8211; <a href=\"https:\/\/www.equilac.com\/da\/hestemaelk-et-naturligt-middel-mod-hoefeber\/\">hestem\u00e6lk mod h\u00f8feber<\/a> \u2013 <a href=\"https:\/\/www.equilac.com\/da\/naturlig-lindring-af-astma-med-hestemaelk\/\">hestem\u00e6lk mod astma<\/a><\/p>\n","protected":false},"excerpt":{"rendered":"<p>Hestem\u00e6lk kan v\u00e6re et levedygtigt alternativ for mennesker med kom\u00e6lksallergi. Dens unikke sammens\u00e6tning af fedtstoffer, proteiner og mineraler er let ford\u00f8jelige, hvilket g\u00f8r det til en bedre mulighed for dem med kom\u00e6lksallergi. En unders\u00f8gelse fra p\u00e6diatrisk allergi og immunologi fandt ud af, at n\u00e6sten 96 procent af b\u00f8rn med kom\u00e6lksallergi tolererede hestem\u00e6lk godt. Kom\u00e6lksallergi skyldes [&hellip;]<\/p>\n","protected":false},"author":1,"featured_media":6138,"parent":0,"menu_order":0,"comment_status":"closed","ping_status":"closed","template":"","meta":{"_uf_show_specific_survey":0,"_uf_disable_surveys":false,"footnotes":""},"categories":[172,137],"tags":[181],"class_list":["post-8257","page","type-page","status-publish","has-post-thumbnail","hentry","category-hoppemaelk","category-allergier","tag-related-da"],"jetpack_sharing_enabled":true,"_links":{"self":[{"href":"https:\/\/www.equilac.com\/da\/wp-json\/wp\/v2\/pages\/8257","targetHints":{"allow":["GET"]}}],"collection":[{"href":"https:\/\/www.equilac.com\/da\/wp-json\/wp\/v2\/pages"}],"about":[{"href":"https:\/\/www.equilac.com\/da\/wp-json\/wp\/v2\/types\/page"}],"author":[{"embeddable":true,"href":"https:\/\/www.equilac.com\/da\/wp-json\/wp\/v2\/users\/1"}],"replies":[{"embeddable":true,"href":"https:\/\/www.equilac.com\/da\/wp-json\/wp\/v2\/comments?post=8257"}],"version-history":[{"count":2,"href":"https:\/\/www.equilac.com\/da\/wp-json\/wp\/v2\/pages\/8257\/revisions"}],"predecessor-version":[{"id":12705,"href":"https:\/\/www.equilac.com\/da\/wp-json\/wp\/v2\/pages\/8257\/revisions\/12705"}],"wp:featuredmedia":[{"embeddable":true,"href":"https:\/\/www.equilac.com\/da\/wp-json\/wp\/v2\/media\/6138"}],"wp:attachment":[{"href":"https:\/\/www.equilac.com\/da\/wp-json\/wp\/v2\/media?parent=8257"}],"wp:term":[{"taxonomy":"category","embeddable":true,"href":"https:\/\/www.equilac.com\/da\/wp-json\/wp\/v2\/categories?post=8257"},{"taxonomy":"post_tag","embeddable":true,"href":"https:\/\/www.equilac.com\/da\/wp-json\/wp\/v2\/tags?post=8257"}],"curies":[{"name":"wp","href":"https:\/\/api.w.org\/{rel}","templated":true}]}}