{"id":8294,"date":"2023-07-02T13:09:59","date_gmt":"2023-07-02T13:09:59","guid":{"rendered":"https:\/\/www.equilac.com\/drikker-frisk-hestemaelk\/"},"modified":"2023-09-13T14:42:04","modified_gmt":"2023-09-13T14:42:04","slug":"drikker-frisk-hestemaelk","status":"publish","type":"page","link":"https:\/\/www.equilac.com\/da\/drikker-frisk-hestemaelk\/","title":{"rendered":"Drikker frisk hestem\u00e6lk"},"content":{"rendered":"<p>Hestem\u00e6lk er et unikt produkt opn\u00e5et ved at malke en hoppe i h\u00e5nden eller via en malkemaskine tilpasset hoppens yver. Frisk hestem\u00e6lk er r\u00e5 og upasteuriseret. Som et resultat bevarer den sin n\u00e6ringsv\u00e6rdi og indeholder mange essentielle n\u00e6ringsstoffer.<\/p>\n<p>Hvis du foretr\u00e6kker at drikke hestem\u00e6lk i stedet for at tage hestem\u00e6lkskapsler, er den anbefalede daglige m\u00e6ngde 250 ml pr. dag. Du kan drikke ren hestem\u00e6lk, men at fortynde det med sirup, kakao, sukker eller lave gr\u00f8d er muligt. Bem\u00e6rk venligst, at hestem\u00e6lk aldrig b\u00f8r opvarmes til over 37 \u00b0C.<\/p>\n<p>Frisk, upasteuriseret hestem\u00e6lk kan opbevares frisk i tre dage. Derfor fryses hestem\u00e6lk straks ned eller t\u00f8rres til pulver for at bevare de mange essentielle n\u00e6ringsstoffer, som hestem\u00e6lk indeholder. Den frosne m\u00e6lk holder sig i seks m\u00e5neder ved -18 \u00b0C. Hvis den er frossen, skal m\u00e6lken opt\u00f8s i k\u00f8leskabet. Efter opt\u00f8ning m\u00e5 m\u00e6lken ikke genfryses.<\/p>\n<p>Det anbefales ikke at drikke r\u00e5 (upasteuriseret) hestem\u00e6lk under graviditeten.<\/p>\n<p><strong>Vil du vide mere om hestem\u00e6lk?<\/strong><\/p>\n<ul>\n<li><a href=\"https:\/\/www.equilac.com\/da\/hvordan-laves-hestemaelk\/\">Hvordan laves hestem\u00e6lk<\/a><\/li>\n<li><a href=\"https:\/\/www.equilac.com\/da\/hestemaelkspulver\/\">Hvordan fremstilles hestem\u00e6lkspulver<\/a><\/li>\n<\/ul>\n","protected":false},"excerpt":{"rendered":"<p>Hestem\u00e6lk er et unikt produkt opn\u00e5et ved at malke en hoppe i h\u00e5nden eller via en malkemaskine tilpasset hoppens yver. Frisk hestem\u00e6lk er r\u00e5 og upasteuriseret. Som et resultat bevarer den sin n\u00e6ringsv\u00e6rdi og indeholder mange essentielle n\u00e6ringsstoffer. Hvis du foretr\u00e6kker at drikke hestem\u00e6lk i stedet for at tage hestem\u00e6lkskapsler, er den anbefalede daglige m\u00e6ngde [&hellip;]<\/p>\n","protected":false},"author":1,"featured_media":6115,"parent":0,"menu_order":0,"comment_status":"closed","ping_status":"closed","template":"","meta":{"_uf_show_specific_survey":0,"_uf_disable_surveys":false,"footnotes":""},"categories":[218],"tags":[181],"class_list":["post-8294","page","type-page","status-publish","has-post-thumbnail","hentry","category-produkter","tag-related-da"],"jetpack_sharing_enabled":true,"_links":{"self":[{"href":"https:\/\/www.equilac.com\/da\/wp-json\/wp\/v2\/pages\/8294","targetHints":{"allow":["GET"]}}],"collection":[{"href":"https:\/\/www.equilac.com\/da\/wp-json\/wp\/v2\/pages"}],"about":[{"href":"https:\/\/www.equilac.com\/da\/wp-json\/wp\/v2\/types\/page"}],"author":[{"embeddable":true,"href":"https:\/\/www.equilac.com\/da\/wp-json\/wp\/v2\/users\/1"}],"replies":[{"embeddable":true,"href":"https:\/\/www.equilac.com\/da\/wp-json\/wp\/v2\/comments?post=8294"}],"version-history":[{"count":0,"href":"https:\/\/www.equilac.com\/da\/wp-json\/wp\/v2\/pages\/8294\/revisions"}],"wp:featuredmedia":[{"embeddable":true,"href":"https:\/\/www.equilac.com\/da\/wp-json\/wp\/v2\/media\/6115"}],"wp:attachment":[{"href":"https:\/\/www.equilac.com\/da\/wp-json\/wp\/v2\/media?parent=8294"}],"wp:term":[{"taxonomy":"category","embeddable":true,"href":"https:\/\/www.equilac.com\/da\/wp-json\/wp\/v2\/categories?post=8294"},{"taxonomy":"post_tag","embeddable":true,"href":"https:\/\/www.equilac.com\/da\/wp-json\/wp\/v2\/tags?post=8294"}],"curies":[{"name":"wp","href":"https:\/\/api.w.org\/{rel}","templated":true}]}}