{"id":9222,"date":"2023-08-22T05:39:37","date_gmt":"2023-08-22T05:39:37","guid":{"rendered":"https:\/\/www.equilac.com\/hvor-laenge-skal-du-tage-hestemaelkskapsler\/"},"modified":"2023-09-13T14:42:11","modified_gmt":"2023-09-13T14:42:11","slug":"hvor-laenge-skal-du-tage-hestemaelkskapsler","status":"publish","type":"page","link":"https:\/\/www.equilac.com\/da\/hvor-laenge-skal-du-tage-hestemaelkskapsler\/","title":{"rendered":"Hvor l\u00e6nge skal du tage hestem\u00e6lkskapsler?"},"content":{"rendered":"<p>Tag to hestem\u00e6lk kapsler dagligt i tre p\u00e5 hinanden f\u00f8lgende m\u00e5neder for at f\u00e5 optimale resultater. Efter denne periode kan du gradvist reducere til \u00e9n kapsel dagligt i fire uger. Det er afg\u00f8rende ikke at stoppe brugen pludseligt for at undg\u00e5 mulige opblussen af symptomer. Hvis du \u00f8nsker det, kan en tre m\u00e5neders behandling forts\u00e6ttes eller gentages periodisk som forebyggelse.<\/p>\n<p><a href=\"https:\/\/www.equilac.com\/da\/\">Hestem\u00e6lk<\/a> er et naturprodukt og virker anderledes end medicin. Mens du tager medicin, ser du ofte forbedring inden for et par dage; hestem\u00e6lk har brug for mere tid for at blive fuldt absorberet af din krop. Fordelen er dog, at hestem\u00e6lk kan behandle den bagvedliggende \u00e5rsag til forskellige lidelser og give et varigt resultat uden bivirkninger.<\/p>\n<p>Ved nogle kroniske tilstande kan hestem\u00e6lk bruges som vedligeholdelsesdosis til at h\u00e5ndtere symptomer. Mennesker med s\u00e5danne tilstande rapporterer ofte om betydelig lindring efter den anbefalede tre-m\u00e5neders indtagelsesperiode og forts\u00e6tter med at bruge en minimal dosis.<\/p>\n<p><strong>Vil du vide mere om hestem\u00e6lk?<\/strong><\/p>\n<ul>\n<li><a href=\"https:\/\/www.equilac.com\/da\/hestemaelk-og-mulige-bivirkninger\/\">Ulempe og bivirkninger ved hestem\u00e6lk<\/a><\/li>\n<\/ul>\n","protected":false},"excerpt":{"rendered":"<p>Tag to hestem\u00e6lk kapsler dagligt i tre p\u00e5 hinanden f\u00f8lgende m\u00e5neder for at f\u00e5 optimale resultater. Efter denne periode kan du gradvist reducere til \u00e9n kapsel dagligt i fire uger. Det er afg\u00f8rende ikke at stoppe brugen pludseligt for at undg\u00e5 mulige opblussen af symptomer. Hvis du \u00f8nsker det, kan en tre m\u00e5neders behandling forts\u00e6ttes [&hellip;]<\/p>\n","protected":false},"author":1,"featured_media":9178,"parent":0,"menu_order":0,"comment_status":"closed","ping_status":"closed","template":"","meta":{"_uf_show_specific_survey":0,"_uf_disable_surveys":false,"footnotes":""},"categories":[172,204],"tags":[181],"class_list":["post-9222","page","type-page","status-publish","has-post-thumbnail","hentry","category-hoppemaelk","category-use","tag-related-da"],"jetpack_sharing_enabled":true,"_links":{"self":[{"href":"https:\/\/www.equilac.com\/da\/wp-json\/wp\/v2\/pages\/9222","targetHints":{"allow":["GET"]}}],"collection":[{"href":"https:\/\/www.equilac.com\/da\/wp-json\/wp\/v2\/pages"}],"about":[{"href":"https:\/\/www.equilac.com\/da\/wp-json\/wp\/v2\/types\/page"}],"author":[{"embeddable":true,"href":"https:\/\/www.equilac.com\/da\/wp-json\/wp\/v2\/users\/1"}],"replies":[{"embeddable":true,"href":"https:\/\/www.equilac.com\/da\/wp-json\/wp\/v2\/comments?post=9222"}],"version-history":[{"count":0,"href":"https:\/\/www.equilac.com\/da\/wp-json\/wp\/v2\/pages\/9222\/revisions"}],"wp:featuredmedia":[{"embeddable":true,"href":"https:\/\/www.equilac.com\/da\/wp-json\/wp\/v2\/media\/9178"}],"wp:attachment":[{"href":"https:\/\/www.equilac.com\/da\/wp-json\/wp\/v2\/media?parent=9222"}],"wp:term":[{"taxonomy":"category","embeddable":true,"href":"https:\/\/www.equilac.com\/da\/wp-json\/wp\/v2\/categories?post=9222"},{"taxonomy":"post_tag","embeddable":true,"href":"https:\/\/www.equilac.com\/da\/wp-json\/wp\/v2\/tags?post=9222"}],"curies":[{"name":"wp","href":"https:\/\/api.w.org\/{rel}","templated":true}]}}