{"id":1641,"date":"2022-03-01T09:01:37","date_gmt":"2022-03-01T09:01:37","guid":{"rendered":"http:\/\/dev.equilac.com\/product\/equilac-mare-milk-capsules\/"},"modified":"2022-03-15T16:09:45","modified_gmt":"2022-03-15T16:09:45","slug":"hestemaelk-kapsler","status":"publish","type":"product","link":"https:\/\/www.equilac.com\/da\/vare\/hestemaelk-kapsler\/","title":{"rendered":"Equilac\u00ae Hestem\u00e6lk Kapsler"},"content":{"rendered":"\t\t<div data-elementor-type=\"product-post\" data-elementor-id=\"1641\" class=\"elementor elementor-1641 elementor-54\" data-elementor-post-type=\"product\">\n\t\t\t\t\t\t<section class=\"elementor-section elementor-top-section elementor-element elementor-element-7cd2ec23 elementor-section-boxed elementor-section-height-default elementor-section-height-default\" data-id=\"7cd2ec23\" data-element_type=\"section\" data-e-type=\"section\">\n\t\t\t\t\t\t<div class=\"elementor-container elementor-column-gap-default\">\n\t\t\t\t\t<div class=\"elementor-column elementor-col-16 elementor-top-column elementor-element elementor-element-7af359e3\" data-id=\"7af359e3\" data-element_type=\"column\" data-e-type=\"column\">\n\t\t\t<div class=\"elementor-widget-wrap\">\n\t\t\t\t\t\t\t<\/div>\n\t\t<\/div>\n\t\t\t\t<div class=\"elementor-column elementor-col-66 elementor-top-column elementor-element elementor-element-4b3b4b67\" data-id=\"4b3b4b67\" data-element_type=\"column\" data-e-type=\"column\">\n\t\t\t<div class=\"elementor-widget-wrap elementor-element-populated\">\n\t\t\t\t\t\t<div class=\"elementor-element elementor-element-fa0f893 elementor-widget elementor-widget-text-editor\" data-id=\"fa0f893\" data-element_type=\"widget\" data-e-type=\"widget\" data-widget_type=\"text-editor.default\">\n\t\t\t\t<div class=\"elementor-widget-container\">\n\t\t\t\t\t\t\t\t\t<h2>Hestem\u00e6lk i en praktisk kapsel<\/h2><p>Equilac\u00ae hestem\u00e6lk kapsler g\u00f8r fordelene ved hestem\u00e6lk tilg\u00e6ngelige for enhver og er et fremragende alternativ sammenlignet med at drikke r\u00e5 hestem\u00e6lk.<\/p><p>Fordelene ved kapslerne inkluderer en l\u00e6ngere holdbarhed p\u00e5 op til 18 m\u00e5neder, let indtagelse derhjemme og p\u00e5 rejse og at undg\u00e5 den underlige smag, frisk hoppem\u00e6lk har.<\/p><h2>Hestem\u00e6lk kapsler mod psoriasis, eksem og acne<\/h2><p>Equilac\u00ae fungerer som en naturlig behandling af <a href=\"https:\/\/www.equilac.com\/da\/psoriasis\">psoriasis<\/a>, eksem og acne ved hj\u00e6lp af det antiinflammatoriske protein lactoferrin, der er til stede i h\u00f8j koncentration i hestem\u00e6lk og vores kapsler.<\/p><p>Equilac\u00ae tackler hudklager indefra ved kilden til problemet. Denne tilgang er en bedre m\u00e5de end kun at anvende aktuelle cremer (s\u00e5som kortison salve), der kun midlertidigt lindrer eksterne symptomer og kan v\u00e6re skadelige ved langtidsbrug.<\/p><p>Hestem\u00e6lkekapsler er et sikkert alternativ og sundere for din hud og krop. Equilac\u00ae kapsler er muligvis ikke den samlede opl\u00f8sning, men de kan hj\u00e6lpe med at reducere og kontrollere symptomer.<\/p><h2>Hvor kan man k\u00f8be\u00a0hestem\u00e6lk kapsler<\/h2><p>Du kan k\u00f8be Equilac\u00ae kapsler via dette websted og p\u00e5 apoteket i Belgien.<\/p><p>Da hestem\u00e6lk er et knap produkt og et nicheprodukt, anbefaler vi, at du kun bruger vores kosttilskud, hvis du tager behandlingen alvorligt og tager vores produkt p\u00e5 den anbefalede m\u00e5de.<\/p><h2>Sammens\u00e6tning af Equilac\u00ae kapsler<\/h2><p>Equilac\u00ae hestem\u00e6lk kapsler indeholder 600 mg hestem\u00e6lkspulver pr. Kapsel uden tilsat konserveringsmidler. Vores kapsler er lavet af gelatine (kv\u00e6g) med en &#8220;00&#8221; kapselst\u00f8rrelse, hvilket g\u00f8r dem lette at sluge. De pakkes i en blisterpakning (eller blisterstrimmel) for bedre beskyttelse og l\u00e6ngere holdbarhed op til 18 m\u00e5neder fra fremstillingsdatoen. Opbevar kapslerne ved stuetemperatur p\u00e5 et m\u00f8rkt sted.<\/p><p>Den pulveriserede hestem\u00e6lk anvendt i Equilac\u00ae kapsler opn\u00e5s ved sprayt\u00f8rring af r\u00e5 hestem\u00e6lk under lave temperaturer. Hestem\u00e6lken opvarmes langsomt og spr\u00f8jtes derefter under h\u00f8jt tryk, hvorved ca. 91% af vandet, der er til stede i flydende hestem\u00e6lk, fordampes, og hestem\u00e6lkspulveret efterlades. Denne proces sikrer, at pulveret ikke indeholder bakterier, og at de aktive ingredienser ikke neutraliseres. Vores hestem\u00e6lkspulver gennemg\u00e5r forskellige kvalitetskontroller til konsum, inden de indg\u00e5r i vores kapsler.<\/p><h2>S\u00e5dan bruges Equilac\u00ae hestem\u00e6lk kapsler<\/h2><p>Hvis du tager dit helbred alvorligt og \u00f8nsker at tage en anden tilgang til at berolige hudproblemer, anbefaler vi at bruge Equilac\u00ae kapsler i tre p\u00e5 hinanden f\u00f8lgende m\u00e5neder og opdage, hvad vores kapsler kan g\u00f8re for din hud.<\/p><p><strong>Brug:<\/strong> 2 kapsler om dagen om morgenen p\u00e5 tom mave med koldt vand i tre m\u00e5neder. Hvis symptomerne stabiliseres efter tre m\u00e5neder, kan du reducere indtagelsen af \u200b\u200bEquilac\u00ae til 1 kapsel pr. Dag som forebyggelse og vedligeholdelse. Du kan forts\u00e6tte med at bruge Equilac\u00ae, hvis du \u00f8nsker det. Mange Equilac\u00ae-brugere forts\u00e6tter med at tage kapslerne, n\u00e5r deres tilstand er stabiliseret.<\/p><p><strong>B\u00f8rn:<\/strong> Vores kapsler er velegnede til b\u00f8rn fra 4 \u00e5r og \u00e6ldre. B\u00f8rn mellem 4 og 12 \u00e5r har nok med en kapsel pr. Dag. Kapslerne kan let \u00e5bnes, og hestem\u00e6lkspulveret kan blandes i yoghurt eller andre kolde f\u00f8devarer.<\/p><p><strong>Medicin:<\/strong> Equilac\u00ae er et di\u00e6ttilskud (ikke et l\u00e6gemiddel) og kan bruges sammen med medicin uden at p\u00e5virke virkningen af \u200b\u200bnogen medicin.<\/p><p><strong>Mulige bivirkninger:<\/strong> Nogle brugere oplever forv\u00e6rring af deres symptomer i l\u00f8bet af den f\u00f8rste m\u00e5ned. Dette er normalt og er et bevis p\u00e5, at din krop reagerer p\u00e5 \u00e6ndringer ved at tage Equilac\u00ae-kapsler. Det er vigtigt, at du forts\u00e6tter din behandling. Hvis forv\u00e6rringen ikke forsvinder, kan du reducere indtagelsen til 1 kapsel pr. Dag eller stoppe behandlingen.<\/p><p>Det anbefales ikke at bruge Equilac\u00ae kapsler, hvis:<\/p><ul><li>Du er allergisk overfor heste<\/li><li>Under graviditeten<\/li><li>Du er laktoseintolerant<\/li><li>Du er diabetiker. Equilac\u00ae kapsler indeholder en lav m\u00e6ngde lactose (m\u00e6lkesukker)<\/li><\/ul>\t\t\t\t\t\t\t\t<\/div>\n\t\t\t\t<\/div>\n\t\t\t\t\t<\/div>\n\t\t<\/div>\n\t\t\t\t<div class=\"elementor-column elementor-col-16 elementor-top-column elementor-element elementor-element-53a6db8a\" data-id=\"53a6db8a\" data-element_type=\"column\" data-e-type=\"column\">\n\t\t\t<div class=\"elementor-widget-wrap\">\n\t\t\t\t\t\t\t<\/div>\n\t\t<\/div>\n\t\t\t\t\t<\/div>\n\t\t<\/section>\n\t\t\t\t<section class=\"elementor-section elementor-top-section elementor-element elementor-element-69023965 elementor-section-boxed elementor-section-height-default elementor-section-height-default\" data-id=\"69023965\" data-element_type=\"section\" data-e-type=\"section\">\n\t\t\t\t\t\t<div class=\"elementor-container elementor-column-gap-default\">\n\t\t\t\t\t<div class=\"elementor-column elementor-col-16 elementor-top-column elementor-element elementor-element-248f4f8a\" data-id=\"248f4f8a\" data-element_type=\"column\" data-e-type=\"column\">\n\t\t\t<div class=\"elementor-widget-wrap\">\n\t\t\t\t\t\t\t<\/div>\n\t\t<\/div>\n\t\t\t\t<div class=\"elementor-column elementor-col-66 elementor-top-column elementor-element elementor-element-73353146\" data-id=\"73353146\" data-element_type=\"column\" data-e-type=\"column\">\n\t\t\t<div class=\"elementor-widget-wrap elementor-element-populated\">\n\t\t\t\t\t\t<div class=\"elementor-element elementor-element-2c35b0ff elementor-widget elementor-widget-text-editor\" data-id=\"2c35b0ff\" data-element_type=\"widget\" data-e-type=\"widget\" data-widget_type=\"text-editor.default\">\n\t\t\t\t<div class=\"elementor-widget-container\">\n\t\t\t\t\t\t\t\t\t<h2>Hestem\u00e6lk kapsler til en sund hud indefra<\/h2><p>Equilac\u00ae fungerer indefra og ud, og dette f\u00f8rer til en langsommere reaktion p\u00e5 din krop og hud. Derfor tilr\u00e5des det at tage Equilac\u00ae i tre m\u00e5neder for at f\u00e5 det bedst mulige resultat.<\/p><p>N\u00e5r symptomerne er stabiliseret, kan du g\u00e5 tilbage til en kapsel pr. Dag som en forebyggende foranstaltning.<\/p>\t\t\t\t\t\t\t\t<\/div>\n\t\t\t\t<\/div>\n\t\t\t\t\t<\/div>\n\t\t<\/div>\n\t\t\t\t<div class=\"elementor-column elementor-col-16 elementor-top-column elementor-element elementor-element-2f757bbf\" data-id=\"2f757bbf\" data-element_type=\"column\" data-e-type=\"column\">\n\t\t\t<div class=\"elementor-widget-wrap\">\n\t\t\t\t\t\t\t<\/div>\n\t\t<\/div>\n\t\t\t\t\t<\/div>\n\t\t<\/section>\n\t\t\t\t<section class=\"elementor-section elementor-top-section elementor-element elementor-element-ac9cbe5 elementor-section-boxed elementor-section-height-default elementor-section-height-default\" data-id=\"ac9cbe5\" data-element_type=\"section\" data-e-type=\"section\">\n\t\t\t\t\t\t<div class=\"elementor-container elementor-column-gap-default\">\n\t\t\t\t\t<div class=\"elementor-column elementor-col-16 elementor-top-column elementor-element elementor-element-71c46d3\" data-id=\"71c46d3\" data-element_type=\"column\" data-e-type=\"column\">\n\t\t\t<div class=\"elementor-widget-wrap\">\n\t\t\t\t\t\t\t<\/div>\n\t\t<\/div>\n\t\t\t\t<div class=\"elementor-column elementor-col-66 elementor-top-column elementor-element elementor-element-552d320\" data-id=\"552d320\" data-element_type=\"column\" data-e-type=\"column\">\n\t\t\t<div class=\"elementor-widget-wrap elementor-element-populated\">\n\t\t\t\t\t\t<div class=\"elementor-element elementor-element-94e09bb elementor--h-position-center elementor--v-position-middle elementor-arrows-position-inside elementor-pagination-position-inside elementor-widget elementor-widget-slides\" data-id=\"94e09bb\" data-element_type=\"widget\" data-e-type=\"widget\" data-settings=\"{&quot;navigation&quot;:&quot;both&quot;,&quot;infinite&quot;:&quot;yes&quot;,&quot;transition&quot;:&quot;slide&quot;,&quot;transition_speed&quot;:500}\" data-widget_type=\"slides.default\">\n\t\t\t\t<div class=\"elementor-widget-container\">\n\t\t\t\t\t\t\t\t\t<div class=\"elementor-swiper\">\n\t\t\t\t\t<div class=\"elementor-slides-wrapper elementor-main-swiper swiper\" role=\"region\" aria-roledescription=\"carousel\" aria-label=\"Dias (slides)\" dir=\"ltr\" data-animation=\"fadeInUp\">\n\t\t\t\t<div class=\"swiper-wrapper elementor-slides\">\n\t\t\t\t\t\t\t\t\t\t<div class=\"elementor-repeater-item-5845a31 swiper-slide\" role=\"group\" aria-roledescription=\"slide\"><div class=\"swiper-slide-bg\" role=\"img\" aria-label=\"Hudproblemer\"><\/div><div class=\"swiper-slide-inner\" ><div class=\"swiper-slide-contents\"><div class=\"elementor-slide-heading\">Hudproblemer skyldes ofte under det ydre hudlag<\/div><\/div><\/div><\/div><div class=\"elementor-repeater-item-5a4fb11 swiper-slide\" role=\"group\" aria-roledescription=\"slide\"><div class=\"swiper-slide-bg\" role=\"img\" aria-label=\"Hudproblemer\"><\/div><div class=\"swiper-slide-inner\" ><div class=\"swiper-slide-contents\"><div class=\"elementor-slide-heading\">Equilac fungerer indefra og ud<\/div><\/div><\/div><\/div><div class=\"elementor-repeater-item-a43d466 swiper-slide\" role=\"group\" aria-roledescription=\"slide\"><div class=\"swiper-slide-bg\" role=\"img\" aria-label=\"Hudproblemer\"><\/div><div class=\"swiper-slide-inner\" ><div class=\"swiper-slide-contents\"><div class=\"elementor-slide-heading\">Equilac lindrer symptomer p\u00e5 hudproblemer<\/div><\/div><\/div><\/div>\t\t\t\t<\/div>\n\t\t\t\t\t\t\t\t\t\t\t\t\t\t\t<div class=\"elementor-swiper-button elementor-swiper-button-prev\" role=\"button\" tabindex=\"0\" aria-label=\"Previous slide\">\n\t\t\t\t\t\t\t<i aria-hidden=\"true\" class=\"eicon-chevron-left\"><\/i>\t\t\t\t\t\t<\/div>\n\t\t\t\t\t\t<div class=\"elementor-swiper-button elementor-swiper-button-next\" role=\"button\" tabindex=\"0\" aria-label=\"Next slide\">\n\t\t\t\t\t\t\t<i aria-hidden=\"true\" class=\"eicon-chevron-right\"><\/i>\t\t\t\t\t\t<\/div>\n\t\t\t\t\t\t\t\t\t\t\t\t\t\t\t\t<div class=\"swiper-pagination\"><\/div>\n\t\t\t\t\t\t\t\t\t\t\t\t<\/div>\n\t\t\t\t<\/div>\n\t\t\t\t\t\t\t\t<\/div>\n\t\t\t\t<\/div>\n\t\t\t\t\t<\/div>\n\t\t<\/div>\n\t\t\t\t<div class=\"elementor-column elementor-col-16 elementor-top-column elementor-element elementor-element-5e013a0\" data-id=\"5e013a0\" data-element_type=\"column\" data-e-type=\"column\">\n\t\t\t<div class=\"elementor-widget-wrap\">\n\t\t\t\t\t\t\t<\/div>\n\t\t<\/div>\n\t\t\t\t\t<\/div>\n\t\t<\/section>\n\t\t\t\t<\/div>\n\t\t","protected":false},"excerpt":{"rendered":"<p>K\u00f8b Equilac\u00ae, de originale hestem\u00e6lk kapsler siden 1999. Vores kapsler hj\u00e6lper med at lindre symptomerne p\u00e5 psoriasis, eksem og acne indefra og ud.<\/p>\n<ul>\n<li>Indeholder 180 hestem\u00e6lk kapsler (3-m\u00e5neders behandling)<\/li>\n<li>Med 600 mg hestem\u00e6lkspulver pr. Kapsel<\/li>\n<li>Underst\u00f8tter hudens regenerative kapacitet<\/li>\n<li>Har en positiv effekt p\u00e5 tarmfloraen og \u00f8ger modstanden<\/li>\n<\/ul>\n","protected":false},"featured_media":16041,"template":"","meta":{"_uf_show_specific_survey":0,"_uf_disable_surveys":false},"product_brand":[],"product_cat":[65],"product_tag":[],"class_list":{"0":"post-1641","1":"product","2":"type-product","3":"status-publish","4":"has-post-thumbnail","6":"product_cat-uncategorized-da","8":"first","9":"instock","10":"shipping-taxable","11":"purchasable","12":"product-type-simple"},"jetpack_sharing_enabled":true,"_links":{"self":[{"href":"https:\/\/www.equilac.com\/da\/wp-json\/wp\/v2\/product\/1641","targetHints":{"allow":["GET"]}}],"collection":[{"href":"https:\/\/www.equilac.com\/da\/wp-json\/wp\/v2\/product"}],"about":[{"href":"https:\/\/www.equilac.com\/da\/wp-json\/wp\/v2\/types\/product"}],"version-history":[{"count":0,"href":"https:\/\/www.equilac.com\/da\/wp-json\/wp\/v2\/product\/1641\/revisions"}],"wp:featuredmedia":[{"embeddable":true,"href":"https:\/\/www.equilac.com\/da\/wp-json\/wp\/v2\/media\/16041"}],"wp:attachment":[{"href":"https:\/\/www.equilac.com\/da\/wp-json\/wp\/v2\/media?parent=1641"}],"wp:term":[{"taxonomy":"product_brand","embeddable":true,"href":"https:\/\/www.equilac.com\/da\/wp-json\/wp\/v2\/product_brand?post=1641"},{"taxonomy":"product_cat","embeddable":true,"href":"https:\/\/www.equilac.com\/da\/wp-json\/wp\/v2\/product_cat?post=1641"},{"taxonomy":"product_tag","embeddable":true,"href":"https:\/\/www.equilac.com\/da\/wp-json\/wp\/v2\/product_tag?post=1641"}],"curies":[{"name":"wp","href":"https:\/\/api.w.org\/{rel}","templated":true}]}}