{"id":10277,"date":"2023-08-28T16:35:38","date_gmt":"2023-08-28T16:35:38","guid":{"rendered":"https:\/\/www.equilac.com\/was-kostet-stutenmilch\/"},"modified":"2023-09-07T14:53:36","modified_gmt":"2023-09-07T14:53:36","slug":"was-kostet-stutenmilch","status":"publish","type":"page","link":"https:\/\/www.equilac.com\/de\/was-kostet-stutenmilch\/","title":{"rendered":"Was kostet Stutenmilch?"},"content":{"rendered":"<p>Aufgrund der Komplexit\u00e4t des Produktionsprozesses und des begrenzten Angebots ist der Preis f\u00fcr rohe Stutenmilch im Vergleich zu anderen Milchsorten hoch.<\/p>\n<p>Der Durchschnittspreis f\u00fcr Stutenmilch (roh, gefroren und in Kapseln) betr\u00e4gt:<\/p>\n<table border=\"1\">\n<thead>\n<tr>\n<th>Produkt<\/th>\n<th>Preis\/Liter<\/th>\n<th>Preis\/Tag<\/th>\n<th>Preis\/Monat<\/th>\n<\/tr>\n<\/thead>\n<tbody>\n<tr>\n<td>Rohes Stutenmilch<\/td>\n<td>\u20ac10<\/td>\n<td>\u20ac2,5 (250 ml\/Tag)<\/td>\n<td>\u20ac75<\/td>\n<\/tr>\n<tr>\n<td>Gefrorenes Stutenmilch<\/td>\n<td>\u20ac10<\/td>\n<td>\u20ac2,5 (250 ml\/Tag)<\/td>\n<td>\u20ac75<\/td>\n<\/tr>\n<tr>\n<td>Stutenmilch Kapseln<\/td>\n<td>&#8211;<\/td>\n<td>\u20ac1,33 (2 Kapseln\/Tag)<\/td>\n<td>\u20ac40<\/td>\n<\/tr>\n<\/tbody>\n<\/table>\n<p>&nbsp;<\/p>\n<p>&nbsp;<\/p>\n<p>&nbsp;<\/p>\n","protected":false},"excerpt":{"rendered":"<p>Aufgrund der Komplexit\u00e4t des Produktionsprozesses und des begrenzten Angebots ist der Preis f\u00fcr rohe Stutenmilch im Vergleich zu anderen Milchsorten hoch. Der Durchschnittspreis f\u00fcr Stutenmilch (roh, gefroren und in Kapseln) betr\u00e4gt: Produkt Preis\/Liter Preis\/Tag Preis\/Monat Rohes Stutenmilch \u20ac10 \u20ac2,5 (250 ml\/Tag) \u20ac75 Gefrorenes Stutenmilch \u20ac10 \u20ac2,5 (250 ml\/Tag) \u20ac75 Stutenmilch Kapseln &#8211; \u20ac1,33 (2 Kapseln\/Tag) [&hellip;]<\/p>\n","protected":false},"author":1,"featured_media":0,"parent":0,"menu_order":0,"comment_status":"closed","ping_status":"closed","template":"","meta":{"_uf_show_specific_survey":0,"_uf_disable_surveys":false,"footnotes":""},"categories":[229],"tags":[],"class_list":["post-10277","page","type-page","status-publish","hentry","category-informatie"],"jetpack_sharing_enabled":true,"_links":{"self":[{"href":"https:\/\/www.equilac.com\/de\/wp-json\/wp\/v2\/pages\/10277","targetHints":{"allow":["GET"]}}],"collection":[{"href":"https:\/\/www.equilac.com\/de\/wp-json\/wp\/v2\/pages"}],"about":[{"href":"https:\/\/www.equilac.com\/de\/wp-json\/wp\/v2\/types\/page"}],"author":[{"embeddable":true,"href":"https:\/\/www.equilac.com\/de\/wp-json\/wp\/v2\/users\/1"}],"replies":[{"embeddable":true,"href":"https:\/\/www.equilac.com\/de\/wp-json\/wp\/v2\/comments?post=10277"}],"version-history":[{"count":0,"href":"https:\/\/www.equilac.com\/de\/wp-json\/wp\/v2\/pages\/10277\/revisions"}],"wp:attachment":[{"href":"https:\/\/www.equilac.com\/de\/wp-json\/wp\/v2\/media?parent=10277"}],"wp:term":[{"taxonomy":"category","embeddable":true,"href":"https:\/\/www.equilac.com\/de\/wp-json\/wp\/v2\/categories?post=10277"},{"taxonomy":"post_tag","embeddable":true,"href":"https:\/\/www.equilac.com\/de\/wp-json\/wp\/v2\/tags?post=10277"}],"curies":[{"name":"wp","href":"https:\/\/api.w.org\/{rel}","templated":true}]}}