{"id":11674,"date":"2023-09-18T15:45:24","date_gmt":"2023-09-18T15:45:24","guid":{"rendered":"https:\/\/www.equilac.com\/was-ist-fermentierte-stutenmilch-oder-kumis\/"},"modified":"2023-09-28T10:51:26","modified_gmt":"2023-09-28T10:51:26","slug":"was-ist-fermentierte-stutenmilch-oder-kumis","status":"publish","type":"page","link":"https:\/\/www.equilac.com\/de\/was-ist-fermentierte-stutenmilch-oder-kumis\/","title":{"rendered":"Was ist fermentierte Stutenmilch oder Kumis?"},"content":{"rendered":"\n<p>Fermentierte Stutenmilch, in der Mongolei als Kumis oder Airag bekannt, ist ein traditionelles Milchgetr\u00e4nk, das aus Stutenmilch hergestellt wird. Es ist ein leicht alkoholisches Getr\u00e4nk, das in Zentralasien, insbesondere in der Mongolei, Kasachstan und Kirgisistan, beliebt ist. Bei der Herstellung von Kumis wird rohe, nicht pasteurisierte Stutenmilch mithilfe spezieller Milchs\u00e4urebakterien und Hefe fermentiert.&#13;\n&#13;\n&#13;\n<\/p>\n\n<p>Die Urspr\u00fcnge von Kumis gehen auf Nomadenkulturen in Zentralasien zur\u00fcck. Diese Gemeinschaften waren zur Ern\u00e4hrung haupts\u00e4chlich auf ihr Vieh angewiesen und stellten fest, dass die Fermentierung von Stutenmilch deren Haltbarkeit verl\u00e4ngerte. Im Laufe der Zeit wurden Kumis zu einem festen Bestandteil verschiedener zentralasiatischer Di\u00e4ten und Zeremonien. In der Mongolei ist es auch als Airag bekannt und wird traditionell bei gesellschaftlichen Zusammenk\u00fcnften und besonderen Anl\u00e4ssen konsumiert.<\/p>\n\n<p>Eine der einzigartigen Eigenschaften von Kumis ist sein Alkoholgehalt. Obwohl der Alkoholgehalt relativ niedrig ist und zwischen 0,5 und 2,5 % liegt, reicht er aus, um die Milch zu konservieren und ihr einen ausgepr\u00e4gten Geschmack zu verleihen. Durch die Fermentation entstehen auch n\u00fctzliche N\u00e4hrstoffe, darunter Probiotika, die die Verdauung unterst\u00fctzen und das Immunsystem st\u00e4rken k\u00f6nnen.<\/p>\n\n<p>In Bezug auf den N\u00e4hrwert ist Kumis reich an Vitaminen und Mineralstoffen, insbesondere an B-Vitaminen und Kalzium. Das Getr\u00e4nk ist au\u00dferdem laktosefrei, was es f\u00fcr Menschen mit Laktoseintoleranz bek\u00f6mmlicher macht. Viele behaupten, dass Kumis gesundheitliche Vorteile hat, etwa die Verdauung f\u00f6rdert und das Energieniveau steigert, obwohl es in diesem Bereich nur wenige wissenschaftliche Studien gibt.<\/p>\n\n<p>Heute erfreuen sich Kumis internationaler Beliebtheit und werden sogar in L\u00e4ndern au\u00dferhalb Zentralasiens hergestellt. Mit seinem einzigartigen Geschmack und potenziellen gesundheitlichen Vorteilen ist Kumis mehr als nur ein kulturelles Relikt; Es ist ein faszinierendes Beispiel daf\u00fcr, wie sich traditionelle Speisen und Getr\u00e4nke in der modernen Welt anpassen und gedeihen k\u00f6nnen. Ob wegen seines Geschmacks, seines N\u00e4hrwerts oder seiner kulturellen Bedeutung konsumiert, Kumis bleibt f\u00fcr viele Menschen auf der ganzen Welt ein beliebtes Getr\u00e4nk.<\/p>\n","protected":false},"excerpt":{"rendered":"<p>Fermentierte Stutenmilch, in der Mongolei als Kumis oder Airag bekannt, ist ein traditionelles Milchgetr\u00e4nk, das aus Stutenmilch hergestellt wird. Es ist ein leicht alkoholisches Getr\u00e4nk, das in Zentralasien, insbesondere in der Mongolei, Kasachstan und Kirgisistan, beliebt ist. Bei der Herstellung von Kumis wird rohe, nicht pasteurisierte Stutenmilch mithilfe spezieller Milchs\u00e4urebakterien und Hefe fermentiert.&#13; &#13; &#13; [&hellip;]<\/p>\n","protected":false},"author":1,"featured_media":11664,"parent":0,"menu_order":0,"comment_status":"closed","ping_status":"closed","template":"","meta":{"_uf_show_specific_survey":0,"_uf_disable_surveys":false,"footnotes":""},"categories":[152],"tags":[184],"class_list":["post-11674","page","type-page","status-publish","has-post-thumbnail","hentry","category-pferdemilch","tag-related-de"],"jetpack_sharing_enabled":true,"_links":{"self":[{"href":"https:\/\/www.equilac.com\/de\/wp-json\/wp\/v2\/pages\/11674","targetHints":{"allow":["GET"]}}],"collection":[{"href":"https:\/\/www.equilac.com\/de\/wp-json\/wp\/v2\/pages"}],"about":[{"href":"https:\/\/www.equilac.com\/de\/wp-json\/wp\/v2\/types\/page"}],"author":[{"embeddable":true,"href":"https:\/\/www.equilac.com\/de\/wp-json\/wp\/v2\/users\/1"}],"replies":[{"embeddable":true,"href":"https:\/\/www.equilac.com\/de\/wp-json\/wp\/v2\/comments?post=11674"}],"version-history":[{"count":1,"href":"https:\/\/www.equilac.com\/de\/wp-json\/wp\/v2\/pages\/11674\/revisions"}],"predecessor-version":[{"id":12528,"href":"https:\/\/www.equilac.com\/de\/wp-json\/wp\/v2\/pages\/11674\/revisions\/12528"}],"wp:featuredmedia":[{"embeddable":true,"href":"https:\/\/www.equilac.com\/de\/wp-json\/wp\/v2\/media\/11664"}],"wp:attachment":[{"href":"https:\/\/www.equilac.com\/de\/wp-json\/wp\/v2\/media?parent=11674"}],"wp:term":[{"taxonomy":"category","embeddable":true,"href":"https:\/\/www.equilac.com\/de\/wp-json\/wp\/v2\/categories?post=11674"},{"taxonomy":"post_tag","embeddable":true,"href":"https:\/\/www.equilac.com\/de\/wp-json\/wp\/v2\/tags?post=11674"}],"curies":[{"name":"wp","href":"https:\/\/api.w.org\/{rel}","templated":true}]}}