{"id":11693,"date":"2023-09-05T17:03:49","date_gmt":"2023-09-05T17:03:49","guid":{"rendered":"https:\/\/www.equilac.com\/was-ist-psoriasis\/"},"modified":"2023-10-11T16:32:20","modified_gmt":"2023-10-11T16:32:20","slug":"was-ist-psoriasis","status":"publish","type":"page","link":"https:\/\/www.equilac.com\/de\/was-ist-psoriasis\/","title":{"rendered":"Was ist Psoriasis?"},"content":{"rendered":"\n<p>Psoriasis ist eine chronische Hauterkrankung, die durch rote, entz\u00fcndete Hautflecken mit wei\u00dfen oder silbernen Schuppen gekennzeichnet ist. Diese Flecken k\u00f6nnen \u00fcberall am K\u00f6rper auftreten, kommen jedoch h\u00e4ufig an Ellbogen, Knien und der Kopfhaut vor. Psoriasis ist nicht ansteckend und kann nicht durch K\u00f6rperkontakt \u00fcbertragen werden.&#13;\n&#13;\n&#13;\n&#13;\n<\/p>\n\n<p>Psoriasis entsteht, wenn sich der Lebenszyklus der Hautzellen beschleunigt. Innerhalb eines Monats wachsen Hautzellen, sterben ab und fallen ab. Bei Psoriasis verl\u00e4uft dieser Prozess jedoch beschleunigt und dauert nur wenige Tage. Dieser schnelle Zellumsatz f\u00fchrt zur Bildung von Schuppen und roten Flecken. Die Erkrankung ist mit einem \u00fcberaktiven Immunsystem verbunden, die genaue Ursache bleibt jedoch unklar.<\/p>\n\n<p>Es gibt verschiedene Arten von Psoriasis, wobei Plaque-Psoriasis am h\u00e4ufigsten vorkommt. Andere Formen umfassen Psoriasis guttata, inverse Psoriasis, pustul\u00f6se Psoriasis und erythrodermische Psoriasis. Jeder Typ hat seine eigenen Symptome, aber alle haben das gemeinsame Merkmal abnormaler Hautflecken.<\/p>\n\n<p>Obwohl es keine Heilung f\u00fcr Psoriasis gibt, stehen Behandlungen zur Behandlung der Symptome zur Verf\u00fcgung. Zur Reduzierung von Entz\u00fcndungen und der Erneuerung der Hautzellen werden h\u00e4ufig topische Cremes, Lichttherapie und Medikamente eingesetzt. \u00c4nderungen des Lebensstils wie Stressbew\u00e4ltigung, eine ausgewogene Ern\u00e4hrung und regelm\u00e4\u00dfige Bewegung k\u00f6nnen ebenfalls zur Linderung der Symptome beitragen.<\/p>\n\n<p>Mehrere Faktoren k\u00f6nnen Psoriasis ausl\u00f6sen oder verschlimmern. Dazu geh\u00f6ren Stress, Infektionen, Verletzungen der Haut und bestimmte Medikamente. Auch Alkohol- und Tabakkonsum wurden mit der Schwere der Psoriasis-Symptome in Verbindung gebracht. Daher kann die Vermeidung dieser Ausl\u00f6ser dazu beitragen, Sch\u00fcbe zu kontrollieren.<\/p>\n\n<p>W\u00e4hrend Psoriasis langfristig auftreten kann, finden viele Menschen durch eine Behandlung und eine \u00c4nderung ihres Lebensstils Linderung. F\u00fcr eine genaue Diagnose und einen geeigneten Behandlungsplan ist die Konsultation eines Dermatologen unerl\u00e4sslich.<\/p>\n","protected":false},"excerpt":{"rendered":"<p>Psoriasis ist eine chronische Hauterkrankung, die durch rote, entz\u00fcndete Hautflecken mit wei\u00dfen oder silbernen Schuppen gekennzeichnet ist. Diese Flecken k\u00f6nnen \u00fcberall am K\u00f6rper auftreten, kommen jedoch h\u00e4ufig an Ellbogen, Knien und der Kopfhaut vor. Psoriasis ist nicht ansteckend und kann nicht durch K\u00f6rperkontakt \u00fcbertragen werden.&#13; &#13; &#13; &#13; Psoriasis entsteht, wenn sich der Lebenszyklus der [&hellip;]<\/p>\n","protected":false},"author":1,"featured_media":13715,"parent":0,"menu_order":0,"comment_status":"closed","ping_status":"closed","template":"","meta":{"_uf_show_specific_survey":0,"_uf_disable_surveys":false,"footnotes":""},"categories":[],"tags":[180,184],"class_list":["post-11693","page","type-page","status-publish","has-post-thumbnail","hentry","tag-related","tag-related-de"],"jetpack_sharing_enabled":true,"_links":{"self":[{"href":"https:\/\/www.equilac.com\/de\/wp-json\/wp\/v2\/pages\/11693","targetHints":{"allow":["GET"]}}],"collection":[{"href":"https:\/\/www.equilac.com\/de\/wp-json\/wp\/v2\/pages"}],"about":[{"href":"https:\/\/www.equilac.com\/de\/wp-json\/wp\/v2\/types\/page"}],"author":[{"embeddable":true,"href":"https:\/\/www.equilac.com\/de\/wp-json\/wp\/v2\/users\/1"}],"replies":[{"embeddable":true,"href":"https:\/\/www.equilac.com\/de\/wp-json\/wp\/v2\/comments?post=11693"}],"version-history":[{"count":1,"href":"https:\/\/www.equilac.com\/de\/wp-json\/wp\/v2\/pages\/11693\/revisions"}],"predecessor-version":[{"id":13746,"href":"https:\/\/www.equilac.com\/de\/wp-json\/wp\/v2\/pages\/11693\/revisions\/13746"}],"wp:featuredmedia":[{"embeddable":true,"href":"https:\/\/www.equilac.com\/de\/wp-json\/wp\/v2\/media\/13715"}],"wp:attachment":[{"href":"https:\/\/www.equilac.com\/de\/wp-json\/wp\/v2\/media?parent=11693"}],"wp:term":[{"taxonomy":"category","embeddable":true,"href":"https:\/\/www.equilac.com\/de\/wp-json\/wp\/v2\/categories?post=11693"},{"taxonomy":"post_tag","embeddable":true,"href":"https:\/\/www.equilac.com\/de\/wp-json\/wp\/v2\/tags?post=11693"}],"curies":[{"name":"wp","href":"https:\/\/api.w.org\/{rel}","templated":true}]}}