{"id":11721,"date":"2023-09-19T16:05:31","date_gmt":"2023-09-19T16:05:31","guid":{"rendered":"https:\/\/www.equilac.com\/was-ist-stutenmilch\/"},"modified":"2023-10-12T18:59:23","modified_gmt":"2023-10-12T18:59:23","slug":"stutenmilch","status":"publish","type":"page","link":"https:\/\/www.equilac.com\/de\/stutenmilch\/","title":{"rendered":"Stutenmilch: Alles, was Sie \u00fcber Pferdemilch wissen m\u00fcssen"},"content":{"rendered":"\n<p>Stutenmilch, auch Pferdemilch oder Equine Milch genannt, wird seit Jahrhunderten als nahrhaftes Getr\u00e4nk verwendet und neuerdings als Nahrungserg\u00e4nzungsmittel, das bei vielen Gesundheitsproblemen helfen kann.<\/p>\n\n\n\n<p><strong>Bei Equilac\u00ae haben wir die wichtigsten Fakten \u00fcber Stutenmilch zusammengefasst.<\/strong><\/p>\n\n\n\n<div class=\"wp-block-rank-math-toc-block\" id=\"rank-math-toc\"><nav><ul><li class=\"\"><a href=\"#geschichte-der-stutenmilch\">Geschichte der Stutenmilch<\/a><\/li><li class=\"\"><a href=\"#stutenmilch-heute\">Stutenmilch heute<\/a><\/li><li class=\"\"><a href=\"#zusammensetzung-der-stutenmilch\">Zusammensetzung der Stutenmilch<\/a><\/li><li class=\"\"><a href=\"#gesundheitsvorteile-von-stutenmilch\">Gesundheitsvorteile von Stutenmilch<\/a><ul><li class=\"\"><a href=\"#1-stutenmilch-und-hautproblemen\">1. Stutenmilch und Hautproblemen<\/a><\/li><li class=\"\"><a href=\"#2-stutenmilch-und-das-immunsystem\">2. Stutenmilch und das Immunsystem<\/a><\/li><li class=\"\"><a href=\"#3-stutenmilch-und-darmflora\">3. Stutenmilch und Darmflora<\/a><\/li><li class=\"\"><a href=\"#4-stutenmilch-gegen-allergien\">4. Stutenmilch gegen Allergien<\/a><\/li><\/ul><\/li><li class=\"\"><a href=\"#produkte-aus-stutenmilch\">Produkte aus Stutenmilch<\/a><ul><li class=\"\"><a href=\"#1-frische-oder-gefrorene-stutenmilch\">1. Frische oder gefrorene Stutenmilch<\/a><\/li><li class=\"\"><a href=\"#2-fermentierte-stutenmilch-oder-kumis\">2. Fermentierte Stutenmilch oder Kumis<\/a><\/li><li class=\"\"><a href=\"#3-stutenmilch-in-kapseln\">3. Stutenmilch in Kapseln<\/a><\/li><li class=\"\"><a href=\"#4-stutenmilchpulver\">4. Stutenmilchpulver<\/a><\/li><li class=\"\"><a href=\"#5-kosmetika-aus-stutenmilch\">5. Kosmetika aus Stutenmilch<\/a><\/li><li class=\"\"><a href=\"#6-kase-aus-stutenmilch\">6. K\u00e4se aus Stutenmilch<\/a><\/li><\/ul><\/li><li class=\"\"><a href=\"#herstellung-von-stutenmilch\">Herstellung von Stutenmilch<\/a><\/li><li class=\"\"><a href=\"#stutenmilch-fur-haustiere\">Stutenmilch f\u00fcr Haustiere<\/a><\/li><li class=\"\"><a href=\"#preis-fur-stutenmilch\">Preis f\u00fcr Stutenmilch<\/a><\/li><\/ul><\/nav><\/div>\n\n\n\n<h2 class=\"wp-block-heading\" id=\"geschichte-der-stutenmilch\">Geschichte der Stutenmilch<\/h2>\n\n\n\n<p>Mit einer Geschichte von mehr als 2.000 Jahren hatte Stutenmilch einen greifbaren Einfluss auf die Gesundheit und das Wohlbefinden vieler Menschen in der Geschichte. Der <a href=\"https:\/\/www.equilac.com\/de\/geschichte-der-stutenmilch\/\" data-type=\"page\" data-id=\"8270\">Ursprung von Pferdemilch<\/a> geht auf die alten Griechen zur\u00fcck. Sie glaubten, die Amazonen, ein legend\u00e4rer Stamm von Kriegerinnen, h\u00e4tten ihre Kinder mit Stutenmilch aufgezogen.<\/p>\n\n\n\n<p>Die \u00e4gyptische K\u00f6nigin Kleopatra badete in saurer Eselsmilch, um Falten zu reduzieren und ihre jugendliche Sch\u00f6nheit zu bewahren. Die saure Milch wirkt wie ein mildes Peeling, das abgestorbene Hautzellen entfernt und darunter liegende glattere, strahlende Haut enth\u00fcllt.<\/p>\n\n\n\n<p>In der Mitte des 19. Jahrhunderts empfahlen russische \u00c4rzte fermentierte Stutenmilch als Behandlung gegen Tuberkulose. W\u00e4hrend die Wirksamkeit dieser Krankheit nicht bekannt ist, waren russische Schriftsteller wie Leo Tolstoj und Anton Tschechow Anh\u00e4nger von Pferdemilch als Schl\u00fcssel zu verbesserter Gesundheit.<\/p>\n\n\n\n<h2 class=\"wp-block-heading\" id=\"stutenmilch-heute\">Stutenmilch heute<\/h2>\n\n\n\n<p>In den 1990er Jahren wurde Stutenmilch in Europa bekannter, insbesondere in L\u00e4ndern wie Deutschland, Belgien, den Niederlanden und Frankreich, wo Pferdemilchh\u00f6fe frische oder tiefgek\u00fchlte Pferdemilch f\u00fcr Nutzer mit Gesundheitsproblemen anboten.<\/p>\n\n\n\n<p>1999 war unser Equilac\u00ae Pferdemilchhof der erste, der Stutenmilch in Kapseln produzierte, wodurch Stutenmilch f\u00fcr jeden in Apotheken zug\u00e4nglich gemacht wurde.<\/p>\n\n\n\n<h2 class=\"wp-block-heading\" id=\"zusammensetzung-der-stutenmilch\"><a href=\"https:\/\/www.equilac.com\/de\/pferdemilch\/zusammensetzung\/\">Zusammensetzung der Stutenmilch<\/a><\/h2>\n\n\n\n<p>Der N\u00e4hrwert von Stutenmilch \u00e4hnelt sehr der von Muttermilch. Die ausgewogenen N\u00e4hrstoffe in Pferdemilch st\u00e4rken das Immunsystem und unterst\u00fctzen das Verdauungssystem und die Darmflora. Verschiedene Gesundheitsprobleme k\u00f6nnen auftreten, wenn diese geschw\u00e4cht sind.<\/p>\n\n\n\n<p>Eine wichtige Zutat in Pferdemilch ist <a href=\"https:\/\/www.equilac.com\/de\/lactoferrin\/\" data-type=\"page\" data-id=\"2540\">Laktoferrin<\/a>, ein entz\u00fcndungshemmendes Protein, das auch in Muttermilch und Kolostrum gefunden werden kann. Eine Studie des <a href=\"https:\/\/link.springer.com\/article\/10.1007\/s00217-014-2299-4\" target=\"_blank\" rel=\"noreferrer noopener nofollow\">European Food Research and Technology<\/a> zeigt, dass Laktoferrin, Lysozym und Kalzium zusammen als entz\u00fcndungshemmende, antimykotische und antibakterielle Substanz wirken. Sie sind hilfreich f\u00fcr diejenigen mit Autoimmunerkrankungen im Zusammenhang mit Haut, Allergien und anderen Gesundheitsproblemen.<\/p>\n\n\n\n<h2 class=\"wp-block-heading\" id=\"gesundheitsvorteile-von-stutenmilch\"><a href=\"https:\/\/www.equilac.com\/de\/pferdemilch\/gesundheit\/\">Gesundheitsvorteile von Stutenmilch<\/a><\/h2>\n\n\n\n<p>Stutenmilch bietet viele Gesundheitsvorteile f\u00fcr diejenigen, die Equilac\u00ae Kapseln einnehmen oder frische Stutenmilch trinken. Sie kann ein nat\u00fcrliches Heilmittel sein, um Hautprobleme zu lindern, das Immunsystem zu st\u00e4rken, die Darmflora zu verbessern und gegen Allergien zu helfen.<\/p>\n\n\n\n<p><strong>Stutenmilch wird f\u00fcr die folgenden Gesundheitsprobleme empfohlen:<\/strong><\/p>\n\n\n\n<ul class=\"wp-block-list\">\n<li>Autoimmunerkrankungen der Haut (Psoriasis, <a href=\"https:\/\/www.equilac.com\/de\/stutenmilch-gegen-ekzeme\/\" data-type=\"page\" data-id=\"6949\">Ekzem<\/a>, Akne)<\/li>\n\n\n\n<li>St\u00e4rkung des geschw\u00e4chten Immunsystems<\/li>\n\n\n\n<li>Verbesserung des Verdauungssystems und der Darmflora<\/li>\n\n\n\n<li>Linderung von Symptomen bei Morbus Crohn<\/li>\n\n\n\n<li>Asthma, <a href=\"https:\/\/www.equilac.com\/de\/stutenmilch-ein-natuerliches-heilmittel-gegen-heuschnupfen\/\" data-type=\"page\" data-id=\"12343\">Heuschnupfen<\/a> und andere Atemwegserkrankungen<\/li>\n\n\n\n<li>Allergien oder Unvertr\u00e4glichkeiten gegen\u00fcber Kuhmilch<\/li>\n<\/ul>\n\n\n\n<p>Obwohl nicht alle bekannten Vorteile von Stutenmilch gr\u00fcndlich erforscht wurden, zeigen bestehende <a href=\"https:\/\/www.equilac.com\/de\/forschung-zu-stutenmilch\/\" data-type=\"page\" data-id=\"8213\">Studien<\/a>, dass sie erhebliche Vorteile haben kann.<\/p>\n\n\n\n<h3 class=\"wp-block-heading\" id=\"1-stutenmilch-und-hautproblemen\">1. <a href=\"https:\/\/www.equilac.com\/de\/pferdemilch\/gesundheit\/hautprobleme\/\">Stutenmilch und Hautproblemen<\/a><\/h3>\n\n\n\n<p>Pferdemilch lindert Hautprobleme von innen heraus, an der Quelle des Hautproblems, anstatt nur die \u00e4u\u00dferen Symptome mit topischen Behandlungen wie Hydrocortison zu unterdr\u00fccken. Stutenmilch kann andere (medizinische) Behandlungen erg\u00e4nzen und Symptome von hautbezogenen Autoimmunerkrankungen lindern.<\/p>\n\n\n\n<p><strong>Stutenmilch hat positive Ergebnisse bei der Behandlung der folgenden Hautprobleme gezeigt:<\/strong><\/p>\n\n\n\n<ul class=\"wp-block-list\">\n<li><strong>Schuppenflechte (Psoriasis):<\/strong> Pferdemilch kann eine alternative Behandlung sein, insbesondere wenn herk\u00f6mmliche Behandlungen keine Ergebnisse zeigen. Sie kann Psoriasis-Symptome von innen lindern, Ausbr\u00fcche verhindern und langfristige Linderung bei Psoriasis bieten.<\/li>\n\n\n\n<li><strong>Ekzem:<\/strong> Als nat\u00fcrliches Heilmittel kann Pferdemilch helfen, die Symptome und Ursachen von Ekzemen von innen heraus zu bek\u00e4mpfen.<\/li>\n\n\n\n<li><strong>Akne:<\/strong> Pferdemilch kann helfen, Akne von innen heraus zu bek\u00e4mpfen und bietet einen umfassenden Ansatz f\u00fcr eine klarere Haut.<\/li>\n<\/ul>\n\n\n\n<h3 class=\"wp-block-heading\" id=\"2-stutenmilch-und-das-immunsystem\">2. <a href=\"https:\/\/www.equilac.com\/de\/pferdemilch\/gesundheit\/immunsystem\/\">Stutenmilch und das Immunsystem<\/a><\/h3>\n\n\n\n<p>Stutenmilch kann die Widerstandsf\u00e4higkeit gegen bakterielle Krankheiten und Viren erh\u00f6hen, insbesondere bei Babys und Kindern. Stutenmilch ist reich an Immunglobulinen (Antik\u00f6rpern), Laktoferrin und Lysozym, Proteinen, die das Immunsystem unterst\u00fctzen.<\/p>\n\n\n\n<h3 class=\"wp-block-heading\" id=\"3-stutenmilch-und-darmflora\">3. <a href=\"https:\/\/www.equilac.com\/de\/pferdemilch\/gesundheit\/darmflora\/\">Stutenmilch und Darmflora<\/a><\/h3>\n\n\n\n<p>Die antibakterielle Eigenschaft von Stutenmilch kann ein gesundes Gleichgewicht von Bakterien im Darm f\u00f6rdern, was zu einer gesunden Darmflora und einem gesunden Verdauungssystem f\u00fchrt.<\/p>\n\n\n\n<p>Ein gesunder Darm kann die Funktion des Verdauungstrakts verbessern. Es kann die Symptome einiger Verdauungsst\u00f6rungen reduzieren, einschlie\u00dflich Morbus Crohn und anderer chronischer Magen- und Darmzust\u00e4nde.<\/p>\n\n\n\n<p>Forschungen zufolge kann das Trinken von Stutenmilch bei Menschen mit Morbus Crohn Bauchschmerzen lindern, das Vorkommen von sichtbarem Blut im Stuhl reduzieren und die Abh\u00e4ngigkeit von anderen Medikamenten minimieren.<\/p>\n\n\n\n<p>Die Hauptgr\u00fcnde f\u00fcr diese positiven Effekte sind die entz\u00fcndungshemmenden und antibakteriellen Eigenschaften der Stutenmilch. Durch das Trinken von Stutenmilch k\u00f6nnen Patienten den Fortschritt von Morbus Crohn stoppen oder sogar einige seiner Symptome umkehren.<\/p>\n\n\n\n<h3 class=\"wp-block-heading\" id=\"4-stutenmilch-gegen-allergien\">4. <a href=\"https:\/\/www.equilac.com\/de\/pferdemilch\/gesundheit\/allergien\/\">Stutenmilch gegen Allergien<\/a><\/h3>\n\n\n\n<p>Eine Studie \u00fcber <a href=\"https:\/\/onlinelibrary.wiley.com\/doi\/abs\/10.1111\/j.1399-3038.2007.00567.x\" target=\"_blank\" rel=\"noreferrer noopener nofollow\">Kinderallergie und Immunologie<\/a> hat gezeigt, dass Stutenmilch von fast 96 Prozent der Kinder mit <a href=\"https:\/\/www.equilac.com\/de\/stutenmilch-bei-kuhmilchallergie\/\" data-type=\"page\" data-id=\"8251\">Kuhmilchallergie<\/a> gut vertragen wird. Diese Ergebnisse beziehen sich nicht auf Laktoseintoleranz, Empfindlichkeit oder allergische Reaktionen.<\/p>\n\n\n\n<p>Die Forschung ergab, dass die Zugabe von Stutenmilch zu einer Di\u00e4t die Anzahl der n\u00fctzlichen Mikroben im Darm erh\u00f6hte, was bei der Reduzierung allergischer Reaktionen auf Lebensmittel wesentlich sein kann.<\/p>\n\n\n\n<p>Die entz\u00fcndungshemmenden Eigenschaften von Stutenmilch k\u00f6nnen auch zus\u00e4tzlichen Schutz gegen einige Formen von <a href=\"https:\/\/www.equilac.com\/de\/natuerliche-linderung-von-asthma-mit-stutenmilch\/\" data-type=\"page\" data-id=\"12361\">Asthma<\/a> bei Babys und Kindern bieten.<\/p>\n\n\n\n<h2 class=\"wp-block-heading\" id=\"produkte-aus-stutenmilch\"><a href=\"https:\/\/www.equilac.com\/de\/pferdemilch\/produkte\/\">Produkte aus Stutenmilch<\/a><\/h2>\n\n\n\n<p>Es gibt verschiedene Arten, Stutenmilch zu verwenden, abh\u00e4ngig von Ihrer Region und dem Grund f\u00fcr den Konsum von Pferdemilch.<\/p>\n\n\n\n<p>Stutenmilch kann als Nahrungserg\u00e4nzungsmittel f\u00fcr eine bessere Gesundheit, ein Sch\u00f6nheitsprodukt oder ein gastronomisches Erlebnis auf einer Reise durch die Mongolei verwendet werden.<\/p>\n\n\n\n<p><strong>Im Folgenden eine \u00dcbersicht \u00fcber die heute erh\u00e4ltlichen Stutenmilchprodukte:<\/strong><\/p>\n\n\n\n<h3 class=\"wp-block-heading\" id=\"1-frische-oder-gefrorene-stutenmilch\">1. <a href=\"https:\/\/www.equilac.com\/de\/frische-stutenmilch-trinken\/\">Frische oder gefrorene Stutenmilch<\/a><\/h3>\n\n\n\n<p>Rohmilch von Stuten ist ideal f\u00fcr alle, die in der N\u00e4he einer Pferdemolkerei leben.<\/p>\n\n\n\n<p>Frische und nicht pasteurisierte Stutenmilch, erh\u00e4ltlich in europ\u00e4ischen Pferdemilchfarmen, ist bis zu drei Tage trinkbar, und gefrorene Stutenmilch kann bis zu 6 Monate bei -18 \u00b0C gelagert werden.<\/p>\n\n\n\n<h3 class=\"wp-block-heading\" id=\"2-fermentierte-stutenmilch-oder-kumis\">2. <a href=\"https:\/\/www.equilac.com\/de\/was-ist-fermentierte-stutenmilch-oder-kumis\/\">Fermentierte Stutenmilch oder Kumis<\/a><\/h3>\n\n\n\n<p>Fermentierte Stutenmilch oder Kumis wird durch Fermentation von roher, nicht pasteurisierter Stutenmilch \u00fcber bis zu f\u00fcnf Stunden bei einer Temperatur von 27 \u00b0C hergestellt. Dieser fermentierte Stutenmilch hat einen niedrigen Alkoholgehalt und kann \u00fcber l\u00e4ngere Zeitr\u00e4ume gelagert werden. Kumis findet man in der Mongolei, Kasachstan, Kirgisistan und einigen zentralasiatischen L\u00e4ndern.<\/p>\n\n\n\n<p>Man kann auch Joghurt aus Stutenmilch herstellen; dieser ist in einigen europ\u00e4ischen Pferdemilchfarmen erh\u00e4ltlich.<\/p>\n\n\n\n<h3 class=\"wp-block-heading\" id=\"3-stutenmilch-in-kapseln\">3. <a href=\"https:\/\/www.equilac.com\/de\/produkt\/stutenmilch-kapseln\/\">Stutenmilch in Kapseln<\/a><\/h3>\n\n\n\n<p>Frische oder gefrorene Stutenmilch ist in den meisten L\u00e4ndern schwer zu kaufen. Daher sind Nahrungserg\u00e4nzungsmittel mit Stutenmilchpulver in Kapseln oder Tabletten eine bessere L\u00f6sung f\u00fcr die t\u00e4gliche Einnahme.<\/p>\n\n\n\n<p>Die leicht einzunehmenden Stutenmilchkapseln erm\u00f6glichen es mehr Menschen, Stutenmilch zu konsumieren, da sie leicht zu versenden sind, eine lange Haltbarkeit von bis zu 18 Monaten haben und in Apotheken erh\u00e4ltlich sind.<\/p>\n\n\n\n<h3 class=\"wp-block-heading\" id=\"4-stutenmilchpulver\">4. <a href=\"https:\/\/www.equilac.com\/de\/stutenmilchpulver\/\">Stutenmilchpulver<\/a><\/h3>\n\n\n\n<p>Stutenmilchpulver wird durch Gefriertrocknung oder Spr\u00fchtrocknung von frischer Stutenmilch hergestellt, sodass 91% des enthaltenen Wassers aus der Stutenmilch getrocknet werden. Beide Verfahren werden sorgf\u00e4ltig durchgef\u00fchrt, ohne den N\u00e4hrwert des fertigen Stutenmilchpulvers zu sch\u00e4digen, sodass das Pulver seine gesundheitlichen Vorteile beh\u00e4lt.<\/p>\n\n\n\n<p>Stutenmilchpulver ist eine praktischere L\u00f6sung f\u00fcr eine l\u00e4ngere Haltbarkeit, ohne Konservierungsstoffe hinzuzuf\u00fcgen, und kann in kaltem Wasser oder kalten Lebensmitteln wie Joghurt gemischt werden.<\/p>\n\n\n\n<p>Es ist wichtig, das Stutenmilchpulver nicht \u00fcber 38 \u00b0C zu erhitzen, um die aktiven Elemente zu erhalten.<\/p>\n\n\n\n<h3 class=\"wp-block-heading\" id=\"5-kosmetika-aus-stutenmilch\">5. <a href=\"https:\/\/www.equilac.com\/de\/hautpflegeprodukte-auf-basis-von-stutenmilch\/\">Kosmetika aus Stutenmilch<\/a><\/h3>\n\n\n\n<p>Die antioxidativen und antibakteriellen Eigenschaften von Stutenmilch haben sie zu einem attraktiven Inhaltsstoff in <a href=\"https:\/\/www.equilac.com\/de\/stutenmilchcreme-fuer-trockene-und-empfindliche-haut\/\" data-type=\"page\" data-id=\"11628\">Hautcreme<\/a>, K\u00f6rperlotion, <a href=\"https:\/\/www.equilac.com\/de\/stutenmilch-shampoo-fuer-gesunde-haare\/\" data-type=\"page\" data-id=\"11915\">Shampoo<\/a> und <a href=\"https:\/\/www.equilac.com\/de\/stutenmilch-seife-fuer-weiche-haut\/\" data-type=\"page\" data-id=\"12198\">Seife<\/a> gemacht. Ideal f\u00fcr Menschen mit empfindlicher Haut oder trockener Kopfhaut. Hautpflegeprodukte auf Basis von Stutenmilch k\u00f6nnen erg\u00e4nzend zur Behandlung von Hautproblemen mit Stutenmilchkapseln verwendet werden.<\/p>\n\n\n\n<h3 class=\"wp-block-heading\" id=\"6-kase-aus-stutenmilch\">6. <a href=\"https:\/\/www.equilac.com\/de\/kann-man-aus-stutenmilch-kaese-machen\/\">K\u00e4se aus Stutenmilch<\/a><\/h3>\n\n\n\n<p>Einige Pferdemilchfarmen produzieren K\u00e4se aus Stutenmilch. Der geringere Casein- und Fettgehalt in Stutenmilch macht sie weniger geeignet zur K\u00e4seherstellung, da man bis zu 20 Liter Stutenmilch ben\u00f6tigt, um ein Kilogramm K\u00e4se herzustellen; das macht den K\u00e4se teuer.<\/p>\n\n\n\n<h2 class=\"wp-block-heading\" id=\"herstellung-von-stutenmilch\"><a href=\"https:\/\/www.equilac.com\/de\/wie-wird-stutenmilch-hergestellt\/\">Herstellung von Stutenmilch<\/a><\/h2>\n\n\n\n<p>Stutenmilch wird gewonnen, indem man eine Stute melkt, die k\u00fcrzlich ein Fohlen zur Welt gebracht hat. Je nachdem, wo die Stutenmilch produziert wird, kann sie durch Handmelken oder mit einer an das Euter der Stute angepassten Melkmaschine gewonnen werden. Das Maschinenmelken garantiert, dass die Stutenmilch gem\u00e4\u00df internationalen Hygienevorschriften produziert wird.<\/p>\n\n\n\n<p>Die Stuten werden sanft behandelt, um sicherzustellen, dass sie auf eine tierfreundliche und komfortable Weise Milch abgeben k\u00f6nnen.<\/p>\n\n\n\n<h2 class=\"wp-block-heading\" id=\"stutenmilch-fur-haustiere\">Stutenmilch f\u00fcr Haustiere<\/h2>\n\n\n\n<p>Haustiere wie Hunde und Katzen profitieren ebenfalls von Stutenmilchpulver; es kann Haut- und Fellprobleme, Allergien und Magen-Darm-Probleme l\u00f6sen und ein gesundes, gl\u00e4nzendes Fell erhalten. Das Pulver kann ins Tierfutter gestreut oder in lauwarmem Wasser gemischt werden.<\/p>\n\n\n\n<p>Das Stutenmilchpulver kann auch als Milchersatz f\u00fcr mutterlose Fohlen verwendet werden.<\/p>\n\n\n\n<h2 class=\"wp-block-heading\" id=\"preis-fur-stutenmilch\"><a href=\"https:\/\/www.equilac.com\/de\/was-kostet-stutenmilch\/\">Preis f\u00fcr Stutenmilch<\/a><\/h2>\n\n\n\n<p>Stutenmilch kostet etwa 10 \u20ac pro Liter f\u00fcr frische oder gefrorene Stutenmilch, was 75 \u20ac pro Monat entspricht, wenn man eine Kur mit fl\u00fcssiger Stutenmilch machen m\u00f6chte. Roh- und gefrorene Stutenmilch ist bei Pferdemolkereien erh\u00e4ltlich.<\/p>\n\n\n\n<p>Wenn Sie nicht in der N\u00e4he einer Pferdemolkerei wohnen, k\u00f6nnen Sie unsere Equilac\u00ae-Kapseln \u00fcber diese Website oder in Apotheken in Belgien f\u00fcr 120 \u20ac f\u00fcr eine 3-monatige Behandlung kaufen. Equilac\u00ae stellt sicher, dass Sie \u00fcberall einfach Zugang zum Konsum von Stutenmilch haben.<\/p>\n","protected":false},"excerpt":{"rendered":"<p>Stutenmilch, auch Pferdemilch oder Equine Milch genannt, wird seit Jahrhunderten als nahrhaftes Getr\u00e4nk verwendet und neuerdings als Nahrungserg\u00e4nzungsmittel, das bei vielen Gesundheitsproblemen helfen kann. Bei Equilac\u00ae haben wir die wichtigsten Fakten \u00fcber Stutenmilch zusammengefasst. Geschichte der Stutenmilch Mit einer Geschichte von mehr als 2.000 Jahren hatte Stutenmilch einen greifbaren Einfluss auf die Gesundheit und das [&hellip;]<\/p>\n","protected":false},"author":1,"featured_media":11760,"parent":0,"menu_order":0,"comment_status":"closed","ping_status":"closed","template":"","meta":{"_uf_show_specific_survey":0,"_uf_disable_surveys":false,"footnotes":""},"categories":[231,152],"tags":[184],"class_list":["post-11721","page","type-page","status-publish","has-post-thumbnail","hentry","category-informationen","category-pferdemilch","tag-related-de"],"jetpack_sharing_enabled":true,"_links":{"self":[{"href":"https:\/\/www.equilac.com\/de\/wp-json\/wp\/v2\/pages\/11721","targetHints":{"allow":["GET"]}}],"collection":[{"href":"https:\/\/www.equilac.com\/de\/wp-json\/wp\/v2\/pages"}],"about":[{"href":"https:\/\/www.equilac.com\/de\/wp-json\/wp\/v2\/types\/page"}],"author":[{"embeddable":true,"href":"https:\/\/www.equilac.com\/de\/wp-json\/wp\/v2\/users\/1"}],"replies":[{"embeddable":true,"href":"https:\/\/www.equilac.com\/de\/wp-json\/wp\/v2\/comments?post=11721"}],"version-history":[{"count":11,"href":"https:\/\/www.equilac.com\/de\/wp-json\/wp\/v2\/pages\/11721\/revisions"}],"predecessor-version":[{"id":14063,"href":"https:\/\/www.equilac.com\/de\/wp-json\/wp\/v2\/pages\/11721\/revisions\/14063"}],"wp:featuredmedia":[{"embeddable":true,"href":"https:\/\/www.equilac.com\/de\/wp-json\/wp\/v2\/media\/11760"}],"wp:attachment":[{"href":"https:\/\/www.equilac.com\/de\/wp-json\/wp\/v2\/media?parent=11721"}],"wp:term":[{"taxonomy":"category","embeddable":true,"href":"https:\/\/www.equilac.com\/de\/wp-json\/wp\/v2\/categories?post=11721"},{"taxonomy":"post_tag","embeddable":true,"href":"https:\/\/www.equilac.com\/de\/wp-json\/wp\/v2\/tags?post=11721"}],"curies":[{"name":"wp","href":"https:\/\/api.w.org\/{rel}","templated":true}]}}