{"id":11915,"date":"2023-09-22T16:36:20","date_gmt":"2023-09-22T16:36:20","guid":{"rendered":"https:\/\/www.equilac.com\/stutenmilch-shampoo-fuer-gesunde-haare\/"},"modified":"2023-09-28T09:44:52","modified_gmt":"2023-09-28T09:44:52","slug":"stutenmilch-shampoo-fuer-gesunde-haare","status":"publish","type":"page","link":"https:\/\/www.equilac.com\/de\/stutenmilch-shampoo-fuer-gesunde-haare\/","title":{"rendered":"Stutenmilch Shampoo f\u00fcr gesunde Haare"},"content":{"rendered":"\n<p>Wenn Sie ein Fan von nat\u00fcrlicher Haarpflege sind, k\u00f6nnte das Stutenmilch Shampoo die perfekte L\u00f6sung f\u00fcr Sie sein. Dieses Shampoo bietet eine sanfte und effektive Reinigung und Pflege f\u00fcr Ihr Haar. Dank seiner nat\u00fcrlichen Inhaltsstoffe und seinen pH-hautneutralen Eigenschaften bewahrt es die nat\u00fcrliche Schutzbarriere der Haut und f\u00f6rdert so eine gesunde Kopfhaut.&#13;\n<\/p>\n\n<p>Dieses Shampoo eignet sich f\u00fcr Menschen jeden Alters und ist besonders vorteilhaft f\u00fcr diejenigen mit empfindlicher Kopfhaut, Ekzemen, Juckreiz oder Schuppen. Das Stutenmilch Shampoo kann das Haarwachstum, Volumen und Glanz verbessern, insbesondere bei Haarausfall.<\/p>\n\n<p>Ein Vorteil dieses Shampoos ist, dass es keine Parabene und synthetischen Konservierungsmittel enth\u00e4lt. Es brennt auch nicht in den Augen und gew\u00e4hrleistet so ein angenehmes Wascherlebnis. F\u00fcr eine umfassende Haarpflege k\u00f6nnen Sie es mit einem passenden Conditioner kombinieren.&#13;\n<\/p>\n\t\t<div data-elementor-type=\"section\" data-elementor-id=\"12095\" class=\"elementor elementor-12095 elementor-12002\" data-elementor-post-type=\"elementor_library\">\n\t\t\t\t\t<section class=\"elementor-section elementor-top-section elementor-element elementor-element-934d590 elementor-section-boxed elementor-section-height-default elementor-section-height-default\" data-id=\"934d590\" data-element_type=\"section\" data-e-type=\"section\" data-settings=\"{&quot;background_background&quot;:&quot;classic&quot;}\">\n\t\t\t\t\t\t<div class=\"elementor-container elementor-column-gap-default\">\n\t\t\t\t\t<div class=\"elementor-column elementor-col-100 elementor-top-column elementor-element elementor-element-a4464de\" data-id=\"a4464de\" data-element_type=\"column\" data-e-type=\"column\">\n\t\t\t<div class=\"elementor-widget-wrap elementor-element-populated\">\n\t\t\t\t\t\t<div class=\"elementor-element elementor-element-b4bbacd elementor-widget elementor-widget-text-editor\" data-id=\"b4bbacd\" data-element_type=\"widget\" data-e-type=\"widget\" data-widget_type=\"text-editor.default\">\n\t\t\t\t<div class=\"elementor-widget-container\">\n\t\t\t\t\t\t\t\t\tEntdecken Sie weitere Stutenmilchprodukte, darunter <a href=\"https:\/\/www.equilac.com\/de\/stutenmilchcreme-fuer-trockene-und-empfindliche-haut\/\">Stutenmilchcreme<\/a> und <a href=\"https:\/\/www.equilac.com\/de\/stutenmilchpulver\/\">Stutenmilchpulver<\/a>.\t\t\t\t\t\t\t\t<\/div>\n\t\t\t\t<\/div>\n\t\t\t\t\t<\/div>\n\t\t<\/div>\n\t\t\t\t\t<\/div>\n\t\t<\/section>\n\t\t\t\t<\/div>\n\t\t\n\n<p><\/p>\n\n<p>Was es noch attraktiver macht, ist seine Empfehlung f\u00fcr Personen mit seborrhoischem Ekzem. Dar\u00fcber hinaus kann es mit Stutenmilch Kapseln kombiniert werden, um Ekzeme von innen heraus zu behandeln.&#13;\n<\/p>\n\n<p>Das Waschen Ihrer Haare mit Stutenmilch Shampoo ist eine Wohltat f\u00fcr Ihr Haar und eine beruhigende Erfahrung f\u00fcr Ihre Kopfhaut. Die beruhigenden Eigenschaften der nat\u00fcrlichen Inhaltsstoffe sorgen daf\u00fcr, dass sich Ihre Kopfhaut entspannt anf\u00fchlt. Bei regelm\u00e4\u00dfiger Anwendung kann Ihr Haar voller und ges\u00fcnder aussehen.&#13;\n<\/p>\n\n<p>Wenn Sie sich eine gesunde Kopfhaut und gl\u00e4nzendes Haar w\u00fcnschen, ist das Stutenmilch Shampoo die ideale Wahl. Kombinieren Sie es mit einem passenden Conditioner und, falls n\u00f6tig, mit Stutenmilch Kapseln f\u00fcr die besten Ergebnisse.<\/p>\n","protected":false},"excerpt":{"rendered":"<p>Wenn Sie ein Fan von nat\u00fcrlicher Haarpflege sind, k\u00f6nnte das Stutenmilch Shampoo die perfekte L\u00f6sung f\u00fcr Sie sein. Dieses Shampoo bietet eine sanfte und effektive Reinigung und Pflege f\u00fcr Ihr Haar. Dank seiner nat\u00fcrlichen Inhaltsstoffe und seinen pH-hautneutralen Eigenschaften bewahrt es die nat\u00fcrliche Schutzbarriere der Haut und f\u00f6rdert so eine gesunde Kopfhaut.&#13; Dieses Shampoo eignet [&hellip;]<\/p>\n","protected":false},"author":1,"featured_media":11905,"parent":0,"menu_order":0,"comment_status":"closed","ping_status":"closed","template":"","meta":{"_uf_show_specific_survey":0,"_uf_disable_surveys":false,"footnotes":""},"categories":[140,152],"tags":[184],"class_list":["post-11915","page","type-page","status-publish","has-post-thumbnail","hentry","category-horse-milk","category-pferdemilch","tag-related-de"],"jetpack_sharing_enabled":true,"_links":{"self":[{"href":"https:\/\/www.equilac.com\/de\/wp-json\/wp\/v2\/pages\/11915","targetHints":{"allow":["GET"]}}],"collection":[{"href":"https:\/\/www.equilac.com\/de\/wp-json\/wp\/v2\/pages"}],"about":[{"href":"https:\/\/www.equilac.com\/de\/wp-json\/wp\/v2\/types\/page"}],"author":[{"embeddable":true,"href":"https:\/\/www.equilac.com\/de\/wp-json\/wp\/v2\/users\/1"}],"replies":[{"embeddable":true,"href":"https:\/\/www.equilac.com\/de\/wp-json\/wp\/v2\/comments?post=11915"}],"version-history":[{"count":3,"href":"https:\/\/www.equilac.com\/de\/wp-json\/wp\/v2\/pages\/11915\/revisions"}],"predecessor-version":[{"id":12032,"href":"https:\/\/www.equilac.com\/de\/wp-json\/wp\/v2\/pages\/11915\/revisions\/12032"}],"wp:featuredmedia":[{"embeddable":true,"href":"https:\/\/www.equilac.com\/de\/wp-json\/wp\/v2\/media\/11905"}],"wp:attachment":[{"href":"https:\/\/www.equilac.com\/de\/wp-json\/wp\/v2\/media?parent=11915"}],"wp:term":[{"taxonomy":"category","embeddable":true,"href":"https:\/\/www.equilac.com\/de\/wp-json\/wp\/v2\/categories?post=11915"},{"taxonomy":"post_tag","embeddable":true,"href":"https:\/\/www.equilac.com\/de\/wp-json\/wp\/v2\/tags?post=11915"}],"curies":[{"name":"wp","href":"https:\/\/api.w.org\/{rel}","templated":true}]}}