{"id":12198,"date":"2023-09-25T16:44:29","date_gmt":"2023-09-25T16:44:29","guid":{"rendered":"https:\/\/www.equilac.com\/stutenmilch-seife-fuer-weiche-haut\/"},"modified":"2023-09-25T17:08:52","modified_gmt":"2023-09-25T17:08:52","slug":"stutenmilch-seife-fuer-weiche-haut","status":"publish","type":"page","link":"https:\/\/www.equilac.com\/de\/stutenmilch-seife-fuer-weiche-haut\/","title":{"rendered":"Stutenmilch Seife f\u00fcr weiche Haut"},"content":{"rendered":"\n<p>Stutenmilch Seife ist ein spezielles Hautpflegeprodukt, das zur Erholung Ihrer Haut beitr\u00e4gt. Diese einzigartige Seife, basierend auf reiner Pferdemilch, ist sanft zu Ihrer Haut und ideal f\u00fcr den t\u00e4glichen Gebrauch. Sie ist besonders vorteilhaft, wenn Sie trockene oder empfindliche Haut haben. Stutenmilch Seife ist auch eine gute Option f\u00fcr Menschen, die empfindlich auf Parf\u00fcm und\/oder Alkohol in Seifen reagieren.<\/p>\n\n<p>Die Seife ist pH-hautneutral, das bedeutet, dass der pH-Wert nahe an dem Ihrer Haut liegt. Ein stabiler pH-Wert ist wesentlich f\u00fcr die Erhaltung einer gesunden Haut. Stutenmilch Seife hilft Ihrer Haut, Feuchtigkeit zu bewahren, reduziert die Chance auf Dehydratation und tr\u00e4gt zu einer gesunden und hydratisierten Haut bei. <\/p>\n\n\n<p><\/p>\n\n<p>Zudem enth\u00e4lt sie nur nat\u00fcrliche, allergenfreie D\u00fcfte und ist frei von Parabenen und SLS, was sie zu einer hypoallergenen Wahl f\u00fcr Ihre Hautpflege macht.<\/p>\n\n<p>Um Stutenmilch Seife zu verwenden, tragen Sie sie einfach auf Ihre feuchte Haut auf, lassen Sie sie sch\u00e4umen und sp\u00fclen Sie sie mit gen\u00fcgend Wasser ab. Genie\u00dfen Sie eine nat\u00fcrliche Reinigung und weiche, gepflegte Haut mit Stutenmilch Seife.<\/p>\n","protected":false},"excerpt":{"rendered":"<p>Stutenmilch Seife ist ein spezielles Hautpflegeprodukt, das zur Erholung Ihrer Haut beitr\u00e4gt. Diese einzigartige Seife, basierend auf reiner Pferdemilch, ist sanft zu Ihrer Haut und ideal f\u00fcr den t\u00e4glichen Gebrauch. Sie ist besonders vorteilhaft, wenn Sie trockene oder empfindliche Haut haben. Stutenmilch Seife ist auch eine gute Option f\u00fcr Menschen, die empfindlich auf Parf\u00fcm und\/oder [&hellip;]<\/p>\n","protected":false},"author":1,"featured_media":12166,"parent":0,"menu_order":0,"comment_status":"closed","ping_status":"closed","template":"","meta":{"_uf_show_specific_survey":0,"_uf_disable_surveys":false,"footnotes":""},"categories":[152],"tags":[184],"class_list":["post-12198","page","type-page","status-publish","has-post-thumbnail","hentry","category-pferdemilch","tag-related-de"],"jetpack_sharing_enabled":true,"_links":{"self":[{"href":"https:\/\/www.equilac.com\/de\/wp-json\/wp\/v2\/pages\/12198","targetHints":{"allow":["GET"]}}],"collection":[{"href":"https:\/\/www.equilac.com\/de\/wp-json\/wp\/v2\/pages"}],"about":[{"href":"https:\/\/www.equilac.com\/de\/wp-json\/wp\/v2\/types\/page"}],"author":[{"embeddable":true,"href":"https:\/\/www.equilac.com\/de\/wp-json\/wp\/v2\/users\/1"}],"replies":[{"embeddable":true,"href":"https:\/\/www.equilac.com\/de\/wp-json\/wp\/v2\/comments?post=12198"}],"version-history":[{"count":1,"href":"https:\/\/www.equilac.com\/de\/wp-json\/wp\/v2\/pages\/12198\/revisions"}],"predecessor-version":[{"id":12199,"href":"https:\/\/www.equilac.com\/de\/wp-json\/wp\/v2\/pages\/12198\/revisions\/12199"}],"wp:featuredmedia":[{"embeddable":true,"href":"https:\/\/www.equilac.com\/de\/wp-json\/wp\/v2\/media\/12166"}],"wp:attachment":[{"href":"https:\/\/www.equilac.com\/de\/wp-json\/wp\/v2\/media?parent=12198"}],"wp:term":[{"taxonomy":"category","embeddable":true,"href":"https:\/\/www.equilac.com\/de\/wp-json\/wp\/v2\/categories?post=12198"},{"taxonomy":"post_tag","embeddable":true,"href":"https:\/\/www.equilac.com\/de\/wp-json\/wp\/v2\/tags?post=12198"}],"curies":[{"name":"wp","href":"https:\/\/api.w.org\/{rel}","templated":true}]}}