{"id":12260,"date":"2023-09-26T10:51:16","date_gmt":"2023-09-26T10:51:16","guid":{"rendered":"https:\/\/www.equilac.com\/hautpflegeprodukte-auf-basis-von-stutenmilch\/"},"modified":"2023-09-28T10:52:58","modified_gmt":"2023-09-28T10:52:58","slug":"hautpflegeprodukte-auf-basis-von-stutenmilch","status":"publish","type":"page","link":"https:\/\/www.equilac.com\/de\/hautpflegeprodukte-auf-basis-von-stutenmilch\/","title":{"rendered":"Hautpflegeprodukte auf Basis von Stutenmilch"},"content":{"rendered":"\n<p>Cremes, Shampoos und Seifen aus Stutenmilch sind nat\u00fcrliche Kosmetikprodukte, die eine L\u00f6sung f\u00fcr Menschen mit trockener, empfindlicher Haut bieten. Diese Produkte, hergestellt aus 100% nat\u00fcrlicher Stutenmilch, unterst\u00fctzen die Heilf\u00e4higkeit der Haut und sind ideal f\u00fcr Personen mit trockener oder empfindlicher Haut.<\/p>\n\n<p>Ein bedeutender Vorteil von Hautpflegeprodukten auf Basis von Stutenmilch ist, dass sie pH-neutral sind, wodurch das nat\u00fcrliche pH-Gleichgewicht der Haut erhalten bleibt. Durch die Aufrechterhaltung eines ausgewogenen pH-Werts kann die Haut Feuchtigkeit bewahren, wodurch das Risiko von Trockenheit verringert wird.<\/p>\n\n<p>Dar\u00fcber hinaus enthalten diese Produkte keine Parabene, eine Chemikalie, die oft verwendet wird, um die Haltbarkeit von Hautpflegeprodukten zu verl\u00e4ngern. Stattdessen sorgen nat\u00fcrliche Inhaltsstoffe f\u00fcr die Langlebigkeit der Stutenmilchprodukte, ohne die Haut zu reizen.<\/p>\n\n<h2 class=\"wp-block-heading\">Stutenmilchcremes<\/h2>\n\n<p>Verschiedene <a href=\"https:\/\/www.equilac.com\/de\/stutenmilchcreme-fuer-trockene-und-empfindliche-haut\/\">Stutenmilchcremes<\/a>, wie Tagescreme, Nachtcreme, Handcreme und K\u00f6rperlotion, sind erh\u00e4ltlich. Sie sind geeignet f\u00fcr trockene und \u00f6lige Hauttypen und k\u00f6nnen auf Gesicht, Ellenbogen, Knien und anderen trockenen oder gereizten Bereichen angewendet werden. Zum Beispiel bietet eine Tagescreme zus\u00e4tzlichen Schutz und Linderung bei kaltem Wetter, w\u00e4hrend eine Nachtcreme die Haut w\u00e4hrend des Schlafs n\u00e4hrt.<\/p>\n\n<h2 class=\"wp-block-heading\">Stutenmilch Shampoo<\/h2>\n\n<p>Wenn Sie eine nat\u00fcrliche Haarpflege w\u00fcnschen, k\u00f6nnte <a href=\"https:\/\/www.equilac.com\/de\/stutenmilch-shampoo-fuer-gesunde-haare\/\">Stutenmilch Shampoo<\/a> die perfekte Wahl sein. Dieses Shampoo reinigt Ihr Haar sanft und effektiv und pflegt es gleichzeitig. Dank seiner nat\u00fcrlichen Inhaltsstoffe und pH-hautneutralen Eigenschaften erh\u00e4lt es die nat\u00fcrliche Schutzschicht der Haut, f\u00f6rdert eine gesunde Kopfhaut und f\u00fchrt zu einer ges\u00fcnderen Kopfhaut, weniger Juckreiz und Schuppen, sowie voller und gl\u00e4nzender aussehendem Haar.<\/p>\n\n<p>Das Tolle am Stutenmilchshampoo ist, dass es keine Parabene und synthetische Konservierungsmittel enth\u00e4lt, was es ideal f\u00fcr Menschen jeden Alters macht, insbesondere f\u00fcr diejenigen, die unter einer empfindlichen Kopfhaut, Ekzemen oder Haarausfall leiden. F\u00fcr eine komplette Haarpflege k\u00f6nnen Sie es mit einem passenden Conditioner und bei Bedarf mit Stutenmilchkapseln kombinieren.<\/p>\n\n<h2 class=\"wp-block-heading\">Stutenmilch Seife<\/h2>\n\n<p><a href=\"https:\/\/www.equilac.com\/de\/stutenmilch-seife-fuer-weiche-haut\/\">Stutenmilch Seife<\/a> ist ein einzigartiges Hautpflegeprodukt, das zur Regeneration Ihrer Haut beitr\u00e4gt. Diese Seife, basierend auf reiner Stutenmilch, ist sanft zu Ihrer Haut und ideal f\u00fcr die t\u00e4gliche Anwendung. Sie wurde speziell f\u00fcr Menschen mit trockener oder empfindlicher Haut entwickelt und ist auch eine gute Wahl f\u00fcr diejenigen, die empfindlich auf Parfum und\/oder Alkohol in Seifen reagieren.<\/p>\n\n<p>Zus\u00e4tzlich enth\u00e4lt die Seife nur nat\u00fcrliche, allergenfreie D\u00fcfte und ist frei von Parabenen und SLS, was sie zu einer hypoallergenen Wahl f\u00fcr die Hautpflege macht.<\/p>\n","protected":false},"excerpt":{"rendered":"<p>Cremes, Shampoos und Seifen aus Stutenmilch sind nat\u00fcrliche Kosmetikprodukte, die eine L\u00f6sung f\u00fcr Menschen mit trockener, empfindlicher Haut bieten. Diese Produkte, hergestellt aus 100% nat\u00fcrlicher Stutenmilch, unterst\u00fctzen die Heilf\u00e4higkeit der Haut und sind ideal f\u00fcr Personen mit trockener oder empfindlicher Haut. Ein bedeutender Vorteil von Hautpflegeprodukten auf Basis von Stutenmilch ist, dass sie pH-neutral sind, [&hellip;]<\/p>\n","protected":false},"author":1,"featured_media":12244,"parent":0,"menu_order":0,"comment_status":"closed","ping_status":"closed","template":"","meta":{"_uf_show_specific_survey":0,"_uf_disable_surveys":false,"footnotes":""},"categories":[140,152],"tags":[184],"class_list":["post-12260","page","type-page","status-publish","has-post-thumbnail","hentry","category-horse-milk","category-pferdemilch","tag-related-de"],"jetpack_sharing_enabled":true,"_links":{"self":[{"href":"https:\/\/www.equilac.com\/de\/wp-json\/wp\/v2\/pages\/12260","targetHints":{"allow":["GET"]}}],"collection":[{"href":"https:\/\/www.equilac.com\/de\/wp-json\/wp\/v2\/pages"}],"about":[{"href":"https:\/\/www.equilac.com\/de\/wp-json\/wp\/v2\/types\/page"}],"author":[{"embeddable":true,"href":"https:\/\/www.equilac.com\/de\/wp-json\/wp\/v2\/users\/1"}],"replies":[{"embeddable":true,"href":"https:\/\/www.equilac.com\/de\/wp-json\/wp\/v2\/comments?post=12260"}],"version-history":[{"count":1,"href":"https:\/\/www.equilac.com\/de\/wp-json\/wp\/v2\/pages\/12260\/revisions"}],"predecessor-version":[{"id":12261,"href":"https:\/\/www.equilac.com\/de\/wp-json\/wp\/v2\/pages\/12260\/revisions\/12261"}],"wp:featuredmedia":[{"embeddable":true,"href":"https:\/\/www.equilac.com\/de\/wp-json\/wp\/v2\/media\/12244"}],"wp:attachment":[{"href":"https:\/\/www.equilac.com\/de\/wp-json\/wp\/v2\/media?parent=12260"}],"wp:term":[{"taxonomy":"category","embeddable":true,"href":"https:\/\/www.equilac.com\/de\/wp-json\/wp\/v2\/categories?post=12260"},{"taxonomy":"post_tag","embeddable":true,"href":"https:\/\/www.equilac.com\/de\/wp-json\/wp\/v2\/tags?post=12260"}],"curies":[{"name":"wp","href":"https:\/\/api.w.org\/{rel}","templated":true}]}}