{"id":12343,"date":"2023-09-26T13:58:31","date_gmt":"2023-09-26T13:58:31","guid":{"rendered":"https:\/\/www.equilac.com\/stutenmilch-ein-natuerliches-heilmittel-gegen-heuschnupfen\/"},"modified":"2023-09-29T17:15:26","modified_gmt":"2023-09-29T17:15:26","slug":"stutenmilch-ein-natuerliches-heilmittel-gegen-heuschnupfen","status":"publish","type":"page","link":"https:\/\/www.equilac.com\/de\/stutenmilch-ein-natuerliches-heilmittel-gegen-heuschnupfen\/","title":{"rendered":"Stutenmilch: ein nat\u00fcrliches Heilmittel gegen Heuschnupfen"},"content":{"rendered":"\n<p>Stutenmilch unterst\u00fctzt bei der Linderung von Heuschnupfensymptomen, indem sie auf nat\u00fcrliche Weise gegen allergische Reaktionen wirkt. Sie kann sogar Heuschnupfensymptome beseitigen, wenn sie konsequent angewendet wird und lindert juckende Augen, Niesen und Stauungen. Heuschnupfen, eine h\u00e4ufige Allergie, die oft durch Pollen, B\u00e4ume, Gras, Staub und Schimmel ausgel\u00f6st wird, kann Ihr t\u00e4gliches Leben erheblich beeintr\u00e4chtigen und verhindert, dass Sie saisonale Ver\u00e4nderungen, insbesondere im Fr\u00fchling oder Sommer, vollst\u00e4ndig genie\u00dfen k\u00f6nnen.<\/p>\n\n\n\n<p>Die Verwendung von Stutenmilch kann zu einer ges\u00fcnderen Darmflora beitragen und Ihre Immunit\u00e4t st\u00e4rken. Dies f\u00fchrt zu weniger Allergiesymptomen wie denen des Heuschnupfens, einschlie\u00dflich laufender Nase und tr\u00e4nender Augen. Viele Menschen bemerken eine erhebliche Reduzierung ihrer Rhinitissymptome nach etwa zwei Wochen der Verwendung von Stutenmilch, und die meisten sind nach drei Monaten vollst\u00e4ndig frei von Heuschnupfen.<\/p>\n\n\n\n<p>Stutenmilch-Kapseln garantieren eine nat\u00fcrliche Linderung der Heuschnupfensymptome und sind somit eine vorteilhafte medikament\u00f6se Alternative. Sie sind reich an Vitaminen, Eisen und Mineralien, proteinreich und fettarm, was sie leicht verdaulich und schnell vom K\u00f6rper aufnehmbar macht. Dies tr\u00e4gt zu einer guten Darmgesundheit bei und bildet die Grundlage f\u00fcr eine solide Resistenz gegen Allergene wie Pollen und sorgt daf\u00fcr, dass Ihre Nase und Augen weniger betroffen sind.<\/p>\n\n\n\n<p>Stutenmilch kann auch dann vorteilhaft sein, wenn Heuschnupfen von anderen Erkrankungen wie Ekzemen oder <a href=\"https:\/\/www.equilac.com\/de\/natuerliche-linderung-von-asthma-mit-stutenmilch\/\" data-type=\"page\" data-id=\"12361\">Asthma<\/a> begleitet wird. Sie wirkt sich positiv auf die Haut aus, stellt sie nat\u00fcrlich wieder her, hydratisiert sie und lindert die Symptome, selbst wenn Heuschnupfen und das begleitende Niesen und die Stauung nicht vollst\u00e4ndig verhindert oder geheilt werden k\u00f6nnen.<\/p>\n\n\n\n<p>Die Verwendung von Stutenmilch gegen Heuschnupfen lindert effektiv Ihre Symptome und erh\u00f6ht Ihre Widerstandsf\u00e4higkeit gegen allergische Reaktionen. Dieser Ansatz minimiert die Chancen, dass Pollen, Gras, B\u00e4ume und andere Allergene Probleme verursachen, sodass Sie jede Jahreszeit ohne die Belastung von tr\u00e4nenden oder juckenden Augen oder einer verstopften Nase genie\u00dfen k\u00f6nnen. Unter den vielen Heuschnupfenprodukten auf dem Markt sticht Stutenmilch als nat\u00fcrliche Option hervor, die dazu beitr\u00e4gt, Ihren Widerstand aufzubauen, m\u00f6glicherweise den Bedarf an anderen Medikamenten wie Antihistaminika und Immuntherapie zu reduzieren und Ihre Symptome zu lindern.<\/p>\n","protected":false},"excerpt":{"rendered":"<p>Stutenmilch unterst\u00fctzt bei der Linderung von Heuschnupfensymptomen, indem sie auf nat\u00fcrliche Weise gegen allergische Reaktionen wirkt. Sie kann sogar Heuschnupfensymptome beseitigen, wenn sie konsequent angewendet wird und lindert juckende Augen, Niesen und Stauungen. Heuschnupfen, eine h\u00e4ufige Allergie, die oft durch Pollen, B\u00e4ume, Gras, Staub und Schimmel ausgel\u00f6st wird, kann Ihr t\u00e4gliches Leben erheblich beeintr\u00e4chtigen und [&hellip;]<\/p>\n","protected":false},"author":1,"featured_media":12278,"parent":0,"menu_order":0,"comment_status":"closed","ping_status":"closed","template":"","meta":{"_uf_show_specific_survey":0,"_uf_disable_surveys":false,"footnotes":""},"categories":[140,152,134],"tags":[184],"class_list":["post-12343","page","type-page","status-publish","has-post-thumbnail","hentry","category-horse-milk","category-pferdemilch","category-allergien","tag-related-de"],"jetpack_sharing_enabled":true,"_links":{"self":[{"href":"https:\/\/www.equilac.com\/de\/wp-json\/wp\/v2\/pages\/12343","targetHints":{"allow":["GET"]}}],"collection":[{"href":"https:\/\/www.equilac.com\/de\/wp-json\/wp\/v2\/pages"}],"about":[{"href":"https:\/\/www.equilac.com\/de\/wp-json\/wp\/v2\/types\/page"}],"author":[{"embeddable":true,"href":"https:\/\/www.equilac.com\/de\/wp-json\/wp\/v2\/users\/1"}],"replies":[{"embeddable":true,"href":"https:\/\/www.equilac.com\/de\/wp-json\/wp\/v2\/comments?post=12343"}],"version-history":[{"count":3,"href":"https:\/\/www.equilac.com\/de\/wp-json\/wp\/v2\/pages\/12343\/revisions"}],"predecessor-version":[{"id":12760,"href":"https:\/\/www.equilac.com\/de\/wp-json\/wp\/v2\/pages\/12343\/revisions\/12760"}],"wp:featuredmedia":[{"embeddable":true,"href":"https:\/\/www.equilac.com\/de\/wp-json\/wp\/v2\/media\/12278"}],"wp:attachment":[{"href":"https:\/\/www.equilac.com\/de\/wp-json\/wp\/v2\/media?parent=12343"}],"wp:term":[{"taxonomy":"category","embeddable":true,"href":"https:\/\/www.equilac.com\/de\/wp-json\/wp\/v2\/categories?post=12343"},{"taxonomy":"post_tag","embeddable":true,"href":"https:\/\/www.equilac.com\/de\/wp-json\/wp\/v2\/tags?post=12343"}],"curies":[{"name":"wp","href":"https:\/\/api.w.org\/{rel}","templated":true}]}}