{"id":13891,"date":"2023-10-09T17:19:05","date_gmt":"2023-10-09T17:19:05","guid":{"rendered":"https:\/\/www.equilac.com\/?page_id=13891"},"modified":"2023-10-12T06:25:26","modified_gmt":"2023-10-12T06:25:26","slug":"ist-stutenmilch-halal-oder-haram","status":"publish","type":"page","link":"https:\/\/www.equilac.com\/de\/ist-stutenmilch-halal-oder-haram\/","title":{"rendered":"Ist Stutenmilch halal oder haram?"},"content":{"rendered":"\n<p>Stutenmilch wird gem\u00e4\u00df den islamischen Ern\u00e4hrungsgesetzen als halal angesehen. Der Koran oder Hadith verbietet ihren Verzehr nicht ausdr\u00fccklich. Da Pferde als reine Tiere betrachtet werden, kann ihre Milch konsumiert werden.<\/p>\n\n\n\n<p>Obwohl Stutenmilch erlaubt ist, ist sie keine traditionelle Nahrung im muslimischen Di\u00e4tplan. Dies liegt haupts\u00e4chlich an langj\u00e4hrigen kulturellen Praktiken und Ansichten \u00fcber Reinheit. Solche Traditionen und religi\u00f6sen \u00dcberzeugungen pr\u00e4gen ma\u00dfgeblich die Ern\u00e4hrungsvorlieben, was zu einem begrenzten Verzehr von Pferdemilch in L\u00e4ndern mit einer bedeutenden muslimischen Bev\u00f6lkerung f\u00fchrt.<\/p>\n\n\n\n<p>Wenn Sie Stutenmilch in Kapseln verwenden, \u00fcberpr\u00fcfen Sie, aus welchem Material die Kapsel hergestellt ist. Kapseln aus Rindergelatine gelten als halal, wenn die Gelatine von einer Kuh stammt, die gem\u00e4\u00df den islamischen Richtlinien geschlachtet wurde. HPMC (Hydroxypropyl Methyl Cellulose) Kapseln, die st\u00e4rkebasiert und vegetarisch sind, sind von Natur aus frei von tierischen Derivaten und werden daher als halal betrachtet.<\/p>\n","protected":false},"excerpt":{"rendered":"<p>Stutenmilch wird gem\u00e4\u00df den islamischen Ern\u00e4hrungsgesetzen als halal angesehen. Der Koran oder Hadith verbietet ihren Verzehr nicht ausdr\u00fccklich. Da Pferde als reine Tiere betrachtet werden, kann ihre Milch konsumiert werden. Obwohl Stutenmilch erlaubt ist, ist sie keine traditionelle Nahrung im muslimischen Di\u00e4tplan. Dies liegt haupts\u00e4chlich an langj\u00e4hrigen kulturellen Praktiken und Ansichten \u00fcber Reinheit. Solche Traditionen [&hellip;]<\/p>\n","protected":false},"author":1,"featured_media":13619,"parent":0,"menu_order":0,"comment_status":"closed","ping_status":"closed","template":"","meta":{"_uf_show_specific_survey":0,"_uf_disable_surveys":false,"footnotes":""},"categories":[231,152],"tags":[],"class_list":["post-13891","page","type-page","status-publish","has-post-thumbnail","hentry","category-informationen","category-pferdemilch"],"jetpack_sharing_enabled":true,"_links":{"self":[{"href":"https:\/\/www.equilac.com\/de\/wp-json\/wp\/v2\/pages\/13891","targetHints":{"allow":["GET"]}}],"collection":[{"href":"https:\/\/www.equilac.com\/de\/wp-json\/wp\/v2\/pages"}],"about":[{"href":"https:\/\/www.equilac.com\/de\/wp-json\/wp\/v2\/types\/page"}],"author":[{"embeddable":true,"href":"https:\/\/www.equilac.com\/de\/wp-json\/wp\/v2\/users\/1"}],"replies":[{"embeddable":true,"href":"https:\/\/www.equilac.com\/de\/wp-json\/wp\/v2\/comments?post=13891"}],"version-history":[{"count":1,"href":"https:\/\/www.equilac.com\/de\/wp-json\/wp\/v2\/pages\/13891\/revisions"}],"predecessor-version":[{"id":13892,"href":"https:\/\/www.equilac.com\/de\/wp-json\/wp\/v2\/pages\/13891\/revisions\/13892"}],"wp:featuredmedia":[{"embeddable":true,"href":"https:\/\/www.equilac.com\/de\/wp-json\/wp\/v2\/media\/13619"}],"wp:attachment":[{"href":"https:\/\/www.equilac.com\/de\/wp-json\/wp\/v2\/media?parent=13891"}],"wp:term":[{"taxonomy":"category","embeddable":true,"href":"https:\/\/www.equilac.com\/de\/wp-json\/wp\/v2\/categories?post=13891"},{"taxonomy":"post_tag","embeddable":true,"href":"https:\/\/www.equilac.com\/de\/wp-json\/wp\/v2\/tags?post=13891"}],"curies":[{"name":"wp","href":"https:\/\/api.w.org\/{rel}","templated":true}]}}