{"id":14120,"date":"2023-10-15T17:29:17","date_gmt":"2023-10-15T17:29:17","guid":{"rendered":"https:\/\/www.equilac.com\/?page_id=14120"},"modified":"2023-10-16T17:01:30","modified_gmt":"2023-10-16T17:01:30","slug":"cookie-richtlinie","status":"publish","type":"page","link":"https:\/\/www.equilac.com\/de\/cookie-richtlinie\/","title":{"rendered":"Cookie-Richtlinie"},"content":{"rendered":"<p>Letztes Update: 15.11.2023<\/p>\n<p><strong>Was sind Cookies?<\/strong><\/p>\n<div class=\"cookie-policy-p\">\n<p>Diese Cookie-Richtlinie erkl\u00e4rt, was Cookies sind und wie wir sie verwenden, welche Arten von Cookies wir verwenden, d.h. welche Informationen wir mit Hilfe von Cookies sammeln, wie diese Informationen verwendet werden und wie Sie die Cookie-Einstellungen verwalten k\u00f6nnen.<\/p>\n<p>Cookies sind kleine Textdateien, die kleine Informationsmengen speichern. Sie werden auf Ihrem Ger\u00e4t gespeichert, wenn die Webseite in Ihrem Browser geladen wird. Diese Cookies helfen uns, die Webseite korrekt funktionieren zu lassen, sie sicherer zu machen, ein besseres Benutzererlebnis zu bieten, zu verstehen, wie die Webseite funktioniert und zu analysieren, was funktioniert und wo Verbesserungen erforderlich sind.<\/p>\n<\/div>\n<p><strong>Wie verwenden wir Cookies?<\/strong><\/p>\n<div class=\"cookie-policy-p\">\n<p>Wie bei den meisten Online-Diensten verwendet unsere Webseite Erstanbieter-Cookies und Drittanbieter-Cookies f\u00fcr verschiedene Zwecke. Erstanbieter-Cookies sind meist notwendig, damit die Webseite korrekt funktioniert, und sie sammeln keine pers\u00f6nlich identifizierbaren Daten.<\/p>\n<p>Die Drittanbieter-Cookies, die auf unserer Webseite verwendet werden, dienen haupts\u00e4chlich dazu zu verstehen, wie die Webseite funktioniert, wie Sie mit unserer Webseite interagieren, unsere Dienste sicher zu halten, relevante Werbung f\u00fcr Sie bereitzustellen und insgesamt ein besseres und verbessertes Benutzererlebnis zu bieten und Ihre zuk\u00fcnftigen Interaktionen mit unserer Webseite zu beschleunigen.<\/p>\n<\/div>\n<p><strong>Arten von Cookies, die wir verwenden<\/strong><\/p>\n<div class=\"cky-audit-table-element\"><\/div>\n<p style=\"margin-bottom: 20px;\"><strong>Cookie-Einstellungen verwalten<\/strong><\/p>\n<p><a class=\"cky-banner-element\">Cookie-Einstellungen<\/a><\/p>\n<div>\n<p>Sie k\u00f6nnen Ihre Cookie-Einstellungen jederzeit \u00e4ndern, indem Sie auf den obenstehenden Button klicken. Dies erm\u00f6glicht es Ihnen, das Cookie-Einverst\u00e4ndnis-Banner erneut zu besuchen und Ihre Einstellungen zu \u00e4ndern oder Ihre Zustimmung sofort zur\u00fcckzuziehen.<\/p>\n<p>Au\u00dferdem bieten verschiedene Browser unterschiedliche Methoden zum Blockieren und L\u00f6schen von Cookies, die von Webseiten verwendet werden. Sie k\u00f6nnen die Einstellungen Ihres Browsers \u00e4ndern, um die Cookies zu blockieren\/l\u00f6schen. Im Folgenden finden Sie die Support-Dokumente zum Verwalten und L\u00f6schen von Cookies der g\u00e4ngigen Webbrowser:<\/p>\n<p>Chrome: <a href=\"https:\/\/support.google.com\/accounts\/answer\/32050\" target=\"_blank\" rel=\"noopener\">https:\/\/support.google.com\/accounts\/answer\/32050<\/a><\/p>\n<p>Safari: <a href=\"https:\/\/support.apple.com\/de-de\/guide\/safari\/sfri11471\/mac\" target=\"_blank\" rel=\"noopener\">https:\/\/support.apple.com\/de-de\/guide\/safari\/sfri11471\/mac<\/a><\/p>\n<p>Firefox: <a href=\"https:\/\/support.mozilla.org\/de\/kb\/cookies-loeschen-daten-von-websites-entfernen\" target=\"_blank\" rel=\"noopener\">https:\/\/support.mozilla.org\/de\/kb\/cookies-loeschen-daten-von-websites-entfernen<\/a><\/p>\n<p>Internet Explorer: <a href=\"https:\/\/support.microsoft.com\/de-de\/topic\/cookies-loeschen-und-verwalten-168dab11-0753-043d-7c16-ede5947fc64d\" target=\"_blank\" rel=\"noopener\">https:\/\/support.microsoft.com\/de-de\/topic\/cookies-loeschen-und-verwalten-168dab11-0753-043d-7c16-ede5947fc64d<\/a><\/p>\n<p>Wenn Sie einen anderen Webbrowser verwenden, besuchen Sie bitte die offiziellen Support-Dokumente Ihres Browsers.<\/p>\n","protected":false},"excerpt":{"rendered":"<p>Letztes Update: 15.11.2023 Was sind Cookies? Diese Cookie-Richtlinie erkl\u00e4rt, was Cookies sind und wie wir sie verwenden, welche Arten von Cookies wir verwenden, d.h. welche Informationen wir mit Hilfe von Cookies sammeln, wie diese Informationen verwendet werden und wie Sie die Cookie-Einstellungen verwalten k\u00f6nnen. Cookies sind kleine Textdateien, die kleine Informationsmengen speichern. Sie werden auf [&hellip;]<\/p>\n","protected":false},"author":1,"featured_media":0,"parent":0,"menu_order":0,"comment_status":"closed","ping_status":"closed","template":"","meta":{"_uf_show_specific_survey":0,"_uf_disable_surveys":false,"footnotes":""},"categories":[],"tags":[],"class_list":["post-14120","page","type-page","status-publish","hentry"],"jetpack_sharing_enabled":true,"_links":{"self":[{"href":"https:\/\/www.equilac.com\/de\/wp-json\/wp\/v2\/pages\/14120","targetHints":{"allow":["GET"]}}],"collection":[{"href":"https:\/\/www.equilac.com\/de\/wp-json\/wp\/v2\/pages"}],"about":[{"href":"https:\/\/www.equilac.com\/de\/wp-json\/wp\/v2\/types\/page"}],"author":[{"embeddable":true,"href":"https:\/\/www.equilac.com\/de\/wp-json\/wp\/v2\/users\/1"}],"replies":[{"embeddable":true,"href":"https:\/\/www.equilac.com\/de\/wp-json\/wp\/v2\/comments?post=14120"}],"version-history":[{"count":1,"href":"https:\/\/www.equilac.com\/de\/wp-json\/wp\/v2\/pages\/14120\/revisions"}],"predecessor-version":[{"id":14121,"href":"https:\/\/www.equilac.com\/de\/wp-json\/wp\/v2\/pages\/14120\/revisions\/14121"}],"wp:attachment":[{"href":"https:\/\/www.equilac.com\/de\/wp-json\/wp\/v2\/media?parent=14120"}],"wp:term":[{"taxonomy":"category","embeddable":true,"href":"https:\/\/www.equilac.com\/de\/wp-json\/wp\/v2\/categories?post=14120"},{"taxonomy":"post_tag","embeddable":true,"href":"https:\/\/www.equilac.com\/de\/wp-json\/wp\/v2\/tags?post=14120"}],"curies":[{"name":"wp","href":"https:\/\/api.w.org\/{rel}","templated":true}]}}