{"id":7633,"date":"2023-07-02T12:36:51","date_gmt":"2023-07-02T12:36:51","guid":{"rendered":"https:\/\/www.equilac.com\/stutenmilch-kapseln-bei-hautproblemen\/"},"modified":"2023-10-09T06:48:32","modified_gmt":"2023-10-09T06:48:32","slug":"stutenmilch-kapseln-bei-hautproblemen","status":"publish","type":"page","link":"https:\/\/www.equilac.com\/de\/stutenmilch-kapseln-bei-hautproblemen\/","title":{"rendered":"Stutenmilch behandelt Hautprobleme von innen heraus"},"content":{"rendered":"<p><a href=\"https:\/\/www.equilac.com\/de\/stutenmilch\/\">Stutenmilch<\/a> kann als nat\u00fcrliches Heilmittel gegen Hauterkrankungen wie Psoriasis, Ekzem und Akne helfen. Diese nat\u00fcrliche Behandlung wird immer h\u00e4ufiger eingesetzt, um Hautprobleme von innen heraus zu behandeln. Stutenmilch zielt auf die Hautprobleme ab statt nur die Symptome, die Kortikosteroide vor\u00fcbergehend kaschieren k\u00f6nnen. Stutenmilch ist keine vor\u00fcbergehende, schnelle L\u00f6sung, sondern eine allm\u00e4hliche, langfristige Behandlung hin zu einer ges\u00fcnderen Haut.<\/p>\n<p>Die Gesundheit Ihres Darms wirkt sich erheblich auf Ihre Haut aus, bekannt als Darm-Haut-Achse, und hier spielt Stutenmilch eine wichtige Rolle bei der Linderung von Hautproblemen von innen heraus.<\/p>\n<p>Stutenmilch enth\u00e4lt Lactoferrin, ein Protein, das gut f\u00fcr Ihre Darmflora und Ihr Immunsystem ist. Lactoferrin ist bekannt f\u00fcr seine antimikrobiellen und entz\u00fcndungshemmenden Eigenschaften. Es tr\u00e4gt zu einer gesunden Darmflora bei und sorgt f\u00fcr ein Gleichgewicht der n\u00fctzlichen <a href=\"https:\/\/www.zentrum-der-gesundheit.de\/ernaehrung\/nahrungsergaenzung\/probiotika-uebersicht\/darmbakterien\" target=\"_blank\" rel=\"nofollow noopener\">Darmbakterien<\/a>. Ein ausgewogener Darm ist unerl\u00e4sslich f\u00fcr eine ordnungsgem\u00e4\u00dfe Immunfunktion, N\u00e4hrstoffaufnahme und Entz\u00fcndungspr\u00e4vention, was sich direkt auf die Hautgesundheit auswirkt.<\/p>\n<p><a href=\"https:\/\/www.equilac.com\/de\/produkt\/stutenmilch-kapseln\/\">Stutenmilch Kapseln<\/a> k\u00f6nnen als eigenst\u00e4ndige Behandlung f\u00fcr Hautprobleme oder als Erg\u00e4nzung zu anderen Therapien verwendet werden. Die Verwendung von Stutenmilch ist eine sichere, nat\u00fcrliche Option, um Ihre allgemeine Gesundheit und Hautbedingung von innen heraus zu verbessern.<\/p>\n<p>Die <a href=\"https:\/\/www.equilac.com\/de\/zusammensetzung-der-stutenmilch\/\">nat\u00fcrliche Zusammensetzung der Stutenmilch<\/a> minimiert das Risiko von <a href=\"https:\/\/www.equilac.com\/de\/stutenmilch-und-mogliche-nebenwirkungen\/\">Nebenwirkungen<\/a>, was sie zu einer geeigneten Wahl macht, wenn Sie nat\u00fcrliche Heilmittel bevorzugen. Es wird empfohlen, Stutenmilch Kapseln mindestens drei Monate lang einzunehmen, um eine Verbesserung Ihres Hautzustands zu bemerken.<\/p>\n<p>Benutzererfahrungen mit Stutenmilch haben positive Ergebnisse f\u00fcr die folgenden Hautprobleme gezeigt:<\/p>\n<h2>Psoriasis<\/h2>\n<p>Stutenmilch Kapseln, wie zum Beispiel Equilac\u00ae, k\u00f6nnen helfen, Symptome der Psoriasis zu lindern, R\u00f6tungen, Juckreiz und Schuppung zu reduzieren. Beachtliche 62% der Equilac\u00ae-Benutzer bemerken innerhalb von drei Monaten eine Abnahme der Psoriasis-Symptome. Es ist besonders vorteilhaft f\u00fcr Benutzer, die verschiedene Behandlungen mit begrenztem Erfolg ausprobiert haben.<\/p>\n<p>Als <a href=\"https:\/\/www.equilac.com\/de\/schuppenflechte\/\">nat\u00fcrliches Psoriasis-Heilmittel<\/a> k\u00f6nnen Stutenmilch Kapseln andere Psoriasis-Behandlungen, wie Kortikosteroide, erg\u00e4nzen.<\/p>\n<h2>Ekzem<\/h2>\n<p>Ekzem-Patienten k\u00f6nnen potenzielle Linderung mit Stutenmilch Kapseln finden, eine <a href=\"https:\/\/www.equilac.com\/de\/stutenmilch-gegen-ekzeme\/\">alternative Behandlung f\u00fcr Ekzeme<\/a>, die sowohl Symptome als auch Ursachen von Ekzemen intern anspricht. Die entz\u00fcndungshemmenden Vorteile der Stutenmilch bek\u00e4mpfen effektiv verschiedene Ekzemtypen, einschlie\u00dflich seborrhoischem und nummul\u00e4rem Ekzem. Langfristiger Gebrauch von Stutenmilch Kapseln erm\u00f6glicht Ihrer Haut, Ihrem K\u00f6rper und Ihrem Immunsystem, sich anzupassen, was zu einer Verringerung der Ekzem-Symptome f\u00fchrt.<\/p>\n<h2>Akne<\/h2>\n<p>Stutenmilch bietet eine sichere und effektive Methode, um <a href=\"https:\/\/www.equilac.com\/de\/stutenmilch-akne\/\">Akne von innen heraus zu bek\u00e4mpfen<\/a>, ein verbreitetes Hautproblem, das durch Pickel, Mitesser und Komedonen gekennzeichnet ist. Stutenmilch Kapseln sind eine nat\u00fcrliche und alternative L\u00f6sung f\u00fcr Akne, die sowohl Symptome als auch Grundursachen anspricht. Dieses Nahrungserg\u00e4nzungsmittel hilft, Akne und Pickel f\u00fcr eine klarere Haut zu reduzieren. Als nat\u00fcrliches Heilmittel von innen heraus k\u00f6nnen Stutenmilch Kapseln andere Akne-Behandlungen f\u00fcr optimale Ergebnisse erg\u00e4nzen.<\/p>\n","protected":false},"excerpt":{"rendered":"<p>Stutenmilch kann als nat\u00fcrliches Heilmittel gegen Hauterkrankungen wie Psoriasis, Ekzem und Akne helfen. Diese nat\u00fcrliche Behandlung wird immer h\u00e4ufiger eingesetzt, um Hautprobleme von innen heraus zu behandeln. Stutenmilch zielt auf die Hautprobleme ab statt nur die Symptome, die Kortikosteroide vor\u00fcbergehend kaschieren k\u00f6nnen. Stutenmilch ist keine vor\u00fcbergehende, schnelle L\u00f6sung, sondern eine allm\u00e4hliche, langfristige Behandlung hin zu [&hellip;]<\/p>\n","protected":false},"author":1,"featured_media":4679,"parent":0,"menu_order":0,"comment_status":"closed","ping_status":"closed","template":"","meta":{"_uf_show_specific_survey":0,"_uf_disable_surveys":false,"footnotes":""},"categories":[155],"tags":[184],"class_list":["post-7633","page","type-page","status-publish","has-post-thumbnail","hentry","category-hautprobleme","tag-related-de"],"jetpack_sharing_enabled":true,"_links":{"self":[{"href":"https:\/\/www.equilac.com\/de\/wp-json\/wp\/v2\/pages\/7633","targetHints":{"allow":["GET"]}}],"collection":[{"href":"https:\/\/www.equilac.com\/de\/wp-json\/wp\/v2\/pages"}],"about":[{"href":"https:\/\/www.equilac.com\/de\/wp-json\/wp\/v2\/types\/page"}],"author":[{"embeddable":true,"href":"https:\/\/www.equilac.com\/de\/wp-json\/wp\/v2\/users\/1"}],"replies":[{"embeddable":true,"href":"https:\/\/www.equilac.com\/de\/wp-json\/wp\/v2\/comments?post=7633"}],"version-history":[{"count":3,"href":"https:\/\/www.equilac.com\/de\/wp-json\/wp\/v2\/pages\/7633\/revisions"}],"predecessor-version":[{"id":13397,"href":"https:\/\/www.equilac.com\/de\/wp-json\/wp\/v2\/pages\/7633\/revisions\/13397"}],"wp:featuredmedia":[{"embeddable":true,"href":"https:\/\/www.equilac.com\/de\/wp-json\/wp\/v2\/media\/4679"}],"wp:attachment":[{"href":"https:\/\/www.equilac.com\/de\/wp-json\/wp\/v2\/media?parent=7633"}],"wp:term":[{"taxonomy":"category","embeddable":true,"href":"https:\/\/www.equilac.com\/de\/wp-json\/wp\/v2\/categories?post=7633"},{"taxonomy":"post_tag","embeddable":true,"href":"https:\/\/www.equilac.com\/de\/wp-json\/wp\/v2\/tags?post=7633"}],"curies":[{"name":"wp","href":"https:\/\/api.w.org\/{rel}","templated":true}]}}