{"id":7775,"date":"2023-06-27T04:03:08","date_gmt":"2023-06-27T04:03:08","guid":{"rendered":"https:\/\/www.equilac.com\/paardenmelk-bijwerkingen\/"},"modified":"2023-09-13T14:40:27","modified_gmt":"2023-09-13T14:40:27","slug":"stutenmilch-und-mogliche-nebenwirkungen","status":"publish","type":"page","link":"https:\/\/www.equilac.com\/de\/stutenmilch-und-mogliche-nebenwirkungen\/","title":{"rendered":"Ist Stutenmilch sicher? Nachteile und Nebenwirkungen erkl\u00e4rt"},"content":{"rendered":"<p>Bei einigen Anwendern k\u00f6nnen sich die Beschwerden im ersten Monat nach Beginn der Einnahme von <a href=\"https:\/\/www.equilac.com\/de\/\">Stutenmilch<\/a> verschlimmern. Dar\u00fcber hinaus enth\u00e4lt Stutenmilch Laktose, was f\u00fcr Menschen mit einer Laktoseallergie ein Problem darstellen kann. Auch w\u00e4hrend der Schwangerschaft wird davon abgeraten.<\/p>\n<p>Stutenmilch ist im Allgemeinen sicher, aber trotz der gesundheitlichen Vorteile von Stutenmilch ist es wichtig, die m\u00f6glichen Nebenwirkungen und Nachteile zu kennen.<\/p>\n<p>Bei einer Laktoseintoleranz ist es wichtig, vor Beginn der Einnahme von Stutenmilch einen Arzt zu konsultieren. Es ist auch m\u00f6glich, dass sich Ihre Beschwerden vor\u00fcbergehend verschlimmern, weil Ihr K\u00f6rper auf die Aufnahme neuer Stoffe reagiert. Dies ist oft nur vor\u00fcbergehend und bedeutet, dass der K\u00f6rper damit besch\u00e4ftigt ist, Abfallstoffe zu entfernen.<\/p>\n<p>Auch bei einer Pferdeallergie wird von der Verwendung von Stutenmilch abgeraten. In diesem Fall kann es zu schweren allergischen Reaktionen kommen, die die Situation nur verschlimmern. Wenn Sie an einer Pferdeallergie leiden, ist es wichtig, alternative Behandlungsmethoden in Betracht zu ziehen und einen Experten f\u00fcr eine individuelle Beratung zu konsultieren.<\/p>\n<p><strong>M\u00f6chten Sie mehr \u00fcber Stutenmilch erfahren?<\/strong><\/p>\n<ul>\n<li><a href=\"https:\/\/www.equilac.com\/de\/stutenmilch-und-laktose\/\">Ist Stutenmilch laktosefrei<\/a><\/li>\n<li><a href=\"https:\/\/www.equilac.com\/de\/zusammensetzung-der-stutenmilch\/\">Was ist in Stutenmilch enthalten?<\/a><\/li>\n<\/ul>\n<p>Wichtig ist, dass Stutenmilch eine gewisse Zeit braucht, um ihre Wirkung zu entfalten. Manche Anwender denken, dass Stutenmilch nicht hilft, weil sie es l\u00e4nger probieren m\u00fcssen. Die empfohlene Einnahmedauer betr\u00e4gt in der Regel drei Monate, wobei die Einnahme von zwei Kapseln t\u00e4glich empfohlen wird. Wenn Sie dies tun, k\u00f6nnen Sie mit den Ergebnissen zufrieden sein.<\/p>\n<p>Stutenmilch wirkt von innen und kann verschiedene Beschwerden lindern. Allerdings ist die Wahl einer hochwertigen Stutenmilchkapsel unerl\u00e4sslich. Es gibt viele verschiedene Sorten auf dem Markt und nicht alle enthalten eine hohe Dosis konzentriertes Stutenmilchpulver.<\/p>\n","protected":false},"excerpt":{"rendered":"<p>Bei einigen Anwendern k\u00f6nnen sich die Beschwerden im ersten Monat nach Beginn der Einnahme von Stutenmilch verschlimmern. Dar\u00fcber hinaus enth\u00e4lt Stutenmilch Laktose, was f\u00fcr Menschen mit einer Laktoseallergie ein Problem darstellen kann. Auch w\u00e4hrend der Schwangerschaft wird davon abgeraten. Stutenmilch ist im Allgemeinen sicher, aber trotz der gesundheitlichen Vorteile von Stutenmilch ist es wichtig, die [&hellip;]<\/p>\n","protected":false},"author":1,"featured_media":1237,"parent":0,"menu_order":0,"comment_status":"closed","ping_status":"closed","template":"","meta":{"_uf_show_specific_survey":0,"_uf_disable_surveys":false,"footnotes":""},"categories":[221],"tags":[184],"class_list":["post-7775","page","type-page","status-publish","has-post-thumbnail","hentry","category-gebruik","tag-related-de"],"jetpack_sharing_enabled":true,"_links":{"self":[{"href":"https:\/\/www.equilac.com\/de\/wp-json\/wp\/v2\/pages\/7775","targetHints":{"allow":["GET"]}}],"collection":[{"href":"https:\/\/www.equilac.com\/de\/wp-json\/wp\/v2\/pages"}],"about":[{"href":"https:\/\/www.equilac.com\/de\/wp-json\/wp\/v2\/types\/page"}],"author":[{"embeddable":true,"href":"https:\/\/www.equilac.com\/de\/wp-json\/wp\/v2\/users\/1"}],"replies":[{"embeddable":true,"href":"https:\/\/www.equilac.com\/de\/wp-json\/wp\/v2\/comments?post=7775"}],"version-history":[{"count":0,"href":"https:\/\/www.equilac.com\/de\/wp-json\/wp\/v2\/pages\/7775\/revisions"}],"wp:featuredmedia":[{"embeddable":true,"href":"https:\/\/www.equilac.com\/de\/wp-json\/wp\/v2\/media\/1237"}],"wp:attachment":[{"href":"https:\/\/www.equilac.com\/de\/wp-json\/wp\/v2\/media?parent=7775"}],"wp:term":[{"taxonomy":"category","embeddable":true,"href":"https:\/\/www.equilac.com\/de\/wp-json\/wp\/v2\/categories?post=7775"},{"taxonomy":"post_tag","embeddable":true,"href":"https:\/\/www.equilac.com\/de\/wp-json\/wp\/v2\/tags?post=7775"}],"curies":[{"name":"wp","href":"https:\/\/api.w.org\/{rel}","templated":true}]}}