{"id":8067,"date":"2023-06-11T17:42:01","date_gmt":"2023-06-11T17:42:01","guid":{"rendered":"https:\/\/www.equilac.com\/wie-wird-stutenmilch-hergestellt\/"},"modified":"2023-09-26T09:58:26","modified_gmt":"2023-09-26T09:58:26","slug":"wie-wird-stutenmilch-hergestellt","status":"publish","type":"page","link":"https:\/\/www.equilac.com\/de\/wie-wird-stutenmilch-hergestellt\/","title":{"rendered":"Wie wird Stutenmilch hergestellt?"},"content":{"rendered":"<p>Stutenmilch wird in speziellen Bauernh\u00f6fen, sogenannten Pferdemolkereien, hergestellt. Nach der Geburt des Fohlens bleibt die Stute zwei Monate lang beim Fohlen, um es ausreichend mit Nahrung zu versorgen. Nach dieser Zeit wird die Stute t\u00e4glich f\u00fcr einige Stunden von ihrem Fohlen getrennt, um gemolken zu werden.<\/p>\n<p>Die Produktion von Stutenmilch erfolgt schonend und tierfreundlich mit speziellen, an das Euter der Stute angepassten Milchmaschinen. Das Melken der Stute erfolgt zwei- bis f\u00fcnfmal am Tag, mit Pausen von bis zu drei Stunden zwischen den Melkvorg\u00e4ngen. Diese Maschinen entsprechen den internationalen Hygienevorschriften, um die Milchqualit\u00e4t zu gew\u00e4hrleisten.<\/p>\n<p>Nach dem Melken wird die rohe Stutenmilch schnellstm\u00f6glich auf 3\u00b0 Celsius abgek\u00fchlt oder eingefroren, um ihre Frische zu bewahren. Bei Bedarf kann Frischmilch in Stutenmilchpulver umgewandelt und in Kapseln verarbeitet werden.<\/p>\n<p>Je nach Rasse der Stute werden bis zu 10 Liter Stutenmilch pro Tag produziert, und etwa zwei Liter Stutenmilch werden f\u00fcr den menschlichen Verbrauch aufbewahrt; dies stellt sicher, dass die wachsenden Fohlen immer noch ausreichend ern\u00e4hrt werden.<\/p>\n<p>Die Trennungszeit erm\u00f6glicht es den Fohlen, Fohlenfutter und Heu zu fressen und miteinander zu spielen, was ihre weitere Entwicklung f\u00f6rdert.<\/p>\n","protected":false},"excerpt":{"rendered":"<p>Stutenmilch wird in speziellen Bauernh\u00f6fen, sogenannten Pferdemolkereien, hergestellt. Nach der Geburt des Fohlens bleibt die Stute zwei Monate lang beim Fohlen, um es ausreichend mit Nahrung zu versorgen. Nach dieser Zeit wird die Stute t\u00e4glich f\u00fcr einige Stunden von ihrem Fohlen getrennt, um gemolken zu werden. Die Produktion von Stutenmilch erfolgt schonend und tierfreundlich mit [&hellip;]<\/p>\n","protected":false},"author":1,"featured_media":1244,"parent":0,"menu_order":0,"comment_status":"closed","ping_status":"closed","template":"","meta":{"_uf_show_specific_survey":0,"_uf_disable_surveys":false,"footnotes":""},"categories":[229],"tags":[184],"class_list":["post-8067","page","type-page","status-publish","has-post-thumbnail","hentry","category-informatie","tag-related-de"],"jetpack_sharing_enabled":true,"_links":{"self":[{"href":"https:\/\/www.equilac.com\/de\/wp-json\/wp\/v2\/pages\/8067","targetHints":{"allow":["GET"]}}],"collection":[{"href":"https:\/\/www.equilac.com\/de\/wp-json\/wp\/v2\/pages"}],"about":[{"href":"https:\/\/www.equilac.com\/de\/wp-json\/wp\/v2\/types\/page"}],"author":[{"embeddable":true,"href":"https:\/\/www.equilac.com\/de\/wp-json\/wp\/v2\/users\/1"}],"replies":[{"embeddable":true,"href":"https:\/\/www.equilac.com\/de\/wp-json\/wp\/v2\/comments?post=8067"}],"version-history":[{"count":1,"href":"https:\/\/www.equilac.com\/de\/wp-json\/wp\/v2\/pages\/8067\/revisions"}],"predecessor-version":[{"id":12230,"href":"https:\/\/www.equilac.com\/de\/wp-json\/wp\/v2\/pages\/8067\/revisions\/12230"}],"wp:featuredmedia":[{"embeddable":true,"href":"https:\/\/www.equilac.com\/de\/wp-json\/wp\/v2\/media\/1244"}],"wp:attachment":[{"href":"https:\/\/www.equilac.com\/de\/wp-json\/wp\/v2\/media?parent=8067"}],"wp:term":[{"taxonomy":"category","embeddable":true,"href":"https:\/\/www.equilac.com\/de\/wp-json\/wp\/v2\/categories?post=8067"},{"taxonomy":"post_tag","embeddable":true,"href":"https:\/\/www.equilac.com\/de\/wp-json\/wp\/v2\/tags?post=8067"}],"curies":[{"name":"wp","href":"https:\/\/api.w.org\/{rel}","templated":true}]}}