{"id":8117,"date":"2023-07-02T12:14:03","date_gmt":"2023-07-02T12:14:03","guid":{"rendered":"https:\/\/www.equilac.com\/wie-funktioniert-stutenmilch\/"},"modified":"2023-10-09T07:05:26","modified_gmt":"2023-10-09T07:05:26","slug":"wie-funktioniert-stutenmilch","status":"publish","type":"page","link":"https:\/\/www.equilac.com\/de\/wie-funktioniert-stutenmilch\/","title":{"rendered":"Wie Stutenmilch wirkt: Warum ist sie so gesund?"},"content":{"rendered":"<p><a href=\"https:\/\/www.equilac.com\/de\/stutenmilch\/\">Stutenmilch<\/a> unterst\u00fctzt von innen heraus eine gesunde Darmflora und st\u00e4rkt das Immunsystem. Diese Vorteile machen Stutenmilch zu einem bemerkenswerten nat\u00fcrlichen Heilmittel f\u00fcr viele Gesundheitsprobleme. Die F\u00f6rderung guter Bakterien im Verdauungstrakt hilft dabei, die Nahrung in leicht absorbierbare Bestandteile aufzuspalten, die jeden Teil Ihres K\u00f6rpers mit Energie versorgen.<\/p>\n<p>Stutenmilch ist reich an essentiellen N\u00e4hrstoffen wie Energie, Eisen, Vitaminen und Spurenelementen und hat eine einzigartige Zusammensetzung, die der Muttermilch \u00e4hnelt, jedoch einen geringeren Fettgehalt aufweist und daher vertr\u00e4glicher als Kuhmilch ist.<\/p>\n<p>Lactoferrin ist einer der Hauptbestandteile der Stutenmilch, der sie so wirksam macht. Diese Komponente ist daf\u00fcr bekannt, das Immunsystem zu st\u00e4rken und die Gesundheit der Haut zu verbessern. Wenn Ihr Immunsystem stark ist, ist Ihr K\u00f6rper besser darauf vorbereitet, sch\u00e4dliche Bakterien und Viren abzuwehren. Lactoferrin hilft auch bei der Entgiftung, indem es Abfallstoffe und Giftstoffe herausfiltert.<\/p>\n<p>Bei Verdauungsproblemen kann eine gest\u00f6rte Darmflora die Ursache des Problems sein. Die sch\u00e4dlichen Bakterien in Ihrem Darm k\u00f6nnen Abfallprodukte produzieren, die schlie\u00dflich in Ihren Blutkreislauf gelangen. Mit der Zeit kann dies eine Belastung f\u00fcr Organe wie Leber und Nieren darstellen und zu verschiedenen gesundheitlichen Problemen f\u00fchren. Durch die Wiederherstellung einer gesunden Darmumgebung unterst\u00fctzt Stutenmilch die wirksame Beseitigung von Abfallstoffen und Giftstoffen.<\/p>\n<p>Wenn Sie daran interessiert sind, die Vorteile von Stutenmilch zu erleben, bieten <a href=\"https:\/\/www.equilac.com\/de\/produkt\/stutenmilch-kapseln\/\">Equilac-Kapseln<\/a> eine einfache und bequeme Form der Einnahme. F\u00fcr optimale Ergebnisse wird empfohlen, \u00fcber einen Zeitraum von drei Monaten t\u00e4glich zwei Kapseln einzunehmen.<\/p>\n<p>Ganz gleich, ob Sie Ihre Haut verbessern, Ihre Verdauung verbessern oder Ihr Immunsystem st\u00e4rken m\u00f6chten, Stutenmilch bietet einen ganzheitlichen Wellness-Ansatz, der von innen heraus wirkt. Dieses nat\u00fcrliche Nahrungserg\u00e4nzungsmittel bek\u00e4mpft Symptome und geht die Grundursache von Gesundheitsproblemen an, was es zu einer wertvollen Erg\u00e4nzung f\u00fcr Ihre allgemeine Gesundheit macht.<\/p>\n","protected":false},"excerpt":{"rendered":"<p>Stutenmilch unterst\u00fctzt von innen heraus eine gesunde Darmflora und st\u00e4rkt das Immunsystem. Diese Vorteile machen Stutenmilch zu einem bemerkenswerten nat\u00fcrlichen Heilmittel f\u00fcr viele Gesundheitsprobleme. Die F\u00f6rderung guter Bakterien im Verdauungstrakt hilft dabei, die Nahrung in leicht absorbierbare Bestandteile aufzuspalten, die jeden Teil Ihres K\u00f6rpers mit Energie versorgen. Stutenmilch ist reich an essentiellen N\u00e4hrstoffen wie Energie, [&hellip;]<\/p>\n","protected":false},"author":1,"featured_media":1258,"parent":0,"menu_order":0,"comment_status":"closed","ping_status":"closed","template":"","meta":{"_uf_show_specific_survey":0,"_uf_disable_surveys":false,"footnotes":""},"categories":[205,146],"tags":[184],"class_list":["post-8117","page","type-page","status-publish","has-post-thumbnail","hentry","category-gezondheid","category-darmflora","tag-related-de"],"jetpack_sharing_enabled":true,"_links":{"self":[{"href":"https:\/\/www.equilac.com\/de\/wp-json\/wp\/v2\/pages\/8117","targetHints":{"allow":["GET"]}}],"collection":[{"href":"https:\/\/www.equilac.com\/de\/wp-json\/wp\/v2\/pages"}],"about":[{"href":"https:\/\/www.equilac.com\/de\/wp-json\/wp\/v2\/types\/page"}],"author":[{"embeddable":true,"href":"https:\/\/www.equilac.com\/de\/wp-json\/wp\/v2\/users\/1"}],"replies":[{"embeddable":true,"href":"https:\/\/www.equilac.com\/de\/wp-json\/wp\/v2\/comments?post=8117"}],"version-history":[{"count":1,"href":"https:\/\/www.equilac.com\/de\/wp-json\/wp\/v2\/pages\/8117\/revisions"}],"predecessor-version":[{"id":13408,"href":"https:\/\/www.equilac.com\/de\/wp-json\/wp\/v2\/pages\/8117\/revisions\/13408"}],"wp:featuredmedia":[{"embeddable":true,"href":"https:\/\/www.equilac.com\/de\/wp-json\/wp\/v2\/media\/1258"}],"wp:attachment":[{"href":"https:\/\/www.equilac.com\/de\/wp-json\/wp\/v2\/media?parent=8117"}],"wp:term":[{"taxonomy":"category","embeddable":true,"href":"https:\/\/www.equilac.com\/de\/wp-json\/wp\/v2\/categories?post=8117"},{"taxonomy":"post_tag","embeddable":true,"href":"https:\/\/www.equilac.com\/de\/wp-json\/wp\/v2\/tags?post=8117"}],"curies":[{"name":"wp","href":"https:\/\/api.w.org\/{rel}","templated":true}]}}