{"id":8213,"date":"2023-07-02T12:23:22","date_gmt":"2023-07-02T12:23:22","guid":{"rendered":"https:\/\/www.equilac.com\/forschung-zu-stutenmilch\/"},"modified":"2023-10-09T08:29:22","modified_gmt":"2023-10-09T08:29:22","slug":"forschung-zu-stutenmilch","status":"publish","type":"page","link":"https:\/\/www.equilac.com\/de\/forschung-zu-stutenmilch\/","title":{"rendered":"Forschung zu Stutenmilch"},"content":{"rendered":"<ul>\n<li>Studien der Friedrich-Schiller-Universit\u00e4t Jena zeigen, dass Stutenmilch bei der Behandlung von Hauterkrankungen helfen kann.<\/li>\n<li>Stutenmilch hat auch positive Wirkungen bei der Behandlung innerer Gesundheitsprobleme wie Darm-, Atemwegs- und Leberproblemen gezeigt.<\/li>\n<li>Kinder mit Kuhmilchallergien vertragen Stutenmilch gut und sie ist der Muttermilch aller S\u00e4ugetiere am \u00e4hnlichsten.<\/li>\n<\/ul>\n<h2 id=\"elementor-tab-title-1091\" role=\"button\" data-tab=\"1\" aria-controls=\"elementor-tab-content-1091\" aria-expanded=\"false\"><a tabindex=\"0\">Erforschung der Vorteile von Stutenmilch<\/a><\/h2>\n<p>Die wichtigste Forschung zu den gesundheitlichen Vorteilen von Stutenmilch stammt von der Friedrich-Schiller-Universit\u00e4t in Jena, Deutschland. Diese Universit\u00e4t hat mehr als ein Jahrzehnt damit verbracht, die Vorteile von Stutenmilch als unterst\u00fctzende Behandlung zu erforschen. Diese Studien belegen die Vorteile einer langfristigen Einnahme von Stutenmilch \u00fcber mindestens sechs Monate.<\/p>\n<h2 id=\"elementor-tab-title-1092\" role=\"button\" data-tab=\"2\" aria-controls=\"elementor-tab-content-1092\" aria-expanded=\"false\"><a tabindex=\"0\">Stutenmilch- und Hautprobleme<\/a><\/h2>\n<p>Eine Studie aus dem Jahr 2009 ergab, dass mehr als 90 % der Patienten mit verschiedenen Hauterkrankungen berichteten, dass die Schwere ihrer Symptome nach dem <a href=\"https:\/\/www.equilac.com\/de\/frische-stutenmilch-trinken\/\">Trinken von Stutenmilch<\/a> dramatisch abnahm. Eine Besserung von Symptomen wie Juckreiz und Schlafst\u00f6rungen k\u00f6nnte medizinisch unterst\u00fctzt werden, wobei Patienten nach sechsmonatiger Behandlung von einer Besserung von \u201ehalbschwer\/schwer\u201c bis \u201eleicht\/nicht vorhanden\u201c berichten. Einige Patienten konnten sogar ihre Medikamenteneinnahme reduzieren.<\/p>\n<h2 id=\"elementor-tab-title-1093\" role=\"button\" data-tab=\"3\" aria-controls=\"elementor-tab-content-1093\" aria-expanded=\"false\"><a tabindex=\"0\">Stutenmilch und innere Gesundheit<\/a><\/h2>\n<p>Die Friedrich-Schiller-Universit\u00e4t Jena stellte au\u00dferdem fest, dass 75 % der Verbraucher mit Darm-, Atemwegs- oder Leberproblemen positiv auf das Trinken von Stutenmilch reagierten. Insbesondere bei Menschen mit Darmerkrankungen f\u00fchrte die Einnahme von Stutenmilch zu einer Linderung der Symptome und einer Verbesserung des Gesundheitszustands.<\/p>\n<h2 id=\"elementor-tab-title-1094\" role=\"button\" data-tab=\"4\" aria-controls=\"elementor-tab-content-1094\" aria-expanded=\"false\"><a tabindex=\"0\">Stutenmilch bei Kuhmilchallergie<\/a><\/h2>\n<p>Eine weitere in Pediatric Allergy and Immunology ver\u00f6ffentlichte Studie zeigte, dass Stutenmilch von fast 96 % der Kinder, die gegen Kuhmilch allergisch sind, gut vertragen wird. Dr. Rene Madeleyn, ein Kinderarzt, erkl\u00e4rte, dass Stutenmilch viele Antik\u00f6rper enth\u00e4lt, die Bakterien und Viren neutralisieren, und dass sie von allen S\u00e4ugetieren der menschlichen Muttermilch am \u00e4hnlichsten ist.<\/p>\n","protected":false},"excerpt":{"rendered":"<p>Studien der Friedrich-Schiller-Universit\u00e4t Jena zeigen, dass Stutenmilch bei der Behandlung von Hauterkrankungen helfen kann. Stutenmilch hat auch positive Wirkungen bei der Behandlung innerer Gesundheitsprobleme wie Darm-, Atemwegs- und Leberproblemen gezeigt. Kinder mit Kuhmilchallergien vertragen Stutenmilch gut und sie ist der Muttermilch aller S\u00e4ugetiere am \u00e4hnlichsten. Erforschung der Vorteile von Stutenmilch Die wichtigste Forschung zu den [&hellip;]<\/p>\n","protected":false},"author":1,"featured_media":1160,"parent":0,"menu_order":0,"comment_status":"closed","ping_status":"closed","template":"","meta":{"_uf_show_specific_survey":0,"_uf_disable_surveys":false,"footnotes":""},"categories":[229],"tags":[184],"class_list":["post-8213","page","type-page","status-publish","has-post-thumbnail","hentry","category-informatie","tag-related-de"],"jetpack_sharing_enabled":true,"_links":{"self":[{"href":"https:\/\/www.equilac.com\/de\/wp-json\/wp\/v2\/pages\/8213","targetHints":{"allow":["GET"]}}],"collection":[{"href":"https:\/\/www.equilac.com\/de\/wp-json\/wp\/v2\/pages"}],"about":[{"href":"https:\/\/www.equilac.com\/de\/wp-json\/wp\/v2\/types\/page"}],"author":[{"embeddable":true,"href":"https:\/\/www.equilac.com\/de\/wp-json\/wp\/v2\/users\/1"}],"replies":[{"embeddable":true,"href":"https:\/\/www.equilac.com\/de\/wp-json\/wp\/v2\/comments?post=8213"}],"version-history":[{"count":1,"href":"https:\/\/www.equilac.com\/de\/wp-json\/wp\/v2\/pages\/8213\/revisions"}],"predecessor-version":[{"id":13454,"href":"https:\/\/www.equilac.com\/de\/wp-json\/wp\/v2\/pages\/8213\/revisions\/13454"}],"wp:featuredmedia":[{"embeddable":true,"href":"https:\/\/www.equilac.com\/de\/wp-json\/wp\/v2\/media\/1160"}],"wp:attachment":[{"href":"https:\/\/www.equilac.com\/de\/wp-json\/wp\/v2\/media?parent=8213"}],"wp:term":[{"taxonomy":"category","embeddable":true,"href":"https:\/\/www.equilac.com\/de\/wp-json\/wp\/v2\/categories?post=8213"},{"taxonomy":"post_tag","embeddable":true,"href":"https:\/\/www.equilac.com\/de\/wp-json\/wp\/v2\/tags?post=8213"}],"curies":[{"name":"wp","href":"https:\/\/api.w.org\/{rel}","templated":true}]}}