{"id":8251,"date":"2023-07-27T16:03:39","date_gmt":"2023-07-27T16:03:39","guid":{"rendered":"https:\/\/www.equilac.com\/stutenmilch-bei-kuhmilchallergie\/"},"modified":"2023-09-29T06:32:41","modified_gmt":"2023-09-29T06:32:41","slug":"stutenmilch-bei-kuhmilchallergie","status":"publish","type":"page","link":"https:\/\/www.equilac.com\/de\/stutenmilch-bei-kuhmilchallergie\/","title":{"rendered":"Stutenmilch bei Kuhmilchallergie"},"content":{"rendered":"<p>Stutenmilch kann f\u00fcr Menschen mit einer Kuhmilchallergie eine sinnvolle Alternative sein. Seine einzigartige Zusammensetzung aus Fetten, Proteinen und Mineralien ist leicht verdaulich, was es zu einer besseren Option f\u00fcr Menschen mit Kuhmilchallergien macht. Eine Studie von <a href=\"https:\/\/onlinelibrary.wiley.com\/doi\/abs\/10.1111\/j.1399-3038.2007.00567.x\" target=\"_blank\" rel=\"nofollow noopener\">P\u00e4diatrische Allergie und Immunologie <\/a> stellte fest, dass fast 96 Prozent der Kinder mit Kuhmilchallergien Stutenmilch gut vertrugen.<\/p>\n<p>Eine Kuhmilchallergie entsteht in erster Linie durch eine Reaktion des Immunsystems gegen die in der Kuhmilch enthaltenen Proteine. Die Verdauung dieser Proteine kann f\u00fcr den K\u00f6rper schwierig sein und zu Verdauungsproblemen und negativen Auswirkungen auf die Darmflora f\u00fchren. Die Proteine in Stutenmilch sind leichter und schneller verdaulich, wodurch die Wahrscheinlichkeit von Magen-Darm-Problemen verringert wird.<\/p>\n<p>Es ist wichtig, zwischen einer Kuhmilchallergie und einer Laktoseintoleranz zu unterscheiden. Wenn Sie an einer Laktoseintoleranz leiden, hat Ihr K\u00f6rper Schwierigkeiten, Laktose, einen Zucker in der Milch, zu verdauen. Gl\u00fccklicherweise ist Stutenmilch leicht verdaulich und wird im Allgemeinen von Menschen mit Laktoseintoleranz gut vertragen.<\/p>\n<p>Stutenmilch k\u00f6nnte eine geeignete Alternative sein, wenn Sie an einer Kuhmilchallergie leiden. Seine einzigartige Zusammensetzung und leichte Verdaulichkeit machen es zu einer praktischen Wahl f\u00fcr Kinder und Erwachsene. Allerdings w\u00e4re Stutenmilch nicht f\u00fcr Sie geeignet, wenn Sie zus\u00e4tzlich zu einer Kuhmilchallergie auch an einer Laktoseallergie leiden.<\/p>\n<p>Lesen Sie auch: <a href=\"https:\/\/www.equilac.com\/de\/stutenmilch-gegen-allergien\/\">Stutenmilch gegen Allergien<\/a> &#8211; <a href=\"https:\/\/www.equilac.com\/de\/stutenmilch-ein-natuerliches-heilmittel-gegen-heuschnupfen\/\">Stutenmilch gegen Heuschnupfen<\/a> \u2013 <a href=\"https:\/\/www.equilac.com\/de\/natuerliche-linderung-von-asthma-mit-stutenmilch\/\">Stutenmilch gegen Asthma<\/a><\/p>\n","protected":false},"excerpt":{"rendered":"<p>Stutenmilch kann f\u00fcr Menschen mit einer Kuhmilchallergie eine sinnvolle Alternative sein. Seine einzigartige Zusammensetzung aus Fetten, Proteinen und Mineralien ist leicht verdaulich, was es zu einer besseren Option f\u00fcr Menschen mit Kuhmilchallergien macht. Eine Studie von P\u00e4diatrische Allergie und Immunologie stellte fest, dass fast 96 Prozent der Kinder mit Kuhmilchallergien Stutenmilch gut vertrugen. Eine Kuhmilchallergie [&hellip;]<\/p>\n","protected":false},"author":1,"featured_media":6141,"parent":0,"menu_order":0,"comment_status":"closed","ping_status":"closed","template":"","meta":{"_uf_show_specific_survey":0,"_uf_disable_surveys":false,"footnotes":""},"categories":[152,134],"tags":[184],"class_list":["post-8251","page","type-page","status-publish","has-post-thumbnail","hentry","category-pferdemilch","category-allergien","tag-related-de"],"jetpack_sharing_enabled":true,"_links":{"self":[{"href":"https:\/\/www.equilac.com\/de\/wp-json\/wp\/v2\/pages\/8251","targetHints":{"allow":["GET"]}}],"collection":[{"href":"https:\/\/www.equilac.com\/de\/wp-json\/wp\/v2\/pages"}],"about":[{"href":"https:\/\/www.equilac.com\/de\/wp-json\/wp\/v2\/types\/page"}],"author":[{"embeddable":true,"href":"https:\/\/www.equilac.com\/de\/wp-json\/wp\/v2\/users\/1"}],"replies":[{"embeddable":true,"href":"https:\/\/www.equilac.com\/de\/wp-json\/wp\/v2\/comments?post=8251"}],"version-history":[{"count":2,"href":"https:\/\/www.equilac.com\/de\/wp-json\/wp\/v2\/pages\/8251\/revisions"}],"predecessor-version":[{"id":12703,"href":"https:\/\/www.equilac.com\/de\/wp-json\/wp\/v2\/pages\/8251\/revisions\/12703"}],"wp:featuredmedia":[{"embeddable":true,"href":"https:\/\/www.equilac.com\/de\/wp-json\/wp\/v2\/media\/6141"}],"wp:attachment":[{"href":"https:\/\/www.equilac.com\/de\/wp-json\/wp\/v2\/media?parent=8251"}],"wp:term":[{"taxonomy":"category","embeddable":true,"href":"https:\/\/www.equilac.com\/de\/wp-json\/wp\/v2\/categories?post=8251"},{"taxonomy":"post_tag","embeddable":true,"href":"https:\/\/www.equilac.com\/de\/wp-json\/wp\/v2\/tags?post=8251"}],"curies":[{"name":"wp","href":"https:\/\/api.w.org\/{rel}","templated":true}]}}