{"id":8270,"date":"2023-07-02T13:21:36","date_gmt":"2023-07-02T13:21:36","guid":{"rendered":"https:\/\/www.equilac.com\/geschichte-der-stutenmilch\/"},"modified":"2023-10-09T08:13:30","modified_gmt":"2023-10-09T08:13:30","slug":"geschichte-der-stutenmilch","status":"publish","type":"page","link":"https:\/\/www.equilac.com\/de\/geschichte-der-stutenmilch\/","title":{"rendered":"Herkunft der Stutenmilch"},"content":{"rendered":"<p>Mit einer mehr als 2.000-j\u00e4hrigen Geschichte hat Stutenmilch einen erheblichen Einfluss auf die Gesundheit und das Wohlbefinden vieler Menschen.<\/p>\n<p>Der Ursprung von <a href=\"https:\/\/www.equilac.com\/de\/stutenmilch\/\">Stutenmilch<\/a> geht auf die alten Griechen zur\u00fcck. Sie glaubten, dass die Amazonen, ein legend\u00e4rer Stamm weiblicher Krieger, ihre Kinder unter anderem mit Stutenmilch ern\u00e4hrten.<\/p>\n<p>Die Skythen waren reisende Krieger, die in S\u00fcdsibirien lebten und f\u00fcr den Transport auf ihre Pferde angewiesen waren. Forscher haben herausgefunden, dass diese St\u00e4mme Pferde z\u00fcchteten, um Kraft und Beweglichkeit zu erlangen und Milch f\u00fcr die Ern\u00e4hrung ihrer Kinder zu produzieren.<\/p>\n<p>Die \u00e4gyptische K\u00f6nigin Kleopatra badete in saurer Eselsmilch, um Falten zu reduzieren und ihre jugendliche Sch\u00f6nheit zu bewahren. Die saure Milch wirkt als mildes Peeling, entfernt abgestorbene Hautzellen und sorgt f\u00fcr eine glattere, strahlendere Haut. Kleopatra gilt als eine der sch\u00f6nsten Frauen aller Zeiten; Ihr Sch\u00f6nheitsritual muss die gew\u00fcnschten Ergebnisse gebracht haben.<\/p>\n<p>In Russland begann jedoch im sp\u00e4ten 19. und fr\u00fchen 20. Jahrhundert die organisierte Produktion und der Konsum von Stutenmilch zu wachsen, haupts\u00e4chlich zur Behandlung von Tuberkulose. Tuberkulose galt damals als eine der gef\u00fcrchtetsten Krankheiten, f\u00fcr die es noch keine wirksame Behandlung gab. Die russischen \u00c4rzte stellten fest, dass einige Patienten, die Stutenmilch tranken, offenbar eine bessere Widerstandskraft gegen die Krankheit hatten. Diese Beobachtung f\u00fchrte zur Gr\u00fcndung von Sanatorien, einem Genesungsheim, in dem Patienten vor\u00fcbergehend untergebracht sind, um sich von dieser Krankheit zu erholen.<\/p>\n<p>In den 1990er Jahren wurde Stutenmilch in Europa immer bekannter, insbesondere in L\u00e4ndern wie Deutschland, Belgien, den Niederlanden und Frankreich, wo Stutenmolkereien <a href=\"https:\/\/www.equilac.com\/de\/frische-stutenmilch-trinken\/\">frische oder gefrorene Stutenmilch<\/a> f\u00fcr Benutzer mit gesundheitlichen Problemen.<\/p>\n<p>1999 kam unser Produkt Equilac\u00ae auf den Markt; Es war das erste Nahrungserg\u00e4nzungsmittel auf Stutenmilchbasis und somit f\u00fcr jedermann in der Apotheke erh\u00e4ltlich. <a href=\"https:\/\/www.equilac.com\/de\/geschichte\/\">Lesen Sie mehr \u00fcber die Familiengeschichte hinter Equilac<\/a>.<\/p>\n","protected":false},"excerpt":{"rendered":"<p>Mit einer mehr als 2.000-j\u00e4hrigen Geschichte hat Stutenmilch einen erheblichen Einfluss auf die Gesundheit und das Wohlbefinden vieler Menschen. Der Ursprung von Stutenmilch geht auf die alten Griechen zur\u00fcck. Sie glaubten, dass die Amazonen, ein legend\u00e4rer Stamm weiblicher Krieger, ihre Kinder unter anderem mit Stutenmilch ern\u00e4hrten. Die Skythen waren reisende Krieger, die in S\u00fcdsibirien lebten [&hellip;]<\/p>\n","protected":false},"author":1,"featured_media":6071,"parent":0,"menu_order":0,"comment_status":"closed","ping_status":"closed","template":"","meta":{"_uf_show_specific_survey":0,"_uf_disable_surveys":false,"footnotes":""},"categories":[229],"tags":[184],"class_list":["post-8270","page","type-page","status-publish","has-post-thumbnail","hentry","category-informatie","tag-related-de"],"jetpack_sharing_enabled":true,"_links":{"self":[{"href":"https:\/\/www.equilac.com\/de\/wp-json\/wp\/v2\/pages\/8270","targetHints":{"allow":["GET"]}}],"collection":[{"href":"https:\/\/www.equilac.com\/de\/wp-json\/wp\/v2\/pages"}],"about":[{"href":"https:\/\/www.equilac.com\/de\/wp-json\/wp\/v2\/types\/page"}],"author":[{"embeddable":true,"href":"https:\/\/www.equilac.com\/de\/wp-json\/wp\/v2\/users\/1"}],"replies":[{"embeddable":true,"href":"https:\/\/www.equilac.com\/de\/wp-json\/wp\/v2\/comments?post=8270"}],"version-history":[{"count":1,"href":"https:\/\/www.equilac.com\/de\/wp-json\/wp\/v2\/pages\/8270\/revisions"}],"predecessor-version":[{"id":13443,"href":"https:\/\/www.equilac.com\/de\/wp-json\/wp\/v2\/pages\/8270\/revisions\/13443"}],"wp:featuredmedia":[{"embeddable":true,"href":"https:\/\/www.equilac.com\/de\/wp-json\/wp\/v2\/media\/6071"}],"wp:attachment":[{"href":"https:\/\/www.equilac.com\/de\/wp-json\/wp\/v2\/media?parent=8270"}],"wp:term":[{"taxonomy":"category","embeddable":true,"href":"https:\/\/www.equilac.com\/de\/wp-json\/wp\/v2\/categories?post=8270"},{"taxonomy":"post_tag","embeddable":true,"href":"https:\/\/www.equilac.com\/de\/wp-json\/wp\/v2\/tags?post=8270"}],"curies":[{"name":"wp","href":"https:\/\/api.w.org\/{rel}","templated":true}]}}