{"id":1643,"date":"2022-03-01T09:01:37","date_gmt":"2022-03-01T09:01:37","guid":{"rendered":"http:\/\/dev.equilac.com\/product\/equilac-mare-milk-capsules\/"},"modified":"2022-03-15T16:08:35","modified_gmt":"2022-03-15T16:08:35","slug":"stutenmilch-kapseln","status":"publish","type":"product","link":"https:\/\/www.equilac.com\/de\/produkt\/stutenmilch-kapseln\/","title":{"rendered":"Equilac\u00ae Stutenmilch Kapseln"},"content":{"rendered":"\t\t<div data-elementor-type=\"product-post\" data-elementor-id=\"1643\" class=\"elementor elementor-1643 elementor-54\" data-elementor-post-type=\"product\">\n\t\t\t\t\t\t<section class=\"elementor-section elementor-top-section elementor-element elementor-element-7cd2ec23 elementor-section-boxed elementor-section-height-default elementor-section-height-default\" data-id=\"7cd2ec23\" data-element_type=\"section\" data-e-type=\"section\">\n\t\t\t\t\t\t<div class=\"elementor-container elementor-column-gap-default\">\n\t\t\t\t\t<div class=\"elementor-column elementor-col-16 elementor-top-column elementor-element elementor-element-7af359e3\" data-id=\"7af359e3\" data-element_type=\"column\" data-e-type=\"column\">\n\t\t\t<div class=\"elementor-widget-wrap\">\n\t\t\t\t\t\t\t<\/div>\n\t\t<\/div>\n\t\t\t\t<div class=\"elementor-column elementor-col-66 elementor-top-column elementor-element elementor-element-4b3b4b67\" data-id=\"4b3b4b67\" data-element_type=\"column\" data-e-type=\"column\">\n\t\t\t<div class=\"elementor-widget-wrap elementor-element-populated\">\n\t\t\t\t\t\t<div class=\"elementor-element elementor-element-fa0f893 elementor-widget elementor-widget-text-editor\" data-id=\"fa0f893\" data-element_type=\"widget\" data-e-type=\"widget\" data-widget_type=\"text-editor.default\">\n\t\t\t\t<div class=\"elementor-widget-container\">\n\t\t\t\t\t\t\t\t\t<h2>Stutenmilch in einer handlichen Kapsel<\/h2><p>Equilac\u00ae Stutenmilch Kapseln machen die Vorteile von Stutenmilch f\u00fcr jedermann zug\u00e4nglich und sind eine hervorragende Alternative im Vergleich zum Trinken von roher Stutenmilch.<\/p><p>Zu den Vorteilen der Kapseln geh\u00f6ren eine l\u00e4ngere Haltbarkeit von bis zu 18 Monaten, eine einfache Einnahme zu Hause und auf Reisen sowie die Vermeidung des seltsamen Geschmacks frischer Stutenmilch.<\/p><h2>Stutenmilch Kapseln gegen Psoriasis, Ekzeme und Akne<\/h2><p>Equilac\u00ae wirkt als nat\u00fcrliche Behandlung gegen <a href=\"https:\/\/www.equilac.com\/de\/schuppenflechte\">Psoriasis<\/a>, Ekzeme und Akne mit Hilfe des entz\u00fcndungshemmenden Proteins Lactoferrin, das in hoher Konzentration in Stutenmilch und unseren Kapseln enthalten ist.<\/p><p>Equilac\u00ae behandelt Hautbeschwerden von innen an der Ursache des Problems. Dieser Ansatz ist ein besserer Weg als die Anwendung nur topischer Cremes (wie Cortison-Salbe), die nur vor\u00fcbergehend \u00e4u\u00dfere Symptome lindern und bei l\u00e4ngerer Anwendung sch\u00e4dlich sein k\u00f6nnen. Stutenmilch Kapseln sind eine sichere Alternative und ges\u00fcnder f\u00fcr Ihre Haut und Ihren K\u00f6rper.<\/p><p>Stutenmilch\u00a0Kapseln sind m\u00f6glicherweise nicht die Gesamtl\u00f6sung, k\u00f6nnen jedoch zur Verringerung und Kontrolle der Symptome beitragen. Lesen Sie mehr \u00fcber Pferdemilch und die gesundheitlichen Vorteile<\/p><h2>Wo kann man Stutenmilch Kapseln kaufen<\/h2><p>Sie k\u00f6nnen Equilac\u00ae-Kapseln \u00fcber diese Website und in der Apotheke in Belgien kaufen.<\/p><p>Da Stutenmilch ein knappes Nischenprodukt ist, empfehlen wir, dass Sie unser Nahrungserg\u00e4nzungsmittel nur verwenden, wenn Sie die Behandlung ernst nehmen und unser Produkt auf die empfohlene Weise einnehmen.<\/p><h2>Komposition von\u00a0Equilac\u00ae\u00a0Kapseln<\/h2><p>Die Stutenmilch Kapseln von Equilac\u00ae enthalten 600 mg Stutenmilchpulver pro Kapsel ohne Zusatz von Konservierungsstoffen. Unsere Kapseln bestehen aus Gelatine (Rinder) mit einer Kapselgr\u00f6\u00dfe &#8222;00&#8220;, so dass sie leicht zu schlucken sind. Sie sind in einer Blisterpackung (oder einem Blisterstreifen) verpackt, um einen besseren Schutz und eine l\u00e4ngere Haltbarkeit von bis zu 18 Monaten ab Herstellungsdatum zu gew\u00e4hrleisten. Lagern Sie die Kapseln bei Raumtemperatur an einem dunklen Ort.<\/p><h2>Stutenmilchpulver<\/h2><p>Das in Equilac\u00ae-Kapseln verwendete Stutenmilchpulver wird durch Spr\u00fchtrocknen von roher Stutenmilch bei niedrigen Temperaturen erhalten. Die Stutenmilch wird langsam erhitzt und dann unter hohem Druck gespr\u00fcht, wobei etwa 91% des in fl\u00fcssiger Stutenmilch enthaltenen Wassers verdampft werden und das Stutenmilchpulver zur\u00fcckbleibt. Dieser Prozess stellt sicher, dass das Pulver keine Bakterien enth\u00e4lt und die Wirkstoffe nicht neutralisiert werden. Unser Stutenmilchpulver wird verschiedenen Qualit\u00e4tskontrollen f\u00fcr den menschlichen Verzehr unterzogen, bevor es in unsere Kapseln eingearbeitet wird.<\/p><h2>Verwendung von Equilac\u00ae Stutenmilch Kapseln<\/h2><p>Wenn Sie Ihre Gesundheit ernst nehmen und Hautprobleme auf andere Weise lindern m\u00f6chten, empfehlen wir, Equilac\u00ae-Kapseln drei Monate hintereinander zu verwenden und herauszufinden, was unsere Kapseln f\u00fcr Ihre Haut tun k\u00f6nnen.<\/p><p><strong>Anwendung:<\/strong> 2 Kapseln pro Tag morgens auf n\u00fcchternen Magen mit kaltem Wasser f\u00fcr drei Monate. Wenn sich die Symptome nach drei Monaten stabilisieren, k\u00f6nnen Sie die Einnahme von Equilac\u00ae zur Vorbeugung und Aufrechterhaltung auf 1 Kapsel pro Tag reduzieren. Wenn Sie m\u00f6chten, k\u00f6nnen Sie Equilac\u00ae weiterhin verwenden. Viele Equilac\u00ae-Anwender nehmen die Kapseln weiterhin ein, wenn sich ihr Zustand stabilisiert hat.<\/p><p><strong>Kinder:<\/strong> Unsere Kapseln sind f\u00fcr Kinder ab 4 Jahren geeignet. Kinder zwischen 4 und 12 Jahren haben genug mit einer Kapsel pro Tag. Die Kapseln k\u00f6nnen leicht ge\u00f6ffnet werden und das Pferdemilchpulver kann in Joghurt oder andere kalte Lebensmittel gemischt werden.<\/p><p><strong>Medikamente:<\/strong> Equilac\u00ae ist ein Nahrungserg\u00e4nzungsmittel (kein Medikament) und kann zusammen mit Medikamenten angewendet werden, ohne die Wirkung eines Arzneimittels zu beeintr\u00e4chtigen.<\/p><p><strong>M\u00f6gliche Nebenwirkungen:<\/strong> Bei einigen Anwendern kommt es im ersten Monat zu einer Verschlechterung ihrer Symptome. Dies ist normal und ein Beweis daf\u00fcr, dass Ihr K\u00f6rper auf Ver\u00e4nderungen reagiert, indem er Equilac\u00ae-Kapseln einnimmt. Es ist wichtig, dass Sie Ihre Behandlung fortsetzen. Wenn die Verschlimmerung nicht verschwindet, k\u00f6nnen Sie die Aufnahme auf 1 Kapsel pro Tag reduzieren oder die Behandlung abbrechen.<\/p><p>Es wird empfohlen, Equilac\u00ae-Kapseln nicht zu verwenden, wenn:<\/p><ul><li>Sie sind allergisch gegen Pferde<\/li><li>W\u00e4hrend der Schwangerschaft<\/li><li>Sie sind laktoseintolerant<\/li><li>Du bist Diabetiker. Equilac\u00ae Kapseln enthalten wenig Laktose (Milchzucker)<\/li><\/ul>\t\t\t\t\t\t\t\t<\/div>\n\t\t\t\t<\/div>\n\t\t\t\t\t<\/div>\n\t\t<\/div>\n\t\t\t\t<div class=\"elementor-column elementor-col-16 elementor-top-column elementor-element elementor-element-53a6db8a\" data-id=\"53a6db8a\" data-element_type=\"column\" data-e-type=\"column\">\n\t\t\t<div class=\"elementor-widget-wrap\">\n\t\t\t\t\t\t\t<\/div>\n\t\t<\/div>\n\t\t\t\t\t<\/div>\n\t\t<\/section>\n\t\t\t\t<section class=\"elementor-section elementor-top-section elementor-element elementor-element-69023965 elementor-section-boxed elementor-section-height-default elementor-section-height-default\" data-id=\"69023965\" data-element_type=\"section\" data-e-type=\"section\">\n\t\t\t\t\t\t<div class=\"elementor-container elementor-column-gap-default\">\n\t\t\t\t\t<div class=\"elementor-column elementor-col-16 elementor-top-column elementor-element elementor-element-248f4f8a\" data-id=\"248f4f8a\" data-element_type=\"column\" data-e-type=\"column\">\n\t\t\t<div class=\"elementor-widget-wrap\">\n\t\t\t\t\t\t\t<\/div>\n\t\t<\/div>\n\t\t\t\t<div class=\"elementor-column elementor-col-66 elementor-top-column elementor-element elementor-element-73353146\" data-id=\"73353146\" data-element_type=\"column\" data-e-type=\"column\">\n\t\t\t<div class=\"elementor-widget-wrap elementor-element-populated\">\n\t\t\t\t\t\t<div class=\"elementor-element elementor-element-2c35b0ff elementor-widget elementor-widget-text-editor\" data-id=\"2c35b0ff\" data-element_type=\"widget\" data-e-type=\"widget\" data-widget_type=\"text-editor.default\">\n\t\t\t\t<div class=\"elementor-widget-container\">\n\t\t\t\t\t\t\t\t\t<h2>Stutenmilch Kapseln f\u00fcr eine gesunde Haut von innen<\/h2><p>Equilac\u00ae arbeitet von innen nach au\u00dfen und dies f\u00fchrt zu einer langsameren Reaktion auf K\u00f6rper und Haut. Es wird daher empfohlen, Equilac\u00ae drei Monate lang einzunehmen, um das bestm\u00f6gliche Ergebnis zu erzielen.<\/p><p>Sobald sich die Symptome stabilisiert haben, k\u00f6nnen Sie vorbeugend auf eine Kapsel pro Tag zur\u00fcckgreifen.<\/p>\t\t\t\t\t\t\t\t<\/div>\n\t\t\t\t<\/div>\n\t\t\t\t\t<\/div>\n\t\t<\/div>\n\t\t\t\t<div class=\"elementor-column elementor-col-16 elementor-top-column elementor-element elementor-element-2f757bbf\" data-id=\"2f757bbf\" data-element_type=\"column\" data-e-type=\"column\">\n\t\t\t<div class=\"elementor-widget-wrap\">\n\t\t\t\t\t\t\t<\/div>\n\t\t<\/div>\n\t\t\t\t\t<\/div>\n\t\t<\/section>\n\t\t\t\t<section class=\"elementor-section elementor-top-section elementor-element elementor-element-ac9cbe5 elementor-section-boxed elementor-section-height-default elementor-section-height-default\" data-id=\"ac9cbe5\" data-element_type=\"section\" data-e-type=\"section\">\n\t\t\t\t\t\t<div class=\"elementor-container elementor-column-gap-default\">\n\t\t\t\t\t<div class=\"elementor-column elementor-col-16 elementor-top-column elementor-element elementor-element-71c46d3\" data-id=\"71c46d3\" data-element_type=\"column\" data-e-type=\"column\">\n\t\t\t<div class=\"elementor-widget-wrap\">\n\t\t\t\t\t\t\t<\/div>\n\t\t<\/div>\n\t\t\t\t<div class=\"elementor-column elementor-col-66 elementor-top-column elementor-element elementor-element-552d320\" data-id=\"552d320\" data-element_type=\"column\" data-e-type=\"column\">\n\t\t\t<div class=\"elementor-widget-wrap elementor-element-populated\">\n\t\t\t\t\t\t<div class=\"elementor-element elementor-element-94e09bb elementor--h-position-center elementor--v-position-middle elementor-arrows-position-inside elementor-pagination-position-inside elementor-widget elementor-widget-slides\" data-id=\"94e09bb\" data-element_type=\"widget\" data-e-type=\"widget\" data-settings=\"{&quot;navigation&quot;:&quot;both&quot;,&quot;infinite&quot;:&quot;yes&quot;,&quot;transition&quot;:&quot;slide&quot;,&quot;transition_speed&quot;:500}\" data-widget_type=\"slides.default\">\n\t\t\t\t<div class=\"elementor-widget-container\">\n\t\t\t\t\t\t\t\t\t<div class=\"elementor-swiper\">\n\t\t\t\t\t<div class=\"elementor-slides-wrapper elementor-main-swiper swiper\" role=\"region\" aria-roledescription=\"carousel\" aria-label=\"Slider\" dir=\"ltr\" data-animation=\"fadeInUp\">\n\t\t\t\t<div class=\"swiper-wrapper elementor-slides\">\n\t\t\t\t\t\t\t\t\t\t<div class=\"elementor-repeater-item-5845a31 swiper-slide\" role=\"group\" aria-roledescription=\"slide\"><div class=\"swiper-slide-bg\" role=\"img\" aria-label=\"Hautprobleme\"><\/div><div class=\"swiper-slide-inner\" ><div class=\"swiper-slide-contents\"><div class=\"elementor-slide-heading\">Hautprobleme werden h\u00e4ufig unter der \u00e4u\u00dferen Hautschicht verursacht<\/div><\/div><\/div><\/div><div class=\"elementor-repeater-item-5a4fb11 swiper-slide\" role=\"group\" aria-roledescription=\"slide\"><div class=\"swiper-slide-bg\" role=\"img\" aria-label=\"Hautprobleme\"><\/div><div class=\"swiper-slide-inner\" ><div class=\"swiper-slide-contents\"><div class=\"elementor-slide-heading\">Equilac arbeitet von innen nach au\u00dfen<\/div><\/div><\/div><\/div><div class=\"elementor-repeater-item-a43d466 swiper-slide\" role=\"group\" aria-roledescription=\"slide\"><div class=\"swiper-slide-bg\" role=\"img\" aria-label=\"Lactoferrin in Stutenmilch\"><\/div><div class=\"swiper-slide-inner\" ><div class=\"swiper-slide-contents\"><div class=\"elementor-slide-heading\">Equilac lindert Symptome von Hautproblemen<\/div><\/div><\/div><\/div>\t\t\t\t<\/div>\n\t\t\t\t\t\t\t\t\t\t\t\t\t\t\t<div class=\"elementor-swiper-button elementor-swiper-button-prev\" role=\"button\" tabindex=\"0\" aria-label=\"Vorheriger Slide\">\n\t\t\t\t\t\t\t<i aria-hidden=\"true\" class=\"eicon-chevron-left\"><\/i>\t\t\t\t\t\t<\/div>\n\t\t\t\t\t\t<div class=\"elementor-swiper-button elementor-swiper-button-next\" role=\"button\" tabindex=\"0\" aria-label=\"N\u00e4chster Slide\">\n\t\t\t\t\t\t\t<i aria-hidden=\"true\" class=\"eicon-chevron-right\"><\/i>\t\t\t\t\t\t<\/div>\n\t\t\t\t\t\t\t\t\t\t\t\t\t\t\t\t<div class=\"swiper-pagination\"><\/div>\n\t\t\t\t\t\t\t\t\t\t\t\t<\/div>\n\t\t\t\t<\/div>\n\t\t\t\t\t\t\t\t<\/div>\n\t\t\t\t<\/div>\n\t\t\t\t\t<\/div>\n\t\t<\/div>\n\t\t\t\t<div class=\"elementor-column elementor-col-16 elementor-top-column elementor-element elementor-element-5e013a0\" data-id=\"5e013a0\" data-element_type=\"column\" data-e-type=\"column\">\n\t\t\t<div class=\"elementor-widget-wrap\">\n\t\t\t\t\t\t\t<\/div>\n\t\t<\/div>\n\t\t\t\t\t<\/div>\n\t\t<\/section>\n\t\t\t\t<\/div>\n\t\t","protected":false},"excerpt":{"rendered":"<p>Kaufen Sie Equilac\u00ae, die originalen Stutenmilch Kapseln\u00a0seit 1999. Unsere Kapseln lindern die Symptome von Psoriasis, Ekzemen und Akne von innen nach au\u00dfen.<\/p>\n<ul>\n<li>Enth\u00e4lt 180 Stutenmilch Kapseln (3-monatige Behandlung)<\/li>\n<li>Mit 600 mg Stutenmilchpulver pro Kapsel<\/li>\n<li>Unterst\u00fctzt die Regenerationsf\u00e4higkeit der Haut<\/li>\n<li>Wirkt sich positiv auf die Darmflora aus und erh\u00f6ht die Resistenz<\/li>\n<\/ul>\n","protected":false},"featured_media":16044,"template":"","meta":{"_uf_show_specific_survey":0,"_uf_disable_surveys":false},"product_brand":[],"product_cat":[67],"product_tag":[],"class_list":{"0":"post-1643","1":"product","2":"type-product","3":"status-publish","4":"has-post-thumbnail","6":"product_cat-uncategorized-de","8":"first","9":"instock","10":"shipping-taxable","11":"purchasable","12":"product-type-simple"},"jetpack_sharing_enabled":true,"_links":{"self":[{"href":"https:\/\/www.equilac.com\/de\/wp-json\/wp\/v2\/product\/1643","targetHints":{"allow":["GET"]}}],"collection":[{"href":"https:\/\/www.equilac.com\/de\/wp-json\/wp\/v2\/product"}],"about":[{"href":"https:\/\/www.equilac.com\/de\/wp-json\/wp\/v2\/types\/product"}],"version-history":[{"count":0,"href":"https:\/\/www.equilac.com\/de\/wp-json\/wp\/v2\/product\/1643\/revisions"}],"wp:featuredmedia":[{"embeddable":true,"href":"https:\/\/www.equilac.com\/de\/wp-json\/wp\/v2\/media\/16044"}],"wp:attachment":[{"href":"https:\/\/www.equilac.com\/de\/wp-json\/wp\/v2\/media?parent=1643"}],"wp:term":[{"taxonomy":"product_brand","embeddable":true,"href":"https:\/\/www.equilac.com\/de\/wp-json\/wp\/v2\/product_brand?post=1643"},{"taxonomy":"product_cat","embeddable":true,"href":"https:\/\/www.equilac.com\/de\/wp-json\/wp\/v2\/product_cat?post=1643"},{"taxonomy":"product_tag","embeddable":true,"href":"https:\/\/www.equilac.com\/de\/wp-json\/wp\/v2\/product_tag?post=1643"}],"curies":[{"name":"wp","href":"https:\/\/api.w.org\/{rel}","templated":true}]}}