{"id":10132,"date":"2023-08-27T18:01:35","date_gmt":"2023-08-27T18:01:35","guid":{"rendered":"https:\/\/www.equilac.com\/se-puede-hacer-queso-con-leche-de-yegua\/"},"modified":"2023-09-07T15:00:14","modified_gmt":"2023-09-07T15:00:14","slug":"se-puede-hacer-queso-con-leche-de-yegua","status":"publish","type":"page","link":"https:\/\/www.equilac.com\/es\/se-puede-hacer-queso-con-leche-de-yegua\/","title":{"rendered":"\u00bfSe puede hacer queso con leche de yegua?"},"content":{"rendered":"<p>El queso de leche de yegua es un producto raro y caro debido al menor contenido de grasa y case\u00edna de la leche de yegua. Se necesitan hasta 20 litros de leche de yegua para producir s\u00f3lo un kilogramo de queso.<\/p>\n<p>Dado el precio de la leche de yegua, el queso resulta extremadamente caro. Adem\u00e1s, el proceso de elaboraci\u00f3n del queso, que requiere mucho calor, pierde los beneficios para la salud com\u00fanmente atribuidos a la leche de yegua. Por lo tanto, se recomienda reservar el suministro limitado de leche de yegua para usos orientados a la salud.<\/p>\n<p>La leche de yegua es dif\u00edcil de convertir en queso porque es baja en grasas. Mientras que la leche de vaca y de cabra tiene cuatro veces m\u00e1s grasa, y la leche de b\u00fafala y de oveja siete veces m\u00e1s grasa, la leche de yegua se queda muy atr\u00e1s. Esto conduce a un bajo rendimiento de queso. Para elaborar un kilo de queso se necesitan una media de 10 litros de leche de vaca o 7 litros de leche de oveja.<\/p>\n<p>Adem\u00e1s, la leche de yegua contiene menos prote\u00ednas que la leche de vaca, cabra y oveja. Tiene s\u00f3lo 13 gramos de case\u00edna por litro, una prote\u00edna crucial para la elaboraci\u00f3n del queso, en comparaci\u00f3n con los 25 gramos de la leche de vaca y de cabra, los 35 gramos de la leche de b\u00fafala y los 45 gramos de la leche de oveja.<\/p>\n<p>Debido a estas limitaciones, el queso elaborado con leche de yegua se considera exclusivo y lujoso. A pesar de su escasez y de las complejidades que implica su producci\u00f3n, algunas granjas se especializan en la elaboraci\u00f3n de queso de leche de yegua.<\/p>\n<p>Si bien la leche de yegua tiene varios beneficios para la salud, convertirla en queso es un desaf\u00edo y provoca la p\u00e9rdida de estas propiedades beneficiosas. Sumado a su alto costo y a la importante cantidad de leche necesaria para obtener una peque\u00f1a producci\u00f3n, el queso de leche de yegua sigue siendo una rareza.<\/p>\n","protected":false},"excerpt":{"rendered":"<p>El queso de leche de yegua es un producto raro y caro debido al menor contenido de grasa y case\u00edna de la leche de yegua. Se necesitan hasta 20 litros de leche de yegua para producir s\u00f3lo un kilogramo de queso. Dado el precio de la leche de yegua, el queso resulta extremadamente caro. Adem\u00e1s, [&hellip;]<\/p>\n","protected":false},"author":1,"featured_media":10142,"parent":0,"menu_order":0,"comment_status":"closed","ping_status":"closed","template":"","meta":{"_uf_show_specific_survey":0,"_uf_disable_surveys":false,"footnotes":""},"categories":[160],"tags":[187],"class_list":["post-10132","page","type-page","status-publish","has-post-thumbnail","hentry","category-leche-de-caballo","tag-related-es"],"jetpack_sharing_enabled":true,"_links":{"self":[{"href":"https:\/\/www.equilac.com\/es\/wp-json\/wp\/v2\/pages\/10132","targetHints":{"allow":["GET"]}}],"collection":[{"href":"https:\/\/www.equilac.com\/es\/wp-json\/wp\/v2\/pages"}],"about":[{"href":"https:\/\/www.equilac.com\/es\/wp-json\/wp\/v2\/types\/page"}],"author":[{"embeddable":true,"href":"https:\/\/www.equilac.com\/es\/wp-json\/wp\/v2\/users\/1"}],"replies":[{"embeddable":true,"href":"https:\/\/www.equilac.com\/es\/wp-json\/wp\/v2\/comments?post=10132"}],"version-history":[{"count":0,"href":"https:\/\/www.equilac.com\/es\/wp-json\/wp\/v2\/pages\/10132\/revisions"}],"wp:featuredmedia":[{"embeddable":true,"href":"https:\/\/www.equilac.com\/es\/wp-json\/wp\/v2\/media\/10142"}],"wp:attachment":[{"href":"https:\/\/www.equilac.com\/es\/wp-json\/wp\/v2\/media?parent=10132"}],"wp:term":[{"taxonomy":"category","embeddable":true,"href":"https:\/\/www.equilac.com\/es\/wp-json\/wp\/v2\/categories?post=10132"},{"taxonomy":"post_tag","embeddable":true,"href":"https:\/\/www.equilac.com\/es\/wp-json\/wp\/v2\/tags?post=10132"}],"curies":[{"name":"wp","href":"https:\/\/api.w.org\/{rel}","templated":true}]}}