{"id":11630,"date":"2023-09-18T13:53:19","date_gmt":"2023-09-18T13:53:19","guid":{"rendered":"https:\/\/www.equilac.com\/crema-de-leche-de-yegua-para-pieles-secas-y-sensibles\/"},"modified":"2023-09-29T16:31:21","modified_gmt":"2023-09-29T16:31:21","slug":"crema-de-leche-de-yegua-para-pieles-secas-y-sensibles","status":"publish","type":"page","link":"https:\/\/www.equilac.com\/es\/crema-de-leche-de-yegua-para-pieles-secas-y-sensibles\/","title":{"rendered":"Crema de leche de yegua para pieles secas y sensibles"},"content":{"rendered":"\n<p>La crema de leche de yegua es un <a href=\"https:\/\/www.equilac.com\/es\/productos-de-cuidado-de-la-piel-a-base-de-leche-de-yegua\/\" data-type=\"page\" data-id=\"12268\">producto natural para el cuidado de la piel basado en leche de yegua<\/a>. Es una soluci\u00f3n efectiva para aliviar la psoriasis, el eczema, el acn\u00e9, la piel seca y sensible.<\/p>\n\n\n\n<p>Las cremas a base de leche de yegua est\u00e1n disponibles en diferentes tipos, incluyendo crema de d\u00eda, crema de noche, crema de manos y loci\u00f3n corporal. Son adecuadas para tipos de piel desde seca hasta grasa y pueden aplicarse en el rostro, codos, rodillas y otras \u00e1reas sensibles a la deshidrataci\u00f3n o irritaci\u00f3n. Estas cremas apoyan la capacidad natural de recuperaci\u00f3n de la piel.<\/p>\n\n\n\n<p>La crema de d\u00eda es adecuada para uso general y puede aplicarse por la ma\u00f1ana. Es perfecta para pieles sensibles, secas o agrietadas y proporciona alivio adicional en clima fr\u00edo. La crema de noche nutre tu piel mientras duermes y se absorbe r\u00e1pidamente en la piel sin afectar la capa natural. La crema de manos es de r\u00e1pida absorci\u00f3n y ideal para personas con problemas de piel en las manos.<\/p>\n\n\n\n<p>Hechas con un 100% de leche de yegua natural, estas cremas no contienen parabenos da\u00f1inos. Son pH neutro, mantienen el equilibrio natural del pH de la piel, minimizando el riesgo de deshidrataci\u00f3n y haciendo que la piel sea adecuada para todos los tipos de piel.<\/p>\n\n\n\n<p>Libres de parabenos y otros qu\u00edmicos da\u00f1inos, la vida \u00fatil de estos productos de leche de yegua est\u00e1 asegurada por ingredientes naturales y org\u00e1nicos. Son ideales para uso diario, apoyan el proceso de curaci\u00f3n natural de la piel y pueden usarse como crema o ung\u00fcento.<\/p>\n\n\n\n<p>La crema de leche de yegua har\u00e1 que tu piel sea suave, saludable y hermosa. Es solo para uso externo y es especialmente adecuada para tipos de piel seca y sensible. Para el cuidado adicional del cabello, considera tambi\u00e9n el <a href=\"https:\/\/www.equilac.com\/es\/champu-de-leche-de-yegua-para-cabello-sano\/\" data-type=\"page\" data-id=\"11917\">champ\u00fa de leche de yegua<\/a> para un cabello sano y el <a href=\"https:\/\/www.equilac.com\/es\/jabon-de-leche-de-yegua-para-una-piel-suave\/\" data-type=\"page\" data-id=\"12200\">jab\u00f3n de leche de yegua<\/a> para una piel suave.<\/p>\n","protected":false},"excerpt":{"rendered":"<p>La crema de leche de yegua es un producto natural para el cuidado de la piel basado en leche de yegua. Es una soluci\u00f3n efectiva para aliviar la psoriasis, el eczema, el acn\u00e9, la piel seca y sensible. Las cremas a base de leche de yegua est\u00e1n disponibles en diferentes tipos, incluyendo crema de d\u00eda, [&hellip;]<\/p>\n","protected":false},"author":1,"featured_media":11621,"parent":0,"menu_order":0,"comment_status":"closed","ping_status":"closed","template":"","meta":{"_uf_show_specific_survey":0,"_uf_disable_surveys":false,"footnotes":""},"categories":[160],"tags":[187],"class_list":["post-11630","page","type-page","status-publish","has-post-thumbnail","hentry","category-leche-de-caballo","tag-related-es"],"jetpack_sharing_enabled":true,"_links":{"self":[{"href":"https:\/\/www.equilac.com\/es\/wp-json\/wp\/v2\/pages\/11630","targetHints":{"allow":["GET"]}}],"collection":[{"href":"https:\/\/www.equilac.com\/es\/wp-json\/wp\/v2\/pages"}],"about":[{"href":"https:\/\/www.equilac.com\/es\/wp-json\/wp\/v2\/types\/page"}],"author":[{"embeddable":true,"href":"https:\/\/www.equilac.com\/es\/wp-json\/wp\/v2\/users\/1"}],"replies":[{"embeddable":true,"href":"https:\/\/www.equilac.com\/es\/wp-json\/wp\/v2\/comments?post=11630"}],"version-history":[{"count":2,"href":"https:\/\/www.equilac.com\/es\/wp-json\/wp\/v2\/pages\/11630\/revisions"}],"predecessor-version":[{"id":12746,"href":"https:\/\/www.equilac.com\/es\/wp-json\/wp\/v2\/pages\/11630\/revisions\/12746"}],"wp:featuredmedia":[{"embeddable":true,"href":"https:\/\/www.equilac.com\/es\/wp-json\/wp\/v2\/media\/11621"}],"wp:attachment":[{"href":"https:\/\/www.equilac.com\/es\/wp-json\/wp\/v2\/media?parent=11630"}],"wp:term":[{"taxonomy":"category","embeddable":true,"href":"https:\/\/www.equilac.com\/es\/wp-json\/wp\/v2\/categories?post=11630"},{"taxonomy":"post_tag","embeddable":true,"href":"https:\/\/www.equilac.com\/es\/wp-json\/wp\/v2\/tags?post=11630"}],"curies":[{"name":"wp","href":"https:\/\/api.w.org\/{rel}","templated":true}]}}