{"id":11697,"date":"2023-09-05T17:03:49","date_gmt":"2023-09-05T17:03:49","guid":{"rendered":"https:\/\/www.equilac.com\/que-es-la-psoriasis\/"},"modified":"2023-10-11T16:32:21","modified_gmt":"2023-10-11T16:32:21","slug":"que-es-la-psoriasis","status":"publish","type":"page","link":"https:\/\/www.equilac.com\/es\/que-es-la-psoriasis\/","title":{"rendered":"\u00bfQu\u00e9 es la psoriasis?"},"content":{"rendered":"\n<p>La psoriasis es una afecci\u00f3n cut\u00e1nea cr\u00f3nica caracterizada por manchas de piel enrojecida e inflamada cubiertas de escamas blancas o plateadas. Estas manchas pueden aparecer en cualquier parte del cuerpo, pero se encuentran com\u00fanmente en los codos, las rodillas y el cuero cabelludo. La psoriasis no es contagiosa y no se puede transmitir mediante contacto f\u00edsico.&#13;\n&#13;\n<\/p>\n\n<p>La psoriasis ocurre cuando se acelera el ciclo de vida de las c\u00e9lulas de la piel. Las c\u00e9lulas de la piel crecen, mueren y se caen en un mes. Sin embargo, en el caso de la psoriasis, este proceso se agiliza y dura apenas unos d\u00edas. Esta r\u00e1pida renovaci\u00f3n de las c\u00e9lulas de la piel da como resultado la acumulaci\u00f3n de escamas y manchas rojas. La afecci\u00f3n est\u00e1 relacionada con un sistema inmunol\u00f3gico hiperactivo, aunque su causa exacta a\u00fan no est\u00e1 clara.<\/p>\n\n<p>Existen diferentes tipos de psoriasis, siendo la psoriasis en placas la m\u00e1s com\u00fan. Otras formas incluyen psoriasis guttata, psoriasis inversa, psoriasis pustulosa y psoriasis eritrod\u00e9rmica. Cada tipo tiene sus propios s\u00edntomas, pero todos comparten la caracter\u00edstica com\u00fan de manchas cut\u00e1neas anormales.<\/p>\n\n<p>Aunque no existe cura para la psoriasis, existen tratamientos disponibles para controlar sus s\u00edntomas. Las cremas t\u00f3picas, la fototerapia y los medicamentos se utilizan com\u00fanmente para reducir la inflamaci\u00f3n y la renovaci\u00f3n de las c\u00e9lulas de la piel. Los cambios en el estilo de vida, como el manejo del estr\u00e9s, una dieta equilibrada y ejercicio regular, tambi\u00e9n pueden ayudar a controlar los s\u00edntomas.<\/p>\n\n<p>Varios factores pueden desencadenar o empeorar la psoriasis. Estos incluyen estr\u00e9s, infecciones, lesiones en la piel y ciertos medicamentos. El consumo de alcohol y tabaco tambi\u00e9n se ha relacionado con la gravedad de los s\u00edntomas de la psoriasis. Por lo tanto, evitar estos desencadenantes puede ayudar a controlar los brotes.<\/p>\n\n<p>Si bien la psoriasis puede ser duradera, muchas personas encuentran alivio mediante el tratamiento y cambios en el estilo de vida. Es fundamental consultar a un dermat\u00f3logo para obtener un diagn\u00f3stico preciso y un plan de tratamiento adecuado.<\/p>\n","protected":false},"excerpt":{"rendered":"<p>La psoriasis es una afecci\u00f3n cut\u00e1nea cr\u00f3nica caracterizada por manchas de piel enrojecida e inflamada cubiertas de escamas blancas o plateadas. Estas manchas pueden aparecer en cualquier parte del cuerpo, pero se encuentran com\u00fanmente en los codos, las rodillas y el cuero cabelludo. La psoriasis no es contagiosa y no se puede transmitir mediante contacto [&hellip;]<\/p>\n","protected":false},"author":1,"featured_media":13718,"parent":0,"menu_order":0,"comment_status":"closed","ping_status":"closed","template":"","meta":{"_uf_show_specific_survey":0,"_uf_disable_surveys":false,"footnotes":""},"categories":[],"tags":[180,187],"class_list":["post-11697","page","type-page","status-publish","has-post-thumbnail","hentry","tag-related","tag-related-es"],"jetpack_sharing_enabled":true,"_links":{"self":[{"href":"https:\/\/www.equilac.com\/es\/wp-json\/wp\/v2\/pages\/11697","targetHints":{"allow":["GET"]}}],"collection":[{"href":"https:\/\/www.equilac.com\/es\/wp-json\/wp\/v2\/pages"}],"about":[{"href":"https:\/\/www.equilac.com\/es\/wp-json\/wp\/v2\/types\/page"}],"author":[{"embeddable":true,"href":"https:\/\/www.equilac.com\/es\/wp-json\/wp\/v2\/users\/1"}],"replies":[{"embeddable":true,"href":"https:\/\/www.equilac.com\/es\/wp-json\/wp\/v2\/comments?post=11697"}],"version-history":[{"count":1,"href":"https:\/\/www.equilac.com\/es\/wp-json\/wp\/v2\/pages\/11697\/revisions"}],"predecessor-version":[{"id":13748,"href":"https:\/\/www.equilac.com\/es\/wp-json\/wp\/v2\/pages\/11697\/revisions\/13748"}],"wp:featuredmedia":[{"embeddable":true,"href":"https:\/\/www.equilac.com\/es\/wp-json\/wp\/v2\/media\/13718"}],"wp:attachment":[{"href":"https:\/\/www.equilac.com\/es\/wp-json\/wp\/v2\/media?parent=11697"}],"wp:term":[{"taxonomy":"category","embeddable":true,"href":"https:\/\/www.equilac.com\/es\/wp-json\/wp\/v2\/categories?post=11697"},{"taxonomy":"post_tag","embeddable":true,"href":"https:\/\/www.equilac.com\/es\/wp-json\/wp\/v2\/tags?post=11697"}],"curies":[{"name":"wp","href":"https:\/\/api.w.org\/{rel}","templated":true}]}}