{"id":7654,"date":"2023-08-01T19:04:01","date_gmt":"2023-08-01T19:04:01","guid":{"rendered":"https:\/\/www.equilac.com\/paardenmelk-darmflora\/"},"modified":"2023-10-06T14:47:54","modified_gmt":"2023-10-06T14:47:54","slug":"leche-de-yegua-favorece-la-flora-intestinal","status":"publish","type":"page","link":"https:\/\/www.equilac.com\/es\/leche-de-yegua-favorece-la-flora-intestinal\/","title":{"rendered":"La leche de yegua favorece la flora intestinal"},"content":{"rendered":"<p>La <a href=\"https:\/\/www.equilac.com\/es\/leche-de-yegua\/\">leche de yegua<\/a> favorece la flora intestinal actuando como probi\u00f3tico natural. Ayuda a mantener un equilibrio saludable entre las bacterias buenas y da\u00f1inas en el intestino, lo cual es esencial para una digesti\u00f3n \u00f3ptima, la absorci\u00f3n de nutrientes y la salud en general.<\/p>\n<p>La leche de yegua est\u00e1 repleta de bacterias beneficiosas, lo que la convierte en un potente probi\u00f3tico natural. Estas bacterias contribuyen a la salud de la flora intestinal, tambi\u00e9n llamada microbioma intestinal. Un microbioma intestinal equilibrado es vital para un sistema digestivo que funcione bien, una absorci\u00f3n eficaz de nutrientes y un <a href=\"https:\/\/www.equilac.com\/es\/la-leche-de-yegua-y-el-sistema-inmunologico\/\">sistema inmunol\u00f3gico fuerte<\/a>.<\/p>\n<p>Si su flora intestinal se desequilibra debido a una enfermedad o antibi\u00f3ticos, puede experimentar problemas digestivos como diarrea, estre\u00f1imiento e hinchaz\u00f3n. La leche de yegua puede ayudar a restablecer este equilibrio al reponer las bacterias buenas y ayudar en la eliminaci\u00f3n de desechos. La lactoferrina, una prote\u00edna de la leche de yegua, mejora a\u00fan m\u00e1s sus beneficios al ofrecer propiedades antiinflamatorias y antimicrobianas que combaten las bacterias da\u00f1inas.<\/p>\n<p>Los efectos positivos de la leche de yegua se extienden m\u00e1s all\u00e1 del intestino. Existe una relaci\u00f3n directa entre la salud de su flora intestinal y el estado de su piel, com\u00fanmente conocido como eje intestino-piel. Una flora intestinal desequilibrada puede provocar <a href=\"https:\/\/www.equilac.com\/es\/capsulas-de-leche-de-yegua-para-problemas-de-la-piel\/\">problemas de la piel<\/a> como eccema, psoriasis y acn\u00e9. La leche de yegua act\u00faa desde dentro para mejorar la salud intestinal y las condiciones de la piel.<\/p>\n<p>Para obtener beneficios duraderos para la salud intestinal y de la piel, se recomienda utilizar <a href=\"https:\/\/www.equilac.com\/es\/producto\/capsulas-de-leche-de-yegua\/\">c\u00e1psulas de leche de yegua<\/a> durante al menos tres meses consecutivos. Estas c\u00e1psulas facilitan la incorporaci\u00f3n de leche de yegua a su r\u00e9gimen de salud diario.<\/p>\n<p>La leche de yegua act\u00faa desde dentro para mejorar la flora intestinal, estimulando el sistema inmunol\u00f3gico y promoviendo el bienestar general. Sus propiedades \u00fanicas lo convierten en una excelente soluci\u00f3n natural para diversos problemas de salud, desde trastornos digestivos hasta problemas de la piel. Al promover una flora intestinal saludable, la leche de yegua ayuda a la descomposici\u00f3n y absorci\u00f3n eficiente de los nutrientes, lo que permite un mejor funcionamiento del cuerpo.<\/p>\n","protected":false},"excerpt":{"rendered":"<p>La leche de yegua favorece la flora intestinal actuando como probi\u00f3tico natural. Ayuda a mantener un equilibrio saludable entre las bacterias buenas y da\u00f1inas en el intestino, lo cual es esencial para una digesti\u00f3n \u00f3ptima, la absorci\u00f3n de nutrientes y la salud en general. La leche de yegua est\u00e1 repleta de bacterias beneficiosas, lo que [&hellip;]<\/p>\n","protected":false},"author":1,"featured_media":6196,"parent":0,"menu_order":0,"comment_status":"closed","ping_status":"closed","template":"","meta":{"_uf_show_specific_survey":0,"_uf_disable_surveys":false,"footnotes":""},"categories":[162],"tags":[187],"class_list":["post-7654","page","type-page","status-publish","has-post-thumbnail","hentry","category-flora-intestinal","tag-related-es"],"jetpack_sharing_enabled":true,"_links":{"self":[{"href":"https:\/\/www.equilac.com\/es\/wp-json\/wp\/v2\/pages\/7654","targetHints":{"allow":["GET"]}}],"collection":[{"href":"https:\/\/www.equilac.com\/es\/wp-json\/wp\/v2\/pages"}],"about":[{"href":"https:\/\/www.equilac.com\/es\/wp-json\/wp\/v2\/types\/page"}],"author":[{"embeddable":true,"href":"https:\/\/www.equilac.com\/es\/wp-json\/wp\/v2\/users\/1"}],"replies":[{"embeddable":true,"href":"https:\/\/www.equilac.com\/es\/wp-json\/wp\/v2\/comments?post=7654"}],"version-history":[{"count":1,"href":"https:\/\/www.equilac.com\/es\/wp-json\/wp\/v2\/pages\/7654\/revisions"}],"predecessor-version":[{"id":13385,"href":"https:\/\/www.equilac.com\/es\/wp-json\/wp\/v2\/pages\/7654\/revisions\/13385"}],"wp:featuredmedia":[{"embeddable":true,"href":"https:\/\/www.equilac.com\/es\/wp-json\/wp\/v2\/media\/6196"}],"wp:attachment":[{"href":"https:\/\/www.equilac.com\/es\/wp-json\/wp\/v2\/media?parent=7654"}],"wp:term":[{"taxonomy":"category","embeddable":true,"href":"https:\/\/www.equilac.com\/es\/wp-json\/wp\/v2\/categories?post=7654"},{"taxonomy":"post_tag","embeddable":true,"href":"https:\/\/www.equilac.com\/es\/wp-json\/wp\/v2\/tags?post=7654"}],"curies":[{"name":"wp","href":"https:\/\/api.w.org\/{rel}","templated":true}]}}