{"id":7778,"date":"2023-06-27T04:03:08","date_gmt":"2023-06-27T04:03:08","guid":{"rendered":"https:\/\/www.equilac.com\/paardenmelk-bijwerkingen\/"},"modified":"2023-09-07T15:00:13","modified_gmt":"2023-09-07T15:00:13","slug":"leche-de-yegua-y-posibles-efectos-secundarios","status":"publish","type":"page","link":"https:\/\/www.equilac.com\/es\/leche-de-yegua-y-posibles-efectos-secundarios\/","title":{"rendered":"\u00bfEs segura la leche de yegua? Desventajas y efectos secundarios explicados"},"content":{"rendered":"<p>Para algunos usuarios, las molestias pueden empeorar en el primer mes despu\u00e9s de comenzar con la <a href=\"https:\/\/www.equilac.com\/es\/\">leche de yegua<\/a>. Adem\u00e1s, la leche de yegua contiene lactosa, lo que puede ser un problema para las personas al\u00e9rgicas a la lactosa. Tampoco se recomienda durante el embarazo.<\/p>\n<p>La leche de yegua es generalmente segura, pero a pesar de los beneficios para la salud de la leche de yegua, es importante conocer los posibles efectos secundarios y desventajas.<\/p>\n<p>En caso de intolerancia a la lactosa, es importante consultar a un m\u00e9dico antes de comenzar con la leche de yegua. Tambi\u00e9n es posible que tus molestias empeoren temporalmente porque tu cuerpo reacciona a la ingesta de nuevas sustancias. Esto suele ser temporal y significa que el cuerpo est\u00e1 ocupado eliminando desechos.<\/p>\n<p>Tampoco se recomienda usar leche de yegua si es al\u00e9rgico a los caballos. En ese caso, pueden ocurrir reacciones al\u00e9rgicas graves, que solo empeoran la situaci\u00f3n. Si tiene alergia a los caballos, es crucial considerar tratamientos alternativos y consultar a un experto para obtener asesoramiento personalizado.<\/p>\n<p><strong>\u00bfQuieres saber m\u00e1s sobre la leche de yegua?<\/strong><\/p>\n<ul>\n<li><a href=\"https:\/\/www.equilac.com\/es\/leche-de-yegua-y-lactosa\/\">La leche de yegua no contiene lactosa<\/a><\/li>\n<li><a href=\"https:\/\/www.equilac.com\/es\/composicion-de-la-leche-de-yegua\/\">Qu\u00e9 hay en la leche de yegua<\/a><\/li>\n<\/ul>\n<p>El punto importante es que la leche de yegua necesita una cierta cantidad de tiempo para ser efectiva. Algunos usuarios piensan que la leche de yegua no funciona porque deben probarla por m\u00e1s tiempo. El periodo de ingesta recomendado suele ser de tres meses, durante los cuales se recomienda tomar dos c\u00e1psulas al d\u00eda. Si hace esto, puede estar satisfecho con los resultados.<\/p>\n<p>La leche de yegua act\u00faa desde el interior y puede aliviar diversas dolencias. Sin embargo, elegir una c\u00e1psula de leche de yegua de alta calidad es esencial. Hay muchos tipos diferentes en el mercado, y no todos contienen una dosis alta de leche de yegua en polvo concentrada.<\/p>\n","protected":false},"excerpt":{"rendered":"<p>Para algunos usuarios, las molestias pueden empeorar en el primer mes despu\u00e9s de comenzar con la leche de yegua. Adem\u00e1s, la leche de yegua contiene lactosa, lo que puede ser un problema para las personas al\u00e9rgicas a la lactosa. Tampoco se recomienda durante el embarazo. La leche de yegua es generalmente segura, pero a pesar [&hellip;]<\/p>\n","protected":false},"author":1,"featured_media":1240,"parent":0,"menu_order":0,"comment_status":"closed","ping_status":"closed","template":"","meta":{"_uf_show_specific_survey":0,"_uf_disable_surveys":false,"footnotes":""},"categories":[221],"tags":[187],"class_list":["post-7778","page","type-page","status-publish","has-post-thumbnail","hentry","category-gebruik","tag-related-es"],"jetpack_sharing_enabled":true,"_links":{"self":[{"href":"https:\/\/www.equilac.com\/es\/wp-json\/wp\/v2\/pages\/7778","targetHints":{"allow":["GET"]}}],"collection":[{"href":"https:\/\/www.equilac.com\/es\/wp-json\/wp\/v2\/pages"}],"about":[{"href":"https:\/\/www.equilac.com\/es\/wp-json\/wp\/v2\/types\/page"}],"author":[{"embeddable":true,"href":"https:\/\/www.equilac.com\/es\/wp-json\/wp\/v2\/users\/1"}],"replies":[{"embeddable":true,"href":"https:\/\/www.equilac.com\/es\/wp-json\/wp\/v2\/comments?post=7778"}],"version-history":[{"count":0,"href":"https:\/\/www.equilac.com\/es\/wp-json\/wp\/v2\/pages\/7778\/revisions"}],"wp:featuredmedia":[{"embeddable":true,"href":"https:\/\/www.equilac.com\/es\/wp-json\/wp\/v2\/media\/1240"}],"wp:attachment":[{"href":"https:\/\/www.equilac.com\/es\/wp-json\/wp\/v2\/media?parent=7778"}],"wp:term":[{"taxonomy":"category","embeddable":true,"href":"https:\/\/www.equilac.com\/es\/wp-json\/wp\/v2\/categories?post=7778"},{"taxonomy":"post_tag","embeddable":true,"href":"https:\/\/www.equilac.com\/es\/wp-json\/wp\/v2\/tags?post=7778"}],"curies":[{"name":"wp","href":"https:\/\/api.w.org\/{rel}","templated":true}]}}